{"id":13808,"date":"2017-02-06T09:39:44","date_gmt":"2017-02-06T12:39:44","guid":{"rendered":"http:\/\/creapb.org.br\/?page_id=13808"},"modified":"2025-12-04T14:00:24","modified_gmt":"2025-12-04T17:00:24","slug":"ouvidoria","status":"publish","type":"page","link":"https:\/\/creapb.org.br\/site\/ouvidoria\/","title":{"rendered":"Ouvidoria"},"content":{"rendered":"<p>Prezado cidad\u00e3o e cidad\u00e3,<\/p>\n<p>A Ouvidoria \u00e9 um importante instrumento de Controle e Participa\u00e7\u00e3o Social, respons\u00e1vel pelo tratamento de reclama\u00e7\u00e3o, solicita\u00e7\u00e3o, den\u00fancia, sugest\u00e3o e elogio relativo ao aprimoramento da Gest\u00e3o P\u00fablica, conforme disposto nos arts. 9\u00ba, 10 e 13 da Lei n\u00ba 13.460\/2017.<\/p>\n<p>\u00c9 com grande satisfa\u00e7\u00e3o que apresentamos este canal de intera\u00e7\u00e3o para voc\u00ea cidad\u00e3o-usu\u00e1rio, enviar as suas manifesta\u00e7\u00f5es que digam respeito ao servi\u00e7o prestado pelo CREA\/PB.<\/p>\n<p><b>E-MAIL:<\/b> ouvidoria@creapb.org.br<br \/>\n<b>TELEFONE:<\/b> (83) 3533-2510 ou 3533-2525<br \/>\n<b>PRESENCIAL:<\/b> Av. D. Pedro I, 809 \u2013 Centro, Jo\u00e3o Pessoa\/PB<\/p>\n<p><b>HOR\u00c1RIO DE ATENDIMENTO<\/b><br \/>\nSegunda a Sexta-Feira das 8:00 \u00e0s 16:30.<\/p>\n<div class=\"row\" style=\"margin: 45px 0;\">\n<div class=\"col-sm-3 text-center\">\n<h3><strong>Saiba quais s\u00e3o os tipos de manifesta\u00e7\u00f5es que a Ouvidoria recepciona:<\/strong><\/h3>\n<p><a href=\"https:\/\/falabr.cgu.gov.br\/\"><img fetchpriority=\"high\" decoding=\"async\" class=\"wp-image-24211 size-full aligncenter\" src=\"https:\/\/creapb.org.br\/site\/wp-content\/uploads\/2025\/10\/Wp0rKQ5wlZhYlw61TFotXuuS44hVxNBAurArJrt2-4.png\" alt=\"\" width=\"1051\" height=\"300\" srcset=\"https:\/\/creapb.org.br\/site\/wp-content\/uploads\/2025\/10\/Wp0rKQ5wlZhYlw61TFotXuuS44hVxNBAurArJrt2-4.png 1051w, https:\/\/creapb.org.br\/site\/wp-content\/uploads\/2025\/10\/Wp0rKQ5wlZhYlw61TFotXuuS44hVxNBAurArJrt2-4-300x86.png 300w, https:\/\/creapb.org.br\/site\/wp-content\/uploads\/2025\/10\/Wp0rKQ5wlZhYlw61TFotXuuS44hVxNBAurArJrt2-4-1024x292.png 1024w, https:\/\/creapb.org.br\/site\/wp-content\/uploads\/2025\/10\/Wp0rKQ5wlZhYlw61TFotXuuS44hVxNBAurArJrt2-4-768x219.png 768w\" sizes=\"(max-width: 1051px) 100vw, 1051px\" \/><\/a><\/p>\n<p>A Ouvidoria possui um espa\u00e7o para registro, acompanhamento e o recebimento de respostas de forma segura e simples. \u00c9 a plataforma Fala.BR que foi desenvolvido pela Controladoria-Geral da Uni\u00e3o (CGU). Encaminhe sua manifesta\u00e7\u00e3o para nossa Ouvidoria atrav\u00e9s da plataforma\u00a0<a href=\"https:\/\/falabr.cgu.gov.br\/publico\/Manifestacao\/SelecionarTipoManifestacao.aspx?ReturnUrl=%2f\" target=\"_blank\" rel=\"noopener\" data-cke-saved-href=\"https:\/\/falabr.cgu.gov.br\/publico\/Manifestacao\/SelecionarTipoManifestacao.aspx?ReturnUrl=%2f\">Fala.BR (clique aqui)<\/a>.<\/p>\n<p><a href=\"https:\/\/falabr.cgu.gov.br\/\"><img decoding=\"async\" class=\"wp-image-24212 size-full aligncenter\" src=\"https:\/\/creapb.org.br\/site\/wp-content\/uploads\/2025\/10\/0wkhRhBMLvQ7M35UjMI8wquLsT9Tccd6descV6aI.png\" alt=\"\" width=\"555\" height=\"156\" srcset=\"https:\/\/creapb.org.br\/site\/wp-content\/uploads\/2025\/10\/0wkhRhBMLvQ7M35UjMI8wquLsT9Tccd6descV6aI.png 555w, https:\/\/creapb.org.br\/site\/wp-content\/uploads\/2025\/10\/0wkhRhBMLvQ7M35UjMI8wquLsT9Tccd6descV6aI-300x84.png 300w\" sizes=\"(max-width: 555px) 100vw, 555px\" \/><\/a><\/p>\n<div><strong>Aten\u00e7\u00e3o:<\/strong><\/div>\n<div>Para den\u00fancias de Infra\u00e7\u00e3o ao C\u00f3digo de \u00c9tica Profissional\u00a0a den\u00fancia somente ser\u00e1 recebida quando contiver dados m\u00ednimos do denunciante:<br \/>\n1. Nome;<br \/>\n2. Assinatura;<br \/>\n3. Endere\u00e7o<br \/>\n4. N\u00famero do CNPJ \u2013 Cadastro Nacional de Pessoas Jur\u00eddicas, se pessoa jur\u00eddica ou CPF \u2013 Cadastro de Pessoas F\u00edsicas, n\u00famero do RG \u2013 Registro Geral, se pessoa f\u00edsica,<br \/>\n5. Estiver acompanhada de elementos ou ind\u00edcios comprobat\u00f3rios do fato alegado.Conforme previs\u00e3o no artigo 7\u00ba, inciso 2\u00ba, da\u00a0<a href=\"https:\/\/creapb.org.br\/site\/wp-content\/uploads\/2025\/10\/RESOLUCAO-1004-03-1.pdf\">Resolu\u00e7\u00e3o 1.004\/03<\/a>.<\/p>\n<\/div>\n<h1>Miss\u00e3o<\/h1>\n<p>Assegurar o direito do cidad\u00e3o-usu\u00e1rio de ter acesso aos servi\u00e7os prestados pelo CREA\/PB.<\/p>\n<\/div>\n<div class=\"col-sm-3 text-center\">\n<h3>Objetivo<\/h3>\n<p>Promover o acolhimento do cidad\u00e3o-usu\u00e1rio como sujeito pleno de direitos, atuando atrav\u00e9s da media\u00e7\u00e3o e do di\u00e1logo permanente.<\/p>\n<\/div>\n<div class=\"col-sm-3 text-center\">\n<h3>Vis\u00e3o<\/h3>\n<p>Ser agente de plena satisfa\u00e7\u00e3o do cidad\u00e3o-usu\u00e1rio dos servi\u00e7os do CREA\/PB.<\/p>\n<\/div>\n<div class=\"col-sm-3 text-center\">\n<h3>Princ\u00edpios B\u00e1sicos<\/h3>\n<p>Independ\u00eancia<br \/>\nImparcialidade<br \/>\nAutonomia<br \/>\nSigilo<br \/>\nOrganiza\u00e7\u00e3o<br \/>\nCompromisso<br \/>\nSensibilidade<\/p>\n<p><strong>Respons\u00e1vel pela Ouvidoria do Crea-PB:<\/strong><\/p>\n<p>Eng\u00aa. Alm\u00e9ria Carniato<br \/>\nOuvidora<\/p>\n<\/div>\n<\/div>\n","protected":false},"excerpt":{"rendered":"<p>Prezado cidad\u00e3o e cidad\u00e3, A Ouvidoria \u00e9 um importante instrumento de Controle e Participa\u00e7\u00e3o Social, respons\u00e1vel pelo tratamento de reclama\u00e7\u00e3o, solicita\u00e7\u00e3o, den\u00fancia, sugest\u00e3o e elogio relativo ao aprimoramento da Gest\u00e3o P\u00fablica, conforme disposto nos arts. 9\u00ba, 10 e 13 da Lei n\u00ba 13.460\/2017. \u00c9 com grande satisfa\u00e7\u00e3o que apresentamos este canal de intera\u00e7\u00e3o para voc\u00ea cidad\u00e3o-usu\u00e1rio, enviar as suas manifesta\u00e7\u00f5es que digam respeito ao servi\u00e7o prestado pelo CREA\/PB. E-MAIL: ouvidoria@creapb.org.br TELEFONE: (83) 3533-2510 ou 3533-2525 PRESENCIAL: Av. D. Pedro I, 809 \u2013 Centro, Jo\u00e3o Pessoa\/PB HOR\u00c1RIO DE ATENDIMENTO Segunda a Sexta-Feira das 8:00 \u00e0s 16:30. Saiba quais s\u00e3o os tipos [&hellip;]<\/p>\n","protected":false},"author":1,"featured_media":0,"parent":0,"menu_order":0,"comment_status":"closed","ping_status":"closed","template":"","meta":{"_acf_changed":false,"footnotes":""},"class_list":["post-13808","page","type-page","status-publish","hentry"],"acf":[],"_links":{"self":[{"href":"https:\/\/creapb.org.br\/site\/wp-json\/wp\/v2\/pages\/13808","targetHints":{"allow":["GET"]}}],"collection":[{"href":"https:\/\/creapb.org.br\/site\/wp-json\/wp\/v2\/pages"}],"about":[{"href":"https:\/\/creapb.org.br\/site\/wp-json\/wp\/v2\/types\/page"}],"author":[{"embeddable":true,"href":"https:\/\/creapb.org.br\/site\/wp-json\/wp\/v2\/users\/1"}],"replies":[{"embeddable":true,"href":"https:\/\/creapb.org.br\/site\/wp-json\/wp\/v2\/comments?post=13808"}],"version-history":[{"count":21,"href":"https:\/\/creapb.org.br\/site\/wp-json\/wp\/v2\/pages\/13808\/revisions"}],"predecessor-version":[{"id":24372,"href":"https:\/\/creapb.org.br\/site\/wp-json\/wp\/v2\/pages\/13808\/revisions\/24372"}],"wp:attachment":[{"href":"https:\/\/creapb.org.br\/site\/wp-json\/wp\/v2\/media?parent=13808"}],"curies":[{"name":"wp","href":"https:\/\/api.w.org\/{rel}","templated":true}]}}