{"id":13816,"date":"2017-02-06T13:50:23","date_gmt":"2017-02-06T16:50:23","guid":{"rendered":"http:\/\/creapb.org.br\/?page_id=13816"},"modified":"2025-09-19T14:50:34","modified_gmt":"2025-09-19T17:50:34","slug":"denuncia-online","status":"publish","type":"page","link":"https:\/\/creapb.org.br\/site\/denuncia-online\/","title":{"rendered":"Den\u00fancia de Obras\/Servi\u00e7os de Engenharia"},"content":{"rendered":"<div class=\"row\">\n<div class=\"col-sm-6\">\n<div class=\"wpcf7 no-js\" id=\"wpcf7-f13815-o1\" lang=\"pt-BR\" dir=\"ltr\" data-wpcf7-id=\"13815\">\n<div class=\"screen-reader-response\"><p role=\"status\" aria-live=\"polite\" aria-atomic=\"true\"><\/p> <ul><\/ul><\/div>\n<form action=\"\/site\/wp-json\/wp\/v2\/pages\/13816#wpcf7-f13815-o1\" method=\"post\" class=\"wpcf7-form init\" aria-label=\"Formul\u00e1rios de contato\" novalidate=\"novalidate\" data-status=\"init\">\n<fieldset class=\"hidden-fields-container\"><input type=\"hidden\" name=\"_wpcf7\" value=\"13815\" \/><input type=\"hidden\" name=\"_wpcf7_version\" value=\"6.1.5\" \/><input type=\"hidden\" name=\"_wpcf7_locale\" value=\"pt_BR\" \/><input type=\"hidden\" name=\"_wpcf7_unit_tag\" value=\"wpcf7-f13815-o1\" \/><input type=\"hidden\" name=\"_wpcf7_container_post\" value=\"0\" \/><input type=\"hidden\" name=\"_wpcf7_posted_data_hash\" value=\"\" \/>\n<\/fieldset>\n<p><label for=\"endereco-obra\">Endere\u00e7o da obra<\/label><br \/>\n<span class=\"wpcf7-form-control-wrap\" data-name=\"endereco-obra\"><input size=\"40\" maxlength=\"400\" class=\"wpcf7-form-control wpcf7-text wpcf7-validates-as-required form-control\" id=\"endereco-obra\" aria-required=\"true\" aria-invalid=\"false\" value=\"\" type=\"text\" name=\"endereco-obra\" \/><\/span>\n<\/p>\n<p><label for=\"bairro\">Bairro<\/label><br \/>\n<span class=\"wpcf7-form-control-wrap\" data-name=\"bairro\"><input size=\"40\" maxlength=\"400\" class=\"wpcf7-form-control wpcf7-text wpcf7-validates-as-required form-control\" id=\"bairro\" aria-required=\"true\" aria-invalid=\"false\" value=\"\" type=\"text\" name=\"bairro\" \/><\/span>\n<\/p>\n<p><label for=\"cidade\">Cidade:<\/label><br \/>\n<span class=\"wpcf7-form-control-wrap\" data-name=\"cidade\"><input size=\"40\" maxlength=\"400\" class=\"wpcf7-form-control wpcf7-text wpcf7-validates-as-required form-control\" id=\"cidade\" aria-required=\"true\" aria-invalid=\"false\" value=\"\" type=\"text\" name=\"cidade\" \/><\/span>\n<\/p>\n<p><label for=\"cep\">Cep:<\/label><br \/>\n<span class=\"wpcf7-form-control-wrap\" data-name=\"cep\"><input size=\"40\" maxlength=\"400\" class=\"wpcf7-form-control wpcf7-text wpcf7-validates-as-required form-control\" id=\"cep\" aria-required=\"true\" aria-invalid=\"false\" value=\"\" type=\"text\" name=\"cep\" \/><\/span>\n<\/p>\n<p><label for=\"ponto-referencia\">Ponto de Refer\u00eancia:<\/label><br \/>\n<span class=\"wpcf7-form-control-wrap\" data-name=\"ponto-referencia\"><textarea cols=\"40\" rows=\"10\" maxlength=\"2000\" class=\"wpcf7-form-control wpcf7-textarea form-control\" id=\"ponto-referencia\" aria-invalid=\"false\" name=\"ponto-referencia\"><\/textarea><\/span>\n<\/p>\n<p><label>Tipo de obra:<\/label>\n<\/p>\n<fieldset>\n\t<p><span class=\"wpcf7-form-control-wrap\" data-name=\"tipo-de-obra\"><span class=\"wpcf7-form-control wpcf7-radio\"><span class=\"wpcf7-list-item first\"><label><input type=\"radio\" name=\"tipo-de-obra\" value=\"Civil\" \/><span class=\"wpcf7-list-item-label\">Civil<\/span><\/label><\/span><span class=\"wpcf7-list-item\"><label><input type=\"radio\" name=\"tipo-de-obra\" value=\"Agronomia\" \/><span class=\"wpcf7-list-item-label\">Agronomia<\/span><\/label><\/span><span class=\"wpcf7-list-item\"><label><input type=\"radio\" name=\"tipo-de-obra\" value=\"Mec\u00e2nica\" \/><span class=\"wpcf7-list-item-label\">Mec\u00e2nica<\/span><\/label><\/span><span class=\"wpcf7-list-item\"><label><input type=\"radio\" name=\"tipo-de-obra\" value=\"El\u00e9trica\" \/><span class=\"wpcf7-list-item-label\">El\u00e9trica<\/span><\/label><\/span><span class=\"wpcf7-list-item last\"><label><input type=\"radio\" name=\"tipo-de-obra\" value=\"Outras\" \/><span class=\"wpcf7-list-item-label\">Outras<\/span><\/label><\/span><\/span><\/span>\n\t<\/p>\n<\/fieldset>\n<p><label for=\"proprietario\">Propriet\u00e1rio:<\/label><br \/>\n<span class=\"wpcf7-form-control-wrap\" data-name=\"proprietario\"><input size=\"40\" maxlength=\"400\" class=\"wpcf7-form-control wpcf7-text wpcf7-validates-as-required form-control\" id=\"proprietario\" aria-required=\"true\" aria-invalid=\"false\" value=\"\" type=\"text\" name=\"proprietario\" \/><\/span>\n<\/p>\n<p><label >Situa\u00e7\u00e3o da Obra:<\/label>\n<\/p>\n<fieldset>\n\t<p><span class=\"wpcf7-form-control-wrap\" data-name=\"situacao-da-obra\"><span class=\"wpcf7-form-control wpcf7-radio\"><span class=\"wpcf7-list-item first\"><label><input type=\"radio\" name=\"situacao-da-obra\" value=\"Em andamento\" \/><span class=\"wpcf7-list-item-label\">Em andamento<\/span><\/label><\/span><span class=\"wpcf7-list-item\"><label><input type=\"radio\" name=\"situacao-da-obra\" value=\"Abandonada\" \/><span class=\"wpcf7-list-item-label\">Abandonada<\/span><\/label><\/span><span class=\"wpcf7-list-item\"><label><input type=\"radio\" name=\"situacao-da-obra\" value=\"El\u00e9trica\" \/><span class=\"wpcf7-list-item-label\">El\u00e9trica<\/span><\/label><\/span><span class=\"wpcf7-list-item last\"><label><input type=\"radio\" name=\"situacao-da-obra\" value=\"Risco Eminente\" \/><span class=\"wpcf7-list-item-label\">Risco Eminente<\/span><\/label><\/span><\/span><\/span>\n\t<\/p>\n<\/fieldset>\n<p><label for=\"telefone\">Telefone<\/label><br \/>\n<span class=\"wpcf7-form-control-wrap\" data-name=\"telefone\"><input size=\"40\" maxlength=\"400\" class=\"wpcf7-form-control wpcf7-text form-control\" aria-invalid=\"false\" value=\"\" type=\"text\" name=\"telefone\" \/><\/span>\n<\/p>\n<p><label for=\"email\">E-mail<\/label><br \/>\n<span class=\"wpcf7-form-control-wrap\" data-name=\"email\"><input size=\"40\" maxlength=\"400\" class=\"wpcf7-form-control wpcf7-text wpcf7-validates-as-required form-control\" id=\"email\" aria-required=\"true\" aria-invalid=\"false\" value=\"\" type=\"text\" name=\"email\" \/><\/span>\n<\/p>\n<p><label for=\"observacoes\">Observa\u00e7\u00f5es:<\/label><br \/>\n<span class=\"wpcf7-form-control-wrap\" data-name=\"observacoes\"><textarea cols=\"40\" rows=\"10\" maxlength=\"2000\" class=\"wpcf7-form-control wpcf7-textarea form-control\" id=\"observacoes\" aria-invalid=\"false\" name=\"observacoes\"><\/textarea><\/span>\n<\/p>\n<p><input class=\"wpcf7-form-control wpcf7-submit has-spinner btn btn-info\" id=\"bt-enviar\" type=\"submit\" value=\"ENVIAR\" \/>\n<\/p><div class=\"wpcf7-response-output\" aria-hidden=\"true\"><\/div>\n<\/form>\n<\/div>\n<\/div>\n<div class=\"col-sm-6\"><b>TELEFONE:<\/b> (83) 3533-2525<br \/>\n<b>E-MAIL:<\/b> ouvidoria@creapb.org.br<\/div>\n<div class=\"col-sm-6\"><b>HOR\u00c1RIO DE ATENDIMENTO: <\/b>Segunda \u00e0 Sexta das 08h00 \u00e0s 16h30<\/p>\n<div class=\"maps\"><iframe style=\"border: 0;\" src=\"https:\/\/www.google.com\/maps\/embed?pb=!1m18!1m12!1m3!1d3959.066823295297!2d-34.877343685480014!3d-7.118254971780772!2m3!1f0!2f0!3f0!3m2!1i1024!2i768!4f13.1!3m3!1m2!1s0x7ace7e36f59aeef%3A0xcc1e68bef7f92403!2sCREA+PB!5e0!3m2!1spt-BR!2sbr!4v1486400406412\" width=\"100%\" height=\"450\" frameborder=\"0\" allowfullscreen=\"allowfullscreen\"><\/iframe><\/div>\n<\/div>\n<\/div>\n","protected":false},"excerpt":{"rendered":"<p>TELEFONE: (83) 3533-2525 E-MAIL: ouvidoria@creapb.org.br HOR\u00c1RIO DE ATENDIMENTO: Segunda \u00e0 Sexta das 08h00 \u00e0s 16h30<\/p>\n","protected":false},"author":1,"featured_media":0,"parent":0,"menu_order":0,"comment_status":"closed","ping_status":"closed","template":"","meta":{"_acf_changed":false,"footnotes":""},"class_list":["post-13816","page","type-page","status-publish","hentry"],"acf":[],"_links":{"self":[{"href":"https:\/\/creapb.org.br\/site\/wp-json\/wp\/v2\/pages\/13816","targetHints":{"allow":["GET"]}}],"collection":[{"href":"https:\/\/creapb.org.br\/site\/wp-json\/wp\/v2\/pages"}],"about":[{"href":"https:\/\/creapb.org.br\/site\/wp-json\/wp\/v2\/types\/page"}],"author":[{"embeddable":true,"href":"https:\/\/creapb.org.br\/site\/wp-json\/wp\/v2\/users\/1"}],"replies":[{"embeddable":true,"href":"https:\/\/creapb.org.br\/site\/wp-json\/wp\/v2\/comments?post=13816"}],"version-history":[{"count":10,"href":"https:\/\/creapb.org.br\/site\/wp-json\/wp\/v2\/pages\/13816\/revisions"}],"predecessor-version":[{"id":24129,"href":"https:\/\/creapb.org.br\/site\/wp-json\/wp\/v2\/pages\/13816\/revisions\/24129"}],"wp:attachment":[{"href":"https:\/\/creapb.org.br\/site\/wp-json\/wp\/v2\/media?parent=13816"}],"curies":[{"name":"wp","href":"https:\/\/api.w.org\/{rel}","templated":true}]}}