{"id":13836,"date":"2017-02-20T15:22:53","date_gmt":"2017-02-20T18:22:53","guid":{"rendered":"http:\/\/creapb.org.br\/?page_id=13836"},"modified":"2025-06-17T13:45:37","modified_gmt":"2025-06-17T16:45:37","slug":"instituicoes","status":"publish","type":"page","link":"https:\/\/creapb.org.br\/site\/entidades-e-instituicoes\/instituicoes\/","title":{"rendered":"Institui\u00e7\u00f5es de Ensino"},"content":{"rendered":"<p>*Atualizado em 17\/06\/2025<\/p>\n<h2>IFPB &#8211; Instituto Federal da Para\u00edba<\/h2>\n<h2>\u00a0Campus Jo\u00e3o Pessoa<\/h2>\n<table class=\"table table-striped\">\n<tbody>\n<tr>\n<td width=\"245\"><strong>Cursos<\/strong><\/td>\n<td width=\"182\"><\/td>\n<td width=\"248\"><\/td>\n<td width=\"112\"><\/td>\n<\/tr>\n<tr>\n<td>Engenharia El\u00e9tricaTecnologia em GeoprocessamentoTecnologia em Ger\u00eancia de Obras<\/p>\n<p>Concedido<\/p>\n<p>Tecnologia em Constru\u00e7\u00e3o de Edif\u00edcios<\/p>\n<p>Tecnologia em\u00a0 Telecomunica\u00e7\u00f5es<\/p>\n<p>Tecn\u00f3logo em Automa\u00e7\u00e3o Industrial<\/p>\n<p>Tecnologia\u00a0 em Gest\u00e3o Ambiental<\/p>\n<p>Tecnologia em Redes de Computadores<\/p>\n<p>Tecnologia e design em interiores<\/p>\n<p>T\u00e9cnico em Seguran\u00e7a do Trabalho<\/p>\n<p>Mestrado em Engenharia El\u00e9trica<\/td>\n<td><\/td>\n<td><\/td>\n<td><\/td>\n<\/tr>\n<tr>\n<td><\/td>\n<td><\/td>\n<td><\/td>\n<td><\/td>\n<\/tr>\n<tr>\n<td><\/td>\n<\/tr>\n<\/tbody>\n<\/table>\n<table class=\"table table-striped\" style=\"height: 32px;\" width=\"827\">\n<tbody>\n<tr>\n<td>\n<h2><b>Campus Cajazeiras\u00a0<\/b><\/h2>\n<\/td>\n<\/tr>\n<\/tbody>\n<\/table>\n<table class=\"table table-striped\" style=\"height: 41px;\" width=\"826\">\n<tbody>\n<tr>\n<td>Tecnologia em Automo\u00e7\u00e3o IndustrialEngenharia Civil<\/td>\n<\/tr>\n<\/tbody>\n<\/table>\n<table class=\"table table-striped\" style=\"height: 32px;\" width=\"827\">\n<tbody>\n<tr>\n<td>\n<h2><b>Campus Souza<\/b><\/h2>\n<\/td>\n<\/tr>\n<\/tbody>\n<\/table>\n<table class=\"table table-striped\" style=\"height: 41px;\" width=\"826\">\n<tbody>\n<tr>\n<td>Tecnologia em AlimentosTecnologia em Agroecologia<\/td>\n<td><\/td>\n<\/tr>\n<\/tbody>\n<\/table>\n<table class=\"table table-striped\" style=\"height: 32px;\" width=\"827\">\n<tbody>\n<tr>\n<td>\n<h2><b>Campus Campina Grande<\/b><\/h2>\n<\/td>\n<\/tr>\n<\/tbody>\n<\/table>\n<table class=\"table table-striped\" style=\"height: 49px;\" width=\"825\">\n<tbody>\n<tr>\n<td>Tecnologia\u00a0em Constru\u00e7\u00e3o de Edif\u00edcios<\/td>\n<\/tr>\n<\/tbody>\n<\/table>\n<table class=\"table table-striped\" style=\"height: 32px;\" width=\"827\">\n<tbody>\n<tr>\n<td>\n<h2><b>Campus\u00a0Picu\u00ed<\/b><\/h2>\n<\/td>\n<td><\/td>\n<\/tr>\n<\/tbody>\n<\/table>\n<table class=\"table table-striped\" style=\"height: 49px;\" width=\"825\">\n<tbody>\n<tr>\n<td>Tecnologia em Agroecologia<\/td>\n<td><\/td>\n<\/tr>\n<\/tbody>\n<\/table>\n<table class=\"table table-striped\" style=\"height: 32px;\" width=\"827\">\n<tbody>\n<tr>\n<td>\n<h2><b>Campus\u00a0Princesa Isabel<\/b><\/h2>\n<\/td>\n<td><\/td>\n<\/tr>\n<\/tbody>\n<\/table>\n<table class=\"table table-striped\" style=\"height: 49px;\" width=\"825\">\n<tbody>\n<tr>\n<td>Tecnologia em Gest\u00e3o Ambiental<\/td>\n<\/tr>\n<\/tbody>\n<\/table>\n<table class=\"table table-striped\" style=\"height: 32px;\" width=\"827\">\n<tbody>\n<tr>\n<td>\n<h2><b>Campus\u00a0Monteiro\u00a0<\/b><\/h2>\n<\/td>\n<td><\/td>\n<\/tr>\n<\/tbody>\n<\/table>\n<table class=\"table table-striped\" style=\"height: 49px;\" width=\"825\">\n<tbody>\n<tr>\n<td>T\u00e9cnico em Constru\u00e7\u00e3o de Edif\u00edcios<\/td>\n<\/tr>\n<\/tbody>\n<\/table>\n<h1><\/h1>\n<table class=\"table table-striped\" style=\"height: 32px;\" width=\"827\">\n<tbody>\n<tr>\n<td>\n<h2><b>Campus\u00a0Patos\u00a0<\/b><\/h2>\n<\/td>\n<\/tr>\n<\/tbody>\n<\/table>\n<h1><\/h1>\n<table class=\"table table-striped\" style=\"height: 49px;\" width=\"825\">\n<tbody>\n<tr>\n<td>T\u00e9cnico em Seguran\u00e7a do Trabalho<\/td>\n<\/tr>\n<\/tbody>\n<\/table>\n<h2><strong><br \/>\nSENAI<\/strong><\/h2>\n<h2><strong>Campus Jo\u00e3o Pessoa<\/strong><\/h2>\n<table class=\"table table-striped\" style=\"height: 36px;\" width=\"828\">\n<tbody>\n<tr>\n<td>T\u00e9cnico em Seguran\u00e7a do Trabalho<\/td>\n<td><\/td>\n<td><\/td>\n<\/tr>\n<\/tbody>\n<\/table>\n<h2><strong>Campus\u00a0Campina Grande<\/strong><\/h2>\n<table class=\"table table-striped\" style=\"height: 36px;\" width=\"828\">\n<tbody>\n<tr>\n<td>T\u00e9cnico em Seguran\u00e7a do Trabalho<\/td>\n<td><\/td>\n<td><\/td>\n<\/tr>\n<\/tbody>\n<\/table>\n<h2><\/h2>\n<h2><strong>UNEPI &#8211; UNI\u00c3O DE ENSINO E PESQUISA INTEGRADA LTDA ME ESCOLA T\u00c9CNICA E CAPACITA\u00c7\u00c3O\u00a0<\/strong><\/h2>\n<table class=\"table table-striped\" style=\"height: 36px;\" width=\"828\">\n<tbody>\n<tr>\n<td>T\u00e9cnico em seguran\u00e7a do Trabalho<\/td>\n<td><\/td>\n<\/tr>\n<\/tbody>\n<\/table>\n<h2><\/h2>\n<h2><strong>FUNETEC &#8211; FUNDA\u00c7\u00c3O DE EDUCA\u00c7\u00c3O TECNOL\u00d3GICA E CULTURAL DA PARA\u00cdBA\u00a0<\/strong><\/h2>\n<table class=\"table table-striped\" style=\"height: 36px;\" width=\"828\">\n<tbody>\n<tr>\n<td>T\u00e9cnico em Seguran\u00e7a do Trabalho<\/td>\n<td><\/td>\n<\/tr>\n<\/tbody>\n<\/table>\n<h2>\u00a0<strong><br \/>\nINSTITUTO TECNOL\u00d3GICO DA PARA\u00cdBA\u00a0<\/strong><\/h2>\n<table class=\"table table-striped\" style=\"height: 65px;\" width=\"824\">\n<tbody>\n<tr>\n<td>T\u00e9cnico em Seguran\u00e7a do Trabalho<\/td>\n<\/tr>\n<\/tbody>\n<\/table>\n<h2><strong>CEPEP &#8211; CENTRO DE PROFISSIONALIZA\u00c7\u00c3O E EDUCA\u00c7\u00c3O DA PARA\u00cdBA LTDA\u00a0<\/strong><\/h2>\n<h2><strong>Campus\u00a0Campina Grande\u00a0<\/strong><\/h2>\n<table class=\"table table-striped\" style=\"height: 36px;\" width=\"828\">\n<tbody>\n<tr>\n<td>T\u00e9cnico em Seguran\u00e7a do Trabalho<\/td>\n<\/tr>\n<\/tbody>\n<\/table>\n<h2><\/h2>\n<h2><strong>SEACRE &#8211; SERV. DE ASSESSORIA EM RECURSOS HUMANOS E EDUC. PROF. DE N\u00cdVEL T\u00c9CNICO LTDA<\/strong><\/h2>\n<table class=\"table table-striped\" style=\"height: 36px;\" width=\"828\">\n<tbody>\n<tr>\n<td>T\u00e9cnico em Seguran\u00e7a do Trabalho<\/td>\n<\/tr>\n<\/tbody>\n<\/table>\n<h2><\/h2>\n<h2><strong>IEPB &#8211; INSTITUTO DE EDUCA\u00c7\u00c3O PARTICULAR BRASILEIRO EIRELI ME\u00a0<\/strong><\/h2>\n<h2><strong>Campus\u00a0Campina Grande\u00a0<\/strong><\/h2>\n<table class=\"table table-striped\" style=\"height: 36px;\" width=\"828\">\n<tbody>\n<tr>\n<td>T\u00e9cnico em Seguran\u00e7a do Trabalho<\/td>\n<\/tr>\n<\/tbody>\n<\/table>\n<h2><\/h2>\n<h2><b>UFPB &#8211; Universidade Federal da Para\u00edba<\/b><\/h2>\n<h2><b> Campus Jo\u00e3o Pessoa<\/b><\/h2>\n<table class=\"table table-striped\">\n<tbody>\n<tr>\n<td width=\"245\"><strong>Cursos<\/strong><\/td>\n<td width=\"406\"><\/td>\n<td width=\"248\"><\/td>\n<td width=\"561\"><\/td>\n<\/tr>\n<tr>\n<td>Engenharia CivilEngenharia de AlimentosAgronomia<\/p>\n<p>Tecnologia em Cooperativismo<\/p>\n<p>Engenharia Mec\u00e2nica<\/p>\n<p>Engenharia El\u00e9trica<\/p>\n<p>Bacharelado em Geografia<\/p>\n<p>Engenharia Ambiental<\/p>\n<p>Engenharia de Produ\u00e7\u00e3o<\/p>\n<p>Engenharia de Produ\u00e7\u00e3o Mec\u00e2nica<\/p>\n<p>Engenharia Qu\u00edmica<\/p>\n<p>Engenharia de Energia<\/p>\n<p>Especializa\u00e7\u00e3o em Engenharia de Seguran\u00e7a do Trabalho<\/p>\n<p>Engenharia da Computa\u00e7\u00e3o<\/td>\n<td><\/td>\n<td><\/td>\n<td><\/td>\n<\/tr>\n<\/tbody>\n<\/table>\n<h2><b>UFCG &#8211; UNIVERSIDADE FEDERAL DE CAMPINA GRANDE\u00a0<\/b><\/h2>\n<h2><b>Campus Campina Grande<\/b><b><br \/>\n<\/b><b>\u00a0<\/b><\/h2>\n<table class=\"table table-striped\" style=\"height: 48px;\" width=\"821\">\n<tbody>\n<tr>\n<td rowspan=\"5\">MeteorologiaEngenharia de AlimentosEngenharia de Minas<\/p>\n<p>Engenharia Mec\u00e2nica<\/p>\n<p>Engenharia de Petr\u00f3leo<\/p>\n<p>Engenharia Agr\u00edcola<\/p>\n<p>Engenharia de Materiais<\/p>\n<p>Engenharia Qu\u00edmica<\/p>\n<p>Engenharia de Produ\u00e7\u00e3o<\/p>\n<p>Engenharia Civil<\/p>\n<p>Engenharia El\u00e9trica<\/p>\n<p>Engenharia Florestal<\/p>\n<p>Agronomia<\/p>\n<p>P\u00f3s-gradua\u00e7\u00e3o em Engenharia Agr\u00edcola<\/td>\n<td><\/td>\n<td><\/td>\n<td><\/td>\n<td><\/td>\n<\/tr>\n<\/tbody>\n<\/table>\n<h2><b>UFCG &#8211; Universidade Federal de Campina Grande<\/b><\/h2>\n<h2><b>Campus Sum\u00e9<\/b><\/h2>\n<table class=\"table table-striped\" style=\"height: 47px;\" width=\"817\">\n<tbody>\n<tr>\n<td>Engenharia de BiossistemasConcedidoEngenharia Agr\u00edcola<\/p>\n<p>Engenharia de Biotecnologia e Bioprocessos<\/p>\n<p>Tecnologia em Agroecologia<\/p>\n<p>Engenharia de Produ\u00e7\u00e3o<\/td>\n<td><\/td>\n<td><\/td>\n<\/tr>\n<\/tbody>\n<\/table>\n<h2><b>UFCG &#8211; Universidade Federal de Campina Grande<\/b><\/h2>\n<h2><b>Campus\u00a0Patos<\/b><\/h2>\n<table class=\"table table-striped\" style=\"height: 47px;\" width=\"817\">\n<tbody>\n<tr>\n<td>Engenharia Florestal<\/td>\n<td><\/td>\n<td><\/td>\n<\/tr>\n<\/tbody>\n<\/table>\n<h2><b>UFCG &#8211; Universidade Federal de Campina Grande<\/b><\/h2>\n<h2><b>Campus\u00a0Pombal<\/b><\/h2>\n<table class=\"table table-striped\" style=\"height: 47px;\" width=\"817\">\n<tbody>\n<tr>\n<td>Engenharia AmbientalEngenharia de AlimentosAgronomia<\/p>\n<p>Engenharia Civil<\/td>\n<td><\/td>\n<td><\/td>\n<\/tr>\n<\/tbody>\n<\/table>\n<h2><strong>IESP &#8211; INSTITUTO DE EDUCA\u00c7\u00c3O SUPERIOR DA PARA\u00cdBA<\/strong><\/h2>\n<table class=\"table table-striped\" style=\"height: 47px;\" width=\"817\">\n<tbody>\n<tr>\n<td>Engenharia de Produ\u00e7\u00e3oEspecializa\u00e7\u00e3o em Engenharia\u00a0 de Seguran\u00e7a do Trabalho<\/td>\n<td><\/td>\n<td><\/td>\n<\/tr>\n<\/tbody>\n<\/table>\n<h2><strong>UNIP\u00ca &#8211; Centro Universit\u00e1rio de Jo\u00e3o Pessoa<\/strong><\/h2>\n<table class=\"table table-striped\" style=\"height: 47px;\" width=\"817\">\n<tbody>\n<tr>\n<td>Engenharia CivilBacharelado em GeografiaEspecializa\u00e7\u00e3o. em Engenharia de Seguran\u00e7a do Trabalho<\/p>\n<p>Tecnologia em Redes de Computadores<\/td>\n<td><\/td>\n<td><\/td>\n<\/tr>\n<\/tbody>\n<\/table>\n<h2><strong>FIP\u00a0&#8211; FACULDADES INTEGRADAS DE PATOS<\/strong><\/h2>\n<table class=\"table table-striped\" style=\"height: 47px;\" width=\"817\">\n<tbody>\n<tr>\n<td>Especializa\u00e7\u00e3o em GeoprocessamentoEspecializa\u00e7\u00e3o em Engenharia de Seguran\u00e7a do TrabalhoEspecializa\u00e7\u00e3o em Engenharia de Instala\u00e7\u00f5es Prediais<\/td>\n<td><\/td>\n<td><\/td>\n<\/tr>\n<\/tbody>\n<\/table>\n<h2><strong>FACISA &#8211; FACULDADE DE CI\u00caNCIAS SOCIAIS APLICADAS<\/strong><\/h2>\n<table class=\"table table-striped\" style=\"height: 47px;\" width=\"817\">\n<tbody>\n<tr>\n<td>Tecnologia em Constru\u00e7\u00e3o de Edif\u00edciosEspecializa\u00e7\u00e3o em Engenharia de Seguran\u00e7a do TrabalhoEngenharia Civil<\/td>\n<td><\/td>\n<td><\/td>\n<\/tr>\n<\/tbody>\n<\/table>\n<h2><strong>FIAA\u00a0&#8211;<\/strong><strong>FACULDADES INTEGRADAS ANGLO-AMERICANO <\/strong><\/h2>\n<h2><strong>Campus Campina Grande<\/strong><\/h2>\n<table class=\"table table-striped\" style=\"height: 47px;\" width=\"817\">\n<tbody>\n<tr>\n<td>Especializa\u00e7\u00e3o em Engenharia de Seguran\u00e7a do Trabalho<\/td>\n<td><\/td>\n<td><\/td>\n<\/tr>\n<\/tbody>\n<\/table>\n<h2><\/h2>\n<h2><strong>UEPB UNIVERSIDADE ESTADUAL DA PARA\u00cdBA<\/strong><\/h2>\n<h2><strong>Campus Campina Grande<\/strong><\/h2>\n<table class=\"table table-striped\" style=\"height: 47px;\" width=\"817\">\n<tbody>\n<tr>\n<td>Engenharia Sanit\u00e1ria e Ambiental<\/td>\n<td><\/td>\n<td><\/td>\n<\/tr>\n<\/tbody>\n<\/table>\n<h2><strong>Campus\u00a0Araruna<\/strong><\/h2>\n<table class=\"table table-striped\" style=\"height: 47px;\" width=\"817\">\n<tbody>\n<tr>\n<td>Engenharia Civil<\/td>\n<td><\/td>\n<td><\/td>\n<\/tr>\n<\/tbody>\n<\/table>\n<h2><strong>IDEZ \u2013 EMPREENDIMENDIMENTOS EDUCACIONAIS SOCIEDADE SIMPLES\u00a0 LTDA<\/strong><\/h2>\n<table class=\"table table-striped\" style=\"height: 47px;\" width=\"817\">\n<tbody>\n<tr>\n<td>Tecnologia em Redes de Computadores<\/td>\n<td><\/td>\n<td><\/td>\n<\/tr>\n<\/tbody>\n<\/table>\n<h2><strong>UNPB\/FPB &#8211; FACULDADE UNIDA DA PARA\u00cdBA\u00a0<\/strong><strong>SOCIEDADE PARAIBANA DE ENSINO SUPERIOR E DE PESQUISA S\/S LTDA<\/strong><\/h2>\n<table class=\"table table-striped\" style=\"height: 47px;\" width=\"817\">\n<tbody>\n<tr>\n<td>Engenharia AmbientalEspecializa\u00e7\u00e3o em Engenharia de Seguran\u00e7a do TrabalhoTecnologia em Constru\u00e7\u00e3o de Edif\u00edcios<\/p>\n<p>Engenharia Civil<\/p>\n<p>Tecnologia em Seguran\u00e7a do Trabalho<\/p>\n<p>Engenharia de Produ\u00e7\u00e3o<\/td>\n<td><\/td>\n<td><\/td>\n<\/tr>\n<\/tbody>\n<\/table>\n<h2><strong>CENTRO UNIVERSIT\u00c1RIO MOURA LACERDA<\/strong><\/h2>\n<table class=\"table table-striped\" style=\"height: 47px;\" width=\"817\">\n<tbody>\n<tr>\n<td>Especializa\u00e7\u00e3o em Avalia\u00e7\u00f5es e Per\u00edcias<\/td>\n<td><\/td>\n<td><\/td>\n<\/tr>\n<\/tbody>\n<\/table>\n<h2><strong>FACENE &#8211; FACULDADE NOVA ESPERAN\u00c7A<\/strong><\/h2>\n<table class=\"table table-striped\" style=\"height: 47px;\" width=\"817\">\n<tbody>\n<tr>\n<td>Agronomia<\/td>\n<td><\/td>\n<td><\/td>\n<\/tr>\n<\/tbody>\n<\/table>\n<h2><strong>FUNEPI &#8211; FACULDADE DA UNI\u00c3O DE ENSINO E PESQUISA INTREGRADA LTDA<\/strong><\/h2>\n<table class=\"table table-striped\" style=\"height: 47px;\" width=\"817\">\n<tbody>\n<tr>\n<td>P\u00f3s Gradua\u00e7\u00e3o Latu Sensu em Engenharia de Seguran\u00e7a do Trabalho<\/td>\n<\/tr>\n<\/tbody>\n<\/table>\n<h2><strong>UNIUBE &#8211; SOCIEDADE EDUCACIONAL UBERABENSE<\/strong><\/h2>\n<table class=\"table table-striped\" style=\"height: 47px;\" width=\"817\">\n<tbody>\n<tr>\n<td>Tecnologia em Agroneg\u00f3cios<\/td>\n<td><\/td>\n<td><\/td>\n<\/tr>\n<\/tbody>\n<\/table>\n<h2><strong><br \/>\n<\/strong><strong>FACULDADE MAUR\u00cdCIO DE NASSAU\u00a0<\/strong><\/h2>\n<h2><strong>ICES &#8211; INSTITUTO CAMPINENSE DE ENSINO SUPERIOR LTDA Campus Campina Grande<\/strong><\/h2>\n<table class=\"table table-striped\" style=\"height: 47px;\" width=\"817\">\n<tbody>\n<tr>\n<td>Tecnologia em Seguran\u00e7a do TrabalhoEspecializa\u00e7\u00e3o em Engenharia de Seguran\u00e7a do TrabalhoEngenharia Civil<\/p>\n<p>Engenharia Mec\u00e2nica<\/p>\n<p>Engenharia El\u00e9trica<\/td>\n<td><\/td>\n<td><\/td>\n<\/tr>\n<\/tbody>\n<\/table>\n<h2><strong>FACULDADE MAUR\u00cdCIO DE NASSAU\u00a0<\/strong><\/h2>\n<h2><strong>CENESUP &#8211; CENTRO NACIONAL DE ENSINO SUPERIOR LTDA<\/strong><\/h2>\n<h2><strong>Campus\u00a0Jo\u00e3o Pessoa<\/strong><\/h2>\n<table class=\"table table-striped\" style=\"height: 47px;\" width=\"817\">\n<tbody>\n<tr>\n<td>Tecnologia em Seguran\u00e7a do TrabalhoEngenharia CivilEngenharia El\u00e9trica<\/p>\n<p>Engenharia Mec\u00e2nica<\/p>\n<p>Engenharia de Produ\u00e7\u00e3o<\/p>\n<p>Engenharia Qu\u00edmica<\/p>\n<p>Engenharia Sanit\u00e1ria e Ambiental<\/td>\n<td><\/td>\n<td><\/td>\n<\/tr>\n<\/tbody>\n<\/table>\n<h2>FACULDADE SENAI DA PARA\u00cdBA<\/h2>\n<table class=\"table table-striped\" style=\"height: 47px;\" width=\"817\">\n<tbody>\n<tr>\n<td>Tecn\u00f3logo em Automo\u00e7\u00e3o Industrial<\/td>\n<td><\/td>\n<td><\/td>\n<\/tr>\n<\/tbody>\n<\/table>\n<h2>CENTRO EDUCACIONAL TR\u00caS MARIAS EIRELI\/FACULDADE TR\u00caS MARIAS<\/h2>\n<table class=\"table table-striped\" style=\"height: 47px;\" width=\"817\">\n<tbody>\n<tr>\n<td>Tecnologia em Seguran\u00e7a do Trabalho<\/td>\n<\/tr>\n<\/tbody>\n<\/table>\n<h2>ASPER ENSINO SUPERIOR DA PARA\u00cdBA S\/S LTDA<\/h2>\n<table class=\"table table-striped\" style=\"height: 47px;\" width=\"817\">\n<tbody>\n<tr>\n<td>Engenharia Civil<\/td>\n<\/tr>\n<\/tbody>\n<\/table>\n<h2>FSM &#8211; FACULDADE SANTA MARIA<\/h2>\n<h2>LACERDA &amp; GOLDFARB LTDA &#8211; EPP<\/h2>\n<table class=\"table table-striped\" style=\"height: 47px;\" width=\"817\">\n<tbody>\n<tr>\n<td>Engenharia Civil<\/td>\n<\/tr>\n<\/tbody>\n<\/table>\n<h2>FESP &#8211; FACULDADE DE ENSINO SUPERIOR DA PARA\u00cdBA<\/h2>\n<table class=\"table table-striped\" style=\"height: 47px;\" width=\"817\">\n<tbody>\n<tr>\n<td>Especializa\u00e7\u00e3o em Engenharia de Seguran\u00e7a do TrabalhoEspecializa\u00e7\u00e3o em Engenharia de Instala\u00e7\u00f5es PrediaisEspecializa\u00e7\u00e3o em Fiscaliza\u00e7\u00e3o e Gerenciamento de Engenharia de Obras P\u00fablicas<\/td>\n<\/tr>\n<\/tbody>\n<\/table>\n<h2>CENTRO FEDERAL DE EDUCA\u00c7\u00c3O TECNOL\u00d3GICA DA PARA\u00cdBA &#8211; CEFET<\/h2>\n<table class=\"table table-striped\" style=\"height: 47px;\" width=\"817\">\n<tbody>\n<tr>\n<td>Tecnologia em Automo\u00e7\u00e3o Ind\u00fastrialTecnologia em Constru\u00e7\u00e3o Civil Modalidade Edifica\u00e7\u00f5esTecnologia em Telecomunica\u00e7\u00f5es<\/p>\n<p>Tecn\u00f3logo em Geoprocessamento<\/td>\n<\/tr>\n<\/tbody>\n<\/table>\n<h2>CENTRO FEDERAL DE EDUCA\u00c7\u00c3O &#8211; FEUPO<\/h2>\n<table class=\"table table-striped\" style=\"height: 47px;\" width=\"817\">\n<tbody>\n<tr>\n<td>Engenharia Eletricista &#8211; Computa\u00e7\u00e3o<\/td>\n<\/tr>\n<\/tbody>\n<\/table>\n<h2>CENTRO DE ENSINO EDUCACIONAL SANTO ANDR\u00c9\/FACULDADE NOSSA SENHORA DE LOURDES &#8211; FNSL<\/h2>\n<table class=\"table table-striped\" width=\"817\">\n<tbody>\n<tr>\n<td>Especializa\u00e7\u00e3o em Engenharia de Seguran\u00e7a do Trabalho<\/td>\n<\/tr>\n<\/tbody>\n<\/table>\n<h2>UNICORP FACULDADES<\/h2>\n<table class=\"table table-striped\" width=\"817\">\n<tbody>\n<tr>\n<td>Especializa\u00e7\u00e3o em Engenharia de Seguran\u00e7a do Trabalho<\/td>\n<\/tr>\n<\/tbody>\n<\/table>\n","protected":false},"excerpt":{"rendered":"<p>*Atualizado em 17\/06\/2025 IFPB &#8211; Instituto Federal da Para\u00edba \u00a0Campus Jo\u00e3o Pessoa Cursos Engenharia El\u00e9tricaTecnologia em GeoprocessamentoTecnologia em Ger\u00eancia de Obras Concedido Tecnologia em Constru\u00e7\u00e3o de Edif\u00edcios Tecnologia em\u00a0 Telecomunica\u00e7\u00f5es Tecn\u00f3logo em Automa\u00e7\u00e3o Industrial Tecnologia\u00a0 em Gest\u00e3o Ambiental Tecnologia em Redes de Computadores Tecnologia e design em interiores T\u00e9cnico em Seguran\u00e7a do Trabalho Mestrado em Engenharia El\u00e9trica Campus Cajazeiras\u00a0 Tecnologia em Automo\u00e7\u00e3o IndustrialEngenharia Civil Campus Souza Tecnologia em AlimentosTecnologia em Agroecologia Campus Campina Grande Tecnologia\u00a0em Constru\u00e7\u00e3o de Edif\u00edcios Campus\u00a0Picu\u00ed Tecnologia em Agroecologia Campus\u00a0Princesa Isabel Tecnologia em Gest\u00e3o Ambiental Campus\u00a0Monteiro\u00a0 T\u00e9cnico em Constru\u00e7\u00e3o de Edif\u00edcios Campus\u00a0Patos\u00a0 T\u00e9cnico em Seguran\u00e7a do Trabalho [&hellip;]<\/p>\n","protected":false},"author":1,"featured_media":0,"parent":40,"menu_order":0,"comment_status":"closed","ping_status":"closed","template":"","meta":{"_acf_changed":false,"footnotes":""},"class_list":["post-13836","page","type-page","status-publish","hentry"],"acf":[],"_links":{"self":[{"href":"https:\/\/creapb.org.br\/site\/wp-json\/wp\/v2\/pages\/13836","targetHints":{"allow":["GET"]}}],"collection":[{"href":"https:\/\/creapb.org.br\/site\/wp-json\/wp\/v2\/pages"}],"about":[{"href":"https:\/\/creapb.org.br\/site\/wp-json\/wp\/v2\/types\/page"}],"author":[{"embeddable":true,"href":"https:\/\/creapb.org.br\/site\/wp-json\/wp\/v2\/users\/1"}],"replies":[{"embeddable":true,"href":"https:\/\/creapb.org.br\/site\/wp-json\/wp\/v2\/comments?post=13836"}],"version-history":[{"count":34,"href":"https:\/\/creapb.org.br\/site\/wp-json\/wp\/v2\/pages\/13836\/revisions"}],"predecessor-version":[{"id":23727,"href":"https:\/\/creapb.org.br\/site\/wp-json\/wp\/v2\/pages\/13836\/revisions\/23727"}],"up":[{"embeddable":true,"href":"https:\/\/creapb.org.br\/site\/wp-json\/wp\/v2\/pages\/40"}],"wp:attachment":[{"href":"https:\/\/creapb.org.br\/site\/wp-json\/wp\/v2\/media?parent=13836"}],"curies":[{"name":"wp","href":"https:\/\/api.w.org\/{rel}","templated":true}]}}