{"id":13899,"date":"2017-03-02T09:55:44","date_gmt":"2017-03-02T12:55:44","guid":{"rendered":"http:\/\/creapb.org.br\/?page_id=13899"},"modified":"2024-08-21T12:46:49","modified_gmt":"2024-08-21T15:46:49","slug":"entidades","status":"publish","type":"page","link":"https:\/\/creapb.org.br\/site\/entidades-e-instituicoes\/entidades\/","title":{"rendered":"Entidades"},"content":{"rendered":"<div class=\"entidades_instituicoes\">\n<h3 class=\"p1\">ASSOCIA\u00c7\u00c3O BRASILEIRA DE ENGENHEIROS ELETRICISTAS \u2013 SE\u00c7\u00c3O PARA\u00cdBA (ABEE-PB)<\/h3>\n<p class=\"p1\">AV. DOM PEDRO I, 809, SALA 2 \u2013 JO\u00c3O PESSOA\/PB<br \/>\n<strong>PRESIDENTE:<\/strong> ENG. ELET. MARTINHO NOBRE TOMAZ DE SOUZA<\/p>\n<h3 class=\"p1\">INSTITUTO BRASILEIRO DE AVALIA\u00c7\u00d5ES E PER\u00cdCIAS DE ENGENHARIA DA PARA\u00cdBA (IBAPE-PB)<\/h3>\n<p class=\"p1\">AVENIDA EPIT\u00c1CIO PESSOA, 1251, SALA 609, BAIRRO DOS ESTADOS \u2013 JO\u00c3O PESSOA\/PB<br \/>\n<strong>SITE:<\/strong> IBAPEPB.ORG.BR<br \/>\n<span class=\"s1\"><strong>EMAIL:<\/strong> <a href=\"mailto:IBAPEPB.ORG@GMAIL.COM\"><span class=\"s2\">IBAPEPB.ORG@GMAIL.COM<br \/>\n<\/span><\/a><\/span><span class=\"s1\"><strong>TELEFONE:<\/strong> <a><span class=\"s2\">(83) 3241-6675<br \/>\n<\/span><\/a><\/span><strong>PRESIDENTE:<\/strong> ENG. CIVIL\u00a0 AYRTON LINS FALC\u00c3O FILHO<\/p>\n<h3 class=\"p1\">ASSOCIA\u00c7\u00c3O DOS ENGENHEIROS DE MINAS DO ESTADO DA PARA\u00cdBA (ASSEMPB)<\/h3>\n<p class=\"p1\">RUA WILSON FURTADO, N\u00ba 223, CATOL\u00c9 \u2013 CAMPINA GRANDE\/PB<br \/>\n<span class=\"s1\"><strong>EMAIL:<\/strong> \u00a0<\/span><br \/>\n<strong>PRESIDENTE:<\/strong> ENG. DE MINAS IURE BORGES DE MOURA AQUINO<\/p>\n<h3 class=\"p1\">CLUBE DE ENGENHARIA DA PARA\u00cdBA (CEP-PB)<\/h3>\n<p class=\"p1\">RUA DOS PESCADORES, S\/N\u00ba, PRAIA DO SEIXAS \u2013 JO\u00c3O PESSOA\/PB<br \/>\n<span class=\"s1\"><strong>EMAIL:<\/strong> <a href=\"mailto:CLUBEDEENGENHARIA.PB@GMAIL.COM\"><span class=\"s2\">CLUBEDEENGENHARIA.PB@GMAIL.COM<\/span><\/a><\/span><br \/>\n<strong>PRESIDENTE:<\/strong> ENG. CIVIL ADILSON DIAS DE PONTES<\/p>\n<h3 class=\"p1\">ASSOCIA\u00c7\u00c3O DOS ENGENHEIROS AGR\u00d4NOMOS DA PARA\u00cdBA (AEA-PB)<\/h3>\n<p class=\"p1\">AVENIDA DOM PEDRO I, 809 \u2013 JO\u00c3O PESSOA\/PB<br \/>\n<span class=\"s1\"><strong>EMAIL:<\/strong>\u00a0<a href=\"mailto:luizcarlosbarros@uol.com.br\"><span class=\"s2\"><br \/>\n<\/span><\/a><\/span><strong>TELEFONE:<\/strong> 83.3247.1660<br \/>\n<strong>PRESIDENTE:<\/strong> ENG. AGR. ROBERTO WAGNER CAVALCANTI RAPOSO<\/p>\n<h3 class=\"p6\">SINDICATO DOS ENGENHEIROS NO ESTADO DA PARA\u00cdBA (SENGE-PB)<\/h3>\n<p class=\"p6\">AVENIDA MONSENHOR WALFREDO LEAL, N\u00ba 607, TAMBI\u00c1 \u2013 JO\u00c3O PESSOA\/PB<br \/>\n<span class=\"s1\"><strong>SITE:<\/strong> <a href=\"http:\/\/WWW.SENGEPB.COM.BR\"><span class=\"s2\">WWW.SENGEPB.COM.BR<br \/>\n<\/span><\/a><\/span><span class=\"s1\"><strong>EMAIL:<\/strong> <a href=\"mailto:SECRETARIAJP@SENGEPB.COM.BR\"><span class=\"s2\">SECRETARIAJP@SENGEPB.COM.BR<br \/>\n<\/span><\/a><\/span><strong>TELEFONE:<\/strong> (83) 3221-6789<br \/>\n<strong>PRESIDENTE:<\/strong> ENG. CIVIL LEDSON LEIT\u00c3O BATISTA<\/p>\n<h3 class=\"p6\">ASSOCIA\u00c7\u00c3O PARAIBANA DE ENGENHEIROS AMBIENTAIS (APEAMB)<\/h3>\n<p class=\"p8\"><strong>EMAIL:<\/strong> APEAMB.PB@OUTLOOK.COM<br \/>\n<strong>PRESIDENTE:<\/strong> ENG. AMB. K\u00c1TIA LEMOS DINIZ<\/p>\n<h3 class=\"p6\">ASSOCIA\u00c7\u00c3O DE ENGENHARIA DE SEGURAN\u00c7A DO TRABALHO DA PARA\u00cdBA (AEST -PB)<\/h3>\n<p class=\"p1\">AVENIDA DOM PEDRO I, 809 \u2013 JO\u00c3O PESSOA\/PB<br \/>\n<span class=\"s1\"><strong>EMAIL:<\/strong>\u00a0<\/span><br \/>\n<strong>PRESIDENTE:<\/strong> ENG. CIV.\/SEG.TRAB. FABIO FERNANDES DA SILVA<\/p>\n<h3>ASSOCIA\u00c7\u00c3O DOS ENGENHEIROS MEC\u00c2NICOS E INDUSTRIAS DA PARA\u00cdBA (ABEMEC\/PB)<\/h3>\n<p><strong>PRESIDENTE:<\/strong> ENG. MEC\/ENG. SEG. TRAB. J\u00daLIO SARAIVA TORRES FILHO<\/p>\n<h3>UNIVERSIDADE FEDERAL DA PARA\u00cdBA &#8211; UFPB<\/h3>\n<p>CAMPUS I \u2013 CIDADE UNIVERSIT\u00c1RIA JO\u00c3O PESSOA-PB<br \/>\n<strong>SITE:<\/strong> WWW.UFPB.BR<br \/>\n<strong>REITOR:<\/strong> PROF VALDINEY GOUVEIA<\/p>\n<h3>CENTRO UNIVERSIT\u00c1RIO DE JO\u00c3O PESSOA &#8211; UNIP\u00ca<\/h3>\n<p>CAMPUS UNIVERSIT\u00c1RIO, BR. 230, KM 22 CEP. 58.053.000 &#8211; JO\u00c3O PESSOA-PB<br \/>\n<strong>SITE:<\/strong> WWW.UNIPE.BR<br \/>\n<strong>REITOR:<\/strong> PROF\u00aa DR\u00aa MARIANA DE BRITO BARBOSA<\/p>\n<h3>UNIVERSIDADE FEDERAL DE CAMPINA GRANDE &#8211; UFCG<\/h3>\n<p>AV. APR\u00cdGIO VELOSO, N 882, BODOCONG\u00d3 CEP. 58.109-970 \u2013 CAMPINA GRANDE-PB<br \/>\n<strong>SITE:<\/strong> WWW.UFCG.EDU.BR<br \/>\n<strong>REITOR:<\/strong> PROF.\u00a0ANT\u00d4NIO FERNANDES FILHO<\/p>\n<\/div>\n","protected":false},"excerpt":{"rendered":"<p>ASSOCIA\u00c7\u00c3O BRASILEIRA DE ENGENHEIROS ELETRICISTAS \u2013 SE\u00c7\u00c3O PARA\u00cdBA (ABEE-PB) AV. DOM PEDRO I, 809, SALA 2 \u2013 JO\u00c3O PESSOA\/PB PRESIDENTE: ENG. ELET. MARTINHO NOBRE TOMAZ DE SOUZA INSTITUTO BRASILEIRO DE AVALIA\u00c7\u00d5ES E PER\u00cdCIAS DE ENGENHARIA DA PARA\u00cdBA (IBAPE-PB) AVENIDA EPIT\u00c1CIO PESSOA, 1251, SALA 609, BAIRRO DOS ESTADOS \u2013 JO\u00c3O PESSOA\/PB SITE: IBAPEPB.ORG.BR EMAIL: IBAPEPB.ORG@GMAIL.COM TELEFONE: (83) 3241-6675 PRESIDENTE: ENG. CIVIL\u00a0 AYRTON LINS FALC\u00c3O FILHO ASSOCIA\u00c7\u00c3O DOS ENGENHEIROS DE MINAS DO ESTADO DA PARA\u00cdBA (ASSEMPB) RUA WILSON FURTADO, N\u00ba 223, CATOL\u00c9 \u2013 CAMPINA GRANDE\/PB EMAIL: \u00a0 PRESIDENTE: ENG. DE MINAS IURE BORGES DE MOURA AQUINO CLUBE DE ENGENHARIA DA PARA\u00cdBA (CEP-PB) [&hellip;]<\/p>\n","protected":false},"author":1,"featured_media":0,"parent":40,"menu_order":0,"comment_status":"closed","ping_status":"closed","template":"","meta":{"_acf_changed":false,"footnotes":""},"class_list":["post-13899","page","type-page","status-publish","hentry"],"acf":[],"_links":{"self":[{"href":"https:\/\/creapb.org.br\/site\/wp-json\/wp\/v2\/pages\/13899","targetHints":{"allow":["GET"]}}],"collection":[{"href":"https:\/\/creapb.org.br\/site\/wp-json\/wp\/v2\/pages"}],"about":[{"href":"https:\/\/creapb.org.br\/site\/wp-json\/wp\/v2\/types\/page"}],"author":[{"embeddable":true,"href":"https:\/\/creapb.org.br\/site\/wp-json\/wp\/v2\/users\/1"}],"replies":[{"embeddable":true,"href":"https:\/\/creapb.org.br\/site\/wp-json\/wp\/v2\/comments?post=13899"}],"version-history":[{"count":14,"href":"https:\/\/creapb.org.br\/site\/wp-json\/wp\/v2\/pages\/13899\/revisions"}],"predecessor-version":[{"id":22393,"href":"https:\/\/creapb.org.br\/site\/wp-json\/wp\/v2\/pages\/13899\/revisions\/22393"}],"up":[{"embeddable":true,"href":"https:\/\/creapb.org.br\/site\/wp-json\/wp\/v2\/pages\/40"}],"wp:attachment":[{"href":"https:\/\/creapb.org.br\/site\/wp-json\/wp\/v2\/media?parent=13899"}],"curies":[{"name":"wp","href":"https:\/\/api.w.org\/{rel}","templated":true}]}}