{"id":16200,"date":"2019-05-06T12:01:46","date_gmt":"2019-05-06T15:01:46","guid":{"rendered":"http:\/\/creapb.org.br\/?page_id=16200"},"modified":"2019-06-12T12:55:34","modified_gmt":"2019-06-12T15:55:34","slug":"10cep","status":"publish","type":"page","link":"https:\/\/creapb.org.br\/site\/10cep\/","title":{"rendered":"10 CEP"},"content":{"rendered":"<p>&nbsp;<\/p>\n<p><img fetchpriority=\"high\" decoding=\"async\" class=\"size-full wp-image-16260 aligncenter\" src=\"https:\/\/creapb.org.br\/site\/wp-content\/uploads\/2019\/05\/CEP-2019_CREA-PB_850-400.jpg\" alt=\"\" width=\"850\" height=\"400\" \/><\/p>\n<p>A cada tri\u00eanio, o Crea-PB realiza o Congresso Estadual de Profissionais, seguido da etapa nacional. Estes eventos oferecem aos profissionais oportunidades de espa\u00e7o para avalia\u00e7\u00e3o, debate e defini\u00e7\u00e3o de estrat\u00e9gias, planos e programas de atua\u00e7\u00e3o em suas \u00e1reas, por meio de propostas de mudan\u00e7as nos normativos que regulamentam o exerc\u00edcio da profiss\u00e3o. A participa\u00e7\u00e3o dos profissionais \u00e9 muito importante, especialmente na primeira etapa, em sua Inspetoria, pois \u00e9 uma forma de avaliar, debater e apontar melhorias para a regulamenta\u00e7\u00e3o de suas profiss\u00f5es, refletindo na valoriza\u00e7\u00e3o de seu trabalho.<\/p>\n<h2>Tema central e Eixos<\/h2>\n<p>Este ano, o Congresso Estadual de Profissionais comemora sua d\u00e9cima edi\u00e7\u00e3o e ter\u00e1 como tema central \u201cEstrat\u00e9gias da Engenharia e da Agronomia para o Desenvolvimento Nacional\u201d. A discuss\u00e3o deve contemplar os eixos definidos pela Comiss\u00e3o Organizadora Nacional do 10\u00ba Congresso Nacional de Profissionais. S\u00e3o eles:<\/p>\n<p>I. Inova\u00e7\u00f5es Tecnol\u00f3gicas &#8211; Inova\u00e7\u00f5es tecnol\u00f3gicas no processo de desenvolvimento econ\u00f4mico sob a \u00f3tica da Engenharia e da Agronomia;<br \/>\nII. Recursos Naturais &#8211; O papel da Engenharia e da Agronomia na utiliza\u00e7\u00e3o e aproveitamento de recursos naturais com sustentabilidade;<br \/>\nIII. Infraestrutura &#8211; A governan\u00e7a da pol\u00edtica de infraestrutura brasileira sob a \u00f3tica da Engenharia;<br \/>\nIV. Atua\u00e7\u00e3o Profissional &#8211; Os rumos da forma\u00e7\u00e3o profissional da Engenharia e Agronomia brasileiras;<br \/>\nV. Atua\u00e7\u00e3o das empresas de Engenharia &#8211; Governan\u00e7a das empresas de Engenharia e obras p\u00fablicas.<\/p>\n<h2>Como funciona<\/h2>\n<p>Os debates s\u00e3o realizados em eventos sucessivos que ocorrem por Inspetorias, seguidos das etapas Estadual e da Nacional.<\/p>\n<p>02 de julho &#8211; Campina Grande<\/p>\n<p>03 de julho &#8211; Patos<\/p>\n<p>05 de julho &#8211; Guarabira<\/p>\n<h3>CEP &#8211; Congresso Estadual de Profissionais<\/h3>\n<p>O 10\u00ba CEP acontecer\u00e1 em\u00a0Jo\u00e3o Pessoa nos dias 9 e 10 de julho de 2019. Nessa etapa, ocorre a apresenta\u00e7\u00e3o e aprova\u00e7\u00e3o das propostas, que\u00a0seguem ent\u00e3o para a \u00faltima etapa, o Congresso Nacional de Profissionais.<\/p>\n<h3>CNP &#8211; Congresso Nacional de Profissionais<\/h3>\n<p>\u00c9 onde s\u00e3o reunidas todas as propostas dos Estados e do Distrito Federal, submetidas \u00e0 aprova\u00e7\u00e3o pelas delega\u00e7\u00f5es dos Conselhos Regionais de todo o pa\u00eds. O 10\u00ba CNP acontecer\u00e1 em Palmas, Tocantins, nos dias 19 a 21 de setembro de 2019, organizado pela Comiss\u00e3o Organizadora Nacional &#8211; CON, do Confea.<\/p>\n<p>Veja mais informa\u00e7\u00f5es:\u00a0<a href=\"http:\/\/www.cnp.org.br\/\" target=\"_blank\">www.cnp.org.br<\/a><\/p>\n","protected":false},"excerpt":{"rendered":"<p>&nbsp; A cada tri\u00eanio, o Crea-PB realiza o Congresso Estadual de Profissionais, seguido da etapa nacional. Estes eventos oferecem aos profissionais oportunidades de espa\u00e7o para avalia\u00e7\u00e3o, debate e defini\u00e7\u00e3o de estrat\u00e9gias, planos e programas de atua\u00e7\u00e3o em suas \u00e1reas, por meio de propostas de mudan\u00e7as nos normativos que regulamentam o exerc\u00edcio da profiss\u00e3o. A participa\u00e7\u00e3o dos profissionais \u00e9 muito importante, especialmente na primeira etapa, em sua Inspetoria, pois \u00e9 uma forma de avaliar, debater e apontar melhorias para a regulamenta\u00e7\u00e3o de suas profiss\u00f5es, refletindo na valoriza\u00e7\u00e3o de seu trabalho. Tema central e Eixos Este ano, o Congresso Estadual de Profissionais [&hellip;]<\/p>\n","protected":false},"author":1,"featured_media":0,"parent":0,"menu_order":0,"comment_status":"closed","ping_status":"closed","template":"","meta":{"_acf_changed":false,"footnotes":""},"class_list":["post-16200","page","type-page","status-publish","hentry"],"acf":[],"_links":{"self":[{"href":"https:\/\/creapb.org.br\/site\/wp-json\/wp\/v2\/pages\/16200","targetHints":{"allow":["GET"]}}],"collection":[{"href":"https:\/\/creapb.org.br\/site\/wp-json\/wp\/v2\/pages"}],"about":[{"href":"https:\/\/creapb.org.br\/site\/wp-json\/wp\/v2\/types\/page"}],"author":[{"embeddable":true,"href":"https:\/\/creapb.org.br\/site\/wp-json\/wp\/v2\/users\/1"}],"replies":[{"embeddable":true,"href":"https:\/\/creapb.org.br\/site\/wp-json\/wp\/v2\/comments?post=16200"}],"version-history":[{"count":9,"href":"https:\/\/creapb.org.br\/site\/wp-json\/wp\/v2\/pages\/16200\/revisions"}],"predecessor-version":[{"id":16262,"href":"https:\/\/creapb.org.br\/site\/wp-json\/wp\/v2\/pages\/16200\/revisions\/16262"}],"wp:attachment":[{"href":"https:\/\/creapb.org.br\/site\/wp-json\/wp\/v2\/media?parent=16200"}],"curies":[{"name":"wp","href":"https:\/\/api.w.org\/{rel}","templated":true}]}}