{"id":16455,"date":"2019-07-24T14:19:02","date_gmt":"2019-07-24T17:19:02","guid":{"rendered":"http:\/\/creapb.org.br\/?page_id=16455"},"modified":"2026-02-27T10:51:51","modified_gmt":"2026-02-27T13:51:51","slug":"eleicoes-2023","status":"publish","type":"page","link":"https:\/\/creapb.org.br\/site\/eleicoes-2023\/","title":{"rendered":"Elei\u00e7\u00f5es 2023"},"content":{"rendered":"<figure class=\"wp-block-image size-large is-resized\"><a href=\"https:\/\/creapb.org.br\/candidatos-eleicao-2023\/\"><img decoding=\"async\" class=\"wp-image-20368\" src=\"https:\/\/creapb.org.br\/site\/wp-content\/uploads\/2023\/10\/Prancheta_1_copiar-39.png\" alt=\"\" width=\"100%\" height=\"auto\"><\/a><\/figure>\n<p>No dia 17 de novembro de 2023 ser\u00e3o realizadas as Elei\u00e7\u00f5es Gerais do Sistema Confea\/Crea e M\u00fatua, onde ser\u00e3o eleitos representantes dos seguintes cargos:<\/p>\n<p>\u2022 Presidentes do Confea;<\/p>\n<p>\u2022 Presidentes dos Conselhos Regionais de Engenharia e Agronomia (Creas);<\/p>\n<p>\u2022 Conselheiro Federal e seu suplente representantes das Modalidades e dos Grupos\/Categorias, nos seguintes estados:<\/p>\n<p>o Esp\u00edrito Santo (Agronomia);<\/p>\n<p>o Goi\u00e1s (El\u00e9trica);<\/p>\n<p>o Pernambuco (Agronomia);<\/p>\n<p>o Rio Grande do Norte (Civil);<\/p>\n<p>o S\u00e3o Paulo (Industrial);<\/p>\n<p>\u2022 Conselheiro Federal representante de Institui\u00e7\u00f5es de Ensino Superior pertencente ao Grupo Engenharia;<\/p>\n<p>\u2022 Diretores Gerais e Diretores Administrativos das Caixas de Assist\u00eancia dos profissionais dos Creas (\u201cM\u00fatuas Regionais\u201d);<\/p>\n<p>De acordo com a Decis\u00e3o Plen\u00e1ria n\u00ba PL-1869\/2022, as elei\u00e7\u00f5es ser\u00e3o realizadas no dia 17 de novembro de 2023 (sexta-feira), pela rede mundial de computadores, no per\u00edodo de 8h \u00e0s 19h, no hor\u00e1rio de Bras\u00edlia-DF, sendo que todo profissional registrado e em dia com as obriga\u00e7\u00f5es perante o Sistema Confea\/Crea at\u00e9 30 (trinta) dias antes da data da elei\u00e7\u00e3o \u00e9 considerado eleitor e votar\u00e1 na circunscri\u00e7\u00e3o do Crea onde quitou sua \u00faltima anuidade, independente do seu registro origin\u00e1rio ou locais onde possuir visto.<\/p>\n<p>Profissional em dia com as suas obriga\u00e7\u00f5es \u00e9 aquele que n\u00e3o possui quaisquer d\u00e9bitos perante o Crea, ou seja, obriga\u00e7\u00e3o exig\u00edvel e vencida, de natureza tribut\u00e1ria ou n\u00e3o tribut\u00e1ria, constitu\u00eddos ou n\u00e3o, inscritos ou n\u00e3o em d\u00edvida ativa, decorrentes de anuidades, taxas, emolumentos ou multas por infra\u00e7\u00e3o, inclusive aqueles que foram objeto de parcelamento e possuam parcela vencida e n\u00e3o paga.<\/p>\n<p>A elei\u00e7\u00e3o ser\u00e1 realizada pela rede mundial de computadores (internet), atrav\u00e9s do site votaconfea.com.br, e o profissional apto a votar se autenticar\u00e1 na ferramenta atrav\u00e9s de login (CPF) e senha enviada por e-mail e\/ou mensagem de celular, por isso, \u00e9 imprescind\u00edvel que seus dados cadastrais estejam atualizados.<\/p>\n<p>Nesta p\u00e1gina poder\u00e1 ser acompanhado todo o processo eleitoral 2023 do Sistema Confea\/Crea e M\u00fatua, desde o Edital de Convoca\u00e7\u00e3o at\u00e9 a homologa\u00e7\u00e3o do resultado final, com acesso a toda a documenta\u00e7\u00e3o pertinente, inclusive aos editais de notifica\u00e7\u00e3o das decis\u00f5es tomadas pelas Comiss\u00f5es Eleitorais Regionais, Federal e pelo Plen\u00e1rio do Confea.<\/p>\n<p><a href=\"https:\/\/www.confea.org.br\/funcionamento\/eleicoes\/2023\">Todas as decis\u00f5es da COMISS\u00c3O ELEITORAL FEDERAL (CEF 2023) podem ser acessadas aqui.<\/a><\/p>\n<p><strong>COMISS\u00c3O ELEITORAL REGIONAL PARA\u00cdBA (CER 2023)<\/strong><\/p>\n","protected":false},"excerpt":{"rendered":"<p>No dia 17 de novembro de 2023 ser\u00e3o realizadas as Elei\u00e7\u00f5es Gerais do Sistema Confea\/Crea e M\u00fatua, onde ser\u00e3o eleitos representantes dos seguintes cargos: \u2022 Presidentes do Confea; \u2022 Presidentes dos Conselhos Regionais de Engenharia e Agronomia (Creas); \u2022 Conselheiro Federal e seu suplente representantes das Modalidades e dos Grupos\/Categorias, nos seguintes estados: o Esp\u00edrito Santo (Agronomia); o Goi\u00e1s (El\u00e9trica); o Pernambuco (Agronomia); o Rio Grande do Norte (Civil); o S\u00e3o Paulo (Industrial); \u2022 Conselheiro Federal representante de Institui\u00e7\u00f5es de Ensino Superior pertencente ao Grupo Engenharia; \u2022 Diretores Gerais e Diretores Administrativos das Caixas de Assist\u00eancia dos profissionais dos Creas [&hellip;]<\/p>\n","protected":false},"author":1,"featured_media":0,"parent":0,"menu_order":0,"comment_status":"closed","ping_status":"closed","template":"","meta":{"_acf_changed":false,"footnotes":""},"class_list":["post-16455","page","type-page","status-publish","hentry"],"acf":[],"_links":{"self":[{"href":"https:\/\/creapb.org.br\/site\/wp-json\/wp\/v2\/pages\/16455","targetHints":{"allow":["GET"]}}],"collection":[{"href":"https:\/\/creapb.org.br\/site\/wp-json\/wp\/v2\/pages"}],"about":[{"href":"https:\/\/creapb.org.br\/site\/wp-json\/wp\/v2\/types\/page"}],"author":[{"embeddable":true,"href":"https:\/\/creapb.org.br\/site\/wp-json\/wp\/v2\/users\/1"}],"replies":[{"embeddable":true,"href":"https:\/\/creapb.org.br\/site\/wp-json\/wp\/v2\/comments?post=16455"}],"version-history":[{"count":44,"href":"https:\/\/creapb.org.br\/site\/wp-json\/wp\/v2\/pages\/16455\/revisions"}],"predecessor-version":[{"id":24677,"href":"https:\/\/creapb.org.br\/site\/wp-json\/wp\/v2\/pages\/16455\/revisions\/24677"}],"wp:attachment":[{"href":"https:\/\/creapb.org.br\/site\/wp-json\/wp\/v2\/media?parent=16455"}],"curies":[{"name":"wp","href":"https:\/\/api.w.org\/{rel}","templated":true}]}}