{"id":19633,"date":"2023-07-16T20:47:12","date_gmt":"2023-07-16T23:47:12","guid":{"rendered":"https:\/\/crea.ativaweb.com.br\/?page_id=19633"},"modified":"2023-07-16T20:47:12","modified_gmt":"2023-07-16T23:47:12","slug":"registro-de-profissional-diplomado-no-pais","status":"publish","type":"page","link":"https:\/\/creapb.org.br\/site\/profissional\/registro-de-profissional-diplomado-no-pais\/","title":{"rendered":"REGISTRO DE PROFISSIONAL DIPLOMADO NO PA\u00cdS"},"content":{"rendered":"\n<h2 class=\"wp-block-heading\">Resolu\u00e7\u00e3o do Confea n\u00ba 1007\/2003<\/h2>\n\n\n\n<p>Requerimento\u00a0<strong>(<a href=\"https:\/\/creapb.org.br\/site\/wp-content\/uploads\/2016\/12\/REQUERIMENTO-PESSOA-F%C3%8DSICA-PF-01.pdf\" target=\"_blank\" rel=\"noreferrer noopener\">CliqueAqui<\/a>)<\/strong><br>Solicite Aqui\u00a0<strong>(<a href=\"https:\/\/crea-pb.sitac.com.br\/publico\/\" target=\"_blank\" rel=\"noreferrer noopener\">Clique Aqui<\/a>)<\/strong><\/p>\n\n\n\n<p>1. Diploma ou certificado, registrado pelo \u00f3rg\u00e3o competente do Sistema de Ensino ou revalidado por institui\u00e7\u00e3o brasileira de ensino, conforme o caso;<\/p>\n\n\n\n<p>2. Hist\u00f3rico escolar com a indica\u00e7\u00e3o das cargas hor\u00e1rias das disciplinas cursadas;<\/p>\n\n\n\n<p>3. Carteira de identidade ou c\u00e9dula de identidade de estrangeiro com indica\u00e7\u00e3o de perman\u00eancia no Pa\u00eds, expedida na forma da lei;<\/p>\n\n\n\n<p>4. Cadastro de Pessoa F\u00edsica \u2013 CPF;<\/p>\n\n\n\n<p>5. T\u00edtulo de eleitor, quando brasileiro; (<strong>Revogada pela Resolu\u00e7\u00e3o n\u00ba 1.125\/20<\/strong>).<\/p>\n\n\n\n<p>6. Prova de quita\u00e7\u00e3o com a Justi\u00e7a Eleitoral (comprovante de vota\u00e7\u00e3o), quando brasileiro; (<strong>Revogada pela Resolu\u00e7\u00e3o n\u00ba 1.125\/20<\/strong>);<\/p>\n\n\n\n<p>7. Prova de quita\u00e7\u00e3o com o Servi\u00e7o Militar (reservista), quando brasileiro;<\/p>\n\n\n\n<p>8. Comprovante de resid\u00eancia no PB (poder\u00e1 ser uma&nbsp; declara\u00e7\u00e3o devidamente assinada pelo profissional, mencionando&nbsp; onde estar\u00e1 residindo\/hospedado no PB);<\/p>\n\n\n\n<p>9. Documento indicando a dura\u00e7\u00e3o do per\u00edodo letivo ministrado pela institui\u00e7\u00e3o de ensino, quando diplomado no exterior;<\/p>\n\n\n\n<p>10. Conte\u00fado program\u00e1tico das disciplinas cursadas, quando diplomado no exterior; 11 \u2013 O profissional que desejar incluir na Carteira de Identidade Profissional as informa\u00e7\u00f5es referentes ao tipo sangu\u00edneo e ao fator RH deve instruir o requerimento de registro com exame laboratorial espec\u00edfico;<\/p>\n","protected":false},"excerpt":{"rendered":"<p>Resolu\u00e7\u00e3o do Confea n\u00ba 1007\/2003 Requerimento\u00a0(CliqueAqui)Solicite Aqui\u00a0(Clique Aqui) 1. Diploma ou certificado, registrado pelo \u00f3rg\u00e3o competente do Sistema de Ensino ou revalidado por institui\u00e7\u00e3o brasileira de ensino, conforme o caso; 2. Hist\u00f3rico escolar com a indica\u00e7\u00e3o das cargas hor\u00e1rias das disciplinas cursadas; 3. Carteira de identidade ou c\u00e9dula de identidade de estrangeiro com indica\u00e7\u00e3o de perman\u00eancia no Pa\u00eds, expedida na forma da lei; 4. Cadastro de Pessoa F\u00edsica \u2013 CPF; 5. T\u00edtulo de eleitor, quando brasileiro; (Revogada pela Resolu\u00e7\u00e3o n\u00ba 1.125\/20). 6. Prova de quita\u00e7\u00e3o com a Justi\u00e7a Eleitoral (comprovante de vota\u00e7\u00e3o), quando brasileiro; (Revogada pela Resolu\u00e7\u00e3o n\u00ba 1.125\/20); 7. [&hellip;]<\/p>\n","protected":false},"author":1,"featured_media":0,"parent":19619,"menu_order":0,"comment_status":"closed","ping_status":"closed","template":"","meta":{"_acf_changed":false,"footnotes":""},"class_list":["post-19633","page","type-page","status-publish","hentry"],"acf":[],"_links":{"self":[{"href":"https:\/\/creapb.org.br\/site\/wp-json\/wp\/v2\/pages\/19633","targetHints":{"allow":["GET"]}}],"collection":[{"href":"https:\/\/creapb.org.br\/site\/wp-json\/wp\/v2\/pages"}],"about":[{"href":"https:\/\/creapb.org.br\/site\/wp-json\/wp\/v2\/types\/page"}],"author":[{"embeddable":true,"href":"https:\/\/creapb.org.br\/site\/wp-json\/wp\/v2\/users\/1"}],"replies":[{"embeddable":true,"href":"https:\/\/creapb.org.br\/site\/wp-json\/wp\/v2\/comments?post=19633"}],"version-history":[{"count":0,"href":"https:\/\/creapb.org.br\/site\/wp-json\/wp\/v2\/pages\/19633\/revisions"}],"up":[{"embeddable":true,"href":"https:\/\/creapb.org.br\/site\/wp-json\/wp\/v2\/pages\/19619"}],"wp:attachment":[{"href":"https:\/\/creapb.org.br\/site\/wp-json\/wp\/v2\/media?parent=19633"}],"curies":[{"name":"wp","href":"https:\/\/api.w.org\/{rel}","templated":true}]}}