{"id":19635,"date":"2023-07-16T20:49:44","date_gmt":"2023-07-16T23:49:44","guid":{"rendered":"https:\/\/crea.ativaweb.com.br\/?page_id=19635"},"modified":"2023-07-16T20:49:44","modified_gmt":"2023-07-16T23:49:44","slug":"registro-profissional-diplomado-no-exterior","status":"publish","type":"page","link":"https:\/\/creapb.org.br\/site\/profissional\/registro-profissional-diplomado-no-exterior\/","title":{"rendered":"REGISTRO PROFISSIONAL DIPLOMADO NO EXTERIOR"},"content":{"rendered":"<h2>Resolu\u00e7\u00e3o do Confea n\u00ba 1007\/2003<\/h2>\n<p>Requerimento (<strong><a href=\"https:\/\/creapb.org.br\/site\/wp-content\/uploads\/2016\/12\/REQUERIMENTO-PESSOA-F%C3%8DSICA-PF-01.pdf\" target=\"_blank\" rel=\"noopener\">Clique Aqui<\/a><\/strong>)<br \/>\nSolicite Aqui (<strong><a href=\"https:\/\/crea-pb.sitac.com.br\/publico\/\" target=\"_blank\" rel=\"noopener\">Clique Aqui<\/a><\/strong>)<\/p>\n<ol>\n<li>Requerimento de registro Profissional preenchido e assinado, original ;<\/li>\n<li>Diploma, com as seguintes caracter\u00edsticas: autenticado por autoridade consular brasileira, do local da escola ou pr\u00f3ximo dela, revalidado por universidade brasileira ou institui\u00e7\u00e3o isolada, federal, de ensino superior; registrado no MEC ou em universidade oficial brasileira, por delega\u00e7\u00e3o de compet\u00eancia do MEC (n\u00edvel superior) ou Delegacia de Ensino (grau m\u00e9dio); original e c\u00f3pia simples;<\/li>\n<li>Tradu\u00e7\u00e3o do diploma, por Tradutor P\u00fablico Juramentado, original e c\u00f3pia simples, caso n\u00e3o tenha sido elaborado em portugu\u00eas:<\/li>\n<li>Documento relativo \u00e0 revalida\u00e7\u00e3o do diploma, se este n\u00e3o contiver dados referentes \u00e0 revalida\u00e7\u00e3o, original e c\u00f3pia simples;<\/li>\n<li>Hist\u00f3rico escolar com a indica\u00e7\u00e3o das cargas hor\u00e1rias das disciplinas cursadas, autenticado por autoridade consular brasileira, do local da escola ou pr\u00f3ximo dela, original e c\u00f3pia simples;<\/li>\n<li>Tradu\u00e7\u00e3o do Hist\u00f3rico escolar, por Tradutor P\u00fablico Juramentado, original e c\u00f3pia simples, caso n\u00e3o tenha sido elaborado em portugu\u00eas;<\/li>\n<li>Documento indicando a dura\u00e7\u00e3o do per\u00edodo letivo ministrado pela institui\u00e7\u00e3o de ensino, original e c\u00f3pia simples;<\/li>\n<li>Conte\u00fado program\u00e1tico das disciplinas cursadas, original e c\u00f3pia simples;<\/li>\n<li>Tradu\u00e7\u00e3o do conte\u00fado program\u00e1tico das disciplinas cursadas, feita por Tradutor P\u00fablico Juramentado, original e c\u00f3pia simples, caso n\u00e3o tenha sido elaborado em portugu\u00eas;<\/li>\n<li>RG ou RNE ( Registro Nacional de Estrangeiro), original e c\u00f3pia simples ou c\u00f3pia autenticada;<\/li>\n<li>CPF \u2013 Cadastro de Pessoa F\u00edsica, original e c\u00f3pia simples ou c\u00f3pia autenticada;<\/li>\n<li>T\u00edtulo de eleitor, quando brasileiro, (obrigat\u00f3rio para a faixa et\u00e1ria de 18 a 70 anos), original e c\u00f3pia simples ou c\u00f3pia autenticada;<\/li>\n<li>Prova de quita\u00e7\u00e3o com a justi\u00e7a eleitoral (\u00faltimo ticket de vota\u00e7\u00e3o) ou certid\u00e3o de quita\u00e7\u00e3o emitida pelo\u00a0<strong><a href=\"https:\/\/www.tse.jus.br\/servicos-eleitorais\/certidoes\/certidao-de-quitacao-eleitoral\" target=\"_blank\" rel=\"noopener\">Tribunal Superior Eleitoral<\/a><\/strong> ,\u00a0original e c\u00f3pia simples ou c\u00f3pia autenticada;<\/li>\n<li>Prova de quita\u00e7\u00e3o com o Servi\u00e7o Militar, quando brasileiro; (A obriga\u00e7\u00e3o come\u00e7a no 1\u00ba dia de janeiro do ano em que completar 18 (dezoito) e subsistir\u00e1 no dia 31 de dezembro do ano em que completar 45 (quarenta e cinco) anos de idade. Lei n\u00ba 4.375, art\u00ba 5\u00ba, de 17\/8\/64)., original e c\u00f3pia simples ou c\u00f3pia autenticada;<\/li>\n<li>Comprovante de resid\u00eancia no PB ou Declara\u00e7\u00e3o devidamente assinada;<\/li>\n<li>01 (uma) fotografia atual, de frente, nas dimens\u00f5es 3\u00d74 cm, em cores;<\/li>\n<\/ol>\n<h2>D\u00favidas<\/h2>\n<p>\u2013\u00a0 Os originais dos documentos ser\u00e3o restitu\u00eddos ao interessado, ap\u00f3s certificada a autenticidade das c\u00f3pias, caso a solicita\u00e7\u00e3o seja de modo presencial.<\/p>\n<p>\u2013 Os documentos em l\u00edngua estrangeira, legalizados pela Autoridade Consular Brasileira, devem ser traduzidos para o vern\u00e1culo, por tradutor p\u00fablico juramentado.<\/p>\n<p>\u2013 O profissional que desejar incluir na Carteira de Identidade Profissional as informa\u00e7\u00f5es referentes ao tipo sangu\u00edneo e ao fator RH deve instruir o requerimento de registro com exame laboratorial espec\u00edfico.<\/p>\n<p>\u2013 O estrangeiro portador de visto permanente, cuja c\u00e9dula de identidade esteja em processamento, deve instruir o requerimento de registro com c\u00f3pias do protocolo expedido pelo Departamento de Pol\u00edcia Federal e do ato publicado no Di\u00e1rio Oficial da Uni\u00e3o que autoriza sua perman\u00eancia no Pa\u00eds.<\/p>\n<p>\u2013 Observar se h\u00e1 apostila no verso do diploma que veda ao titular o exerc\u00edcio da profiss\u00e3o no Brasil. Se houver, o requerente dever\u00e1 providenciar junto ao \u00f3rg\u00e3o registrador do diploma, o cancelamento dessa apostila.<\/p>\n<p>\u2013 A rela\u00e7\u00e3o de Tradutores P\u00fablicos Juramentados poder\u00e1 ser consultada no Site: (JUCERN).<\/p>\n","protected":false},"excerpt":{"rendered":"<p>Resolu\u00e7\u00e3o do Confea n\u00ba 1007\/2003 Requerimento (Clique Aqui) Solicite Aqui (Clique Aqui) Requerimento de registro Profissional preenchido e assinado, original ; Diploma, com as seguintes caracter\u00edsticas: autenticado por autoridade consular brasileira, do local da escola ou pr\u00f3ximo dela, revalidado por universidade brasileira ou institui\u00e7\u00e3o isolada, federal, de ensino superior; registrado no MEC ou em universidade oficial brasileira, por delega\u00e7\u00e3o de compet\u00eancia do MEC (n\u00edvel superior) ou Delegacia de Ensino (grau m\u00e9dio); original e c\u00f3pia simples; Tradu\u00e7\u00e3o do diploma, por Tradutor P\u00fablico Juramentado, original e c\u00f3pia simples, caso n\u00e3o tenha sido elaborado em portugu\u00eas: Documento relativo \u00e0 revalida\u00e7\u00e3o do diploma, se [&hellip;]<\/p>\n","protected":false},"author":1,"featured_media":0,"parent":19619,"menu_order":0,"comment_status":"closed","ping_status":"closed","template":"","meta":{"_acf_changed":false,"footnotes":""},"class_list":["post-19635","page","type-page","status-publish","hentry"],"acf":[],"_links":{"self":[{"href":"https:\/\/creapb.org.br\/site\/wp-json\/wp\/v2\/pages\/19635","targetHints":{"allow":["GET"]}}],"collection":[{"href":"https:\/\/creapb.org.br\/site\/wp-json\/wp\/v2\/pages"}],"about":[{"href":"https:\/\/creapb.org.br\/site\/wp-json\/wp\/v2\/types\/page"}],"author":[{"embeddable":true,"href":"https:\/\/creapb.org.br\/site\/wp-json\/wp\/v2\/users\/1"}],"replies":[{"embeddable":true,"href":"https:\/\/creapb.org.br\/site\/wp-json\/wp\/v2\/comments?post=19635"}],"version-history":[{"count":0,"href":"https:\/\/creapb.org.br\/site\/wp-json\/wp\/v2\/pages\/19635\/revisions"}],"up":[{"embeddable":true,"href":"https:\/\/creapb.org.br\/site\/wp-json\/wp\/v2\/pages\/19619"}],"wp:attachment":[{"href":"https:\/\/creapb.org.br\/site\/wp-json\/wp\/v2\/media?parent=19635"}],"curies":[{"name":"wp","href":"https:\/\/api.w.org\/{rel}","templated":true}]}}