{"id":19637,"date":"2023-07-16T20:50:58","date_gmt":"2023-07-16T23:50:58","guid":{"rendered":"https:\/\/crea.ativaweb.com.br\/?page_id=19637"},"modified":"2023-07-16T20:50:58","modified_gmt":"2023-07-16T23:50:58","slug":"registro-provisorio","status":"publish","type":"page","link":"https:\/\/creapb.org.br\/site\/profissional\/registro-provisorio\/","title":{"rendered":"REGISTRO PROVIS\u00d3RIO"},"content":{"rendered":"<h2>Documenta\u00e7\u00e3o<\/h2>\n<p>Requerimento (<strong><a href=\"https:\/\/creapb.org.br\/site\/wp-content\/uploads\/2016\/12\/REQUERIMENTO-PESSOA-F%C3%8DSICA-PF-01.pdf\" target=\"_blank\" rel=\"noopener\">Clique Aqui<\/a><\/strong>)<\/p>\n<p>Solicite Aqui (<strong><a href=\"https:\/\/crea-pb.sitac.com.br\/publico\/\" target=\"_blank\" rel=\"noopener\">Clique Aqui<\/a><\/strong>)<\/p>\n<p>&nbsp;<\/p>\n<p>1 \u2013\u00a0 Certificado de conclus\u00e3o de curso, registrado pelo \u00f3rg\u00e3o competente do Sistema de Ensino ou revalidado por institui\u00e7\u00e3o brasileira de ensino, conforme o caso;<\/p>\n<p>2 \u2013 Hist\u00f3rico escolar com a indica\u00e7\u00e3o das cargas hor\u00e1rias das disciplinas cursadas;<\/p>\n<p>3 \u2013 Carteira de identidade ou c\u00e9dula de identidade de estrangeiro com indica\u00e7\u00e3o de perman\u00eancia no Pa\u00eds, expedida na forma da lei;<\/p>\n<p>4 \u2013 Cadastro de Pessoa F\u00edsica \u2013 CPF;<\/p>\n<p>5 \u2013 T\u00edtulo de eleitor, quando brasileiro;<\/p>\n<p>6 \u2013 Prova de quita\u00e7\u00e3o com a Justi\u00e7a Eleitoral (comprovante de vota\u00e7\u00e3o), quando brasileiro;<\/p>\n<p>7 \u2013 Prova de quita\u00e7\u00e3o com o Servi\u00e7o Militar (reservista), quando brasileiro;<\/p>\n<p>8 \u2013 Comprovante de resid\u00eancia ou declara\u00e7\u00e3o devidamente assinada pelo profissional;<\/p>\n<p>9 \u2013 Documento indicando a dura\u00e7\u00e3o do per\u00edodo letivo ministrado pela institui\u00e7\u00e3o de ensino, quando diplomado no exterior;<\/p>\n<p>10 \u2013 Conte\u00fado program\u00e1tico das disciplinas cursadas, quando diplomado no exterior;<\/p>\n<p>11 \u2013 O profissional que desejar incluir na Carteira de Identidade Profissional as informa\u00e7\u00f5es referentes ao tipo sangu\u00edneo e ao fator RH deve instruir o requerimento de registro com exame laboratorial espec\u00edfico;<\/p>\n","protected":false},"excerpt":{"rendered":"<p>Documenta\u00e7\u00e3o Requerimento (Clique Aqui) Solicite Aqui (Clique Aqui) &nbsp; 1 \u2013\u00a0 Certificado de conclus\u00e3o de curso, registrado pelo \u00f3rg\u00e3o competente do Sistema de Ensino ou revalidado por institui\u00e7\u00e3o brasileira de ensino, conforme o caso; 2 \u2013 Hist\u00f3rico escolar com a indica\u00e7\u00e3o das cargas hor\u00e1rias das disciplinas cursadas; 3 \u2013 Carteira de identidade ou c\u00e9dula de identidade de estrangeiro com indica\u00e7\u00e3o de perman\u00eancia no Pa\u00eds, expedida na forma da lei; 4 \u2013 Cadastro de Pessoa F\u00edsica \u2013 CPF; 5 \u2013 T\u00edtulo de eleitor, quando brasileiro; 6 \u2013 Prova de quita\u00e7\u00e3o com a Justi\u00e7a Eleitoral (comprovante de vota\u00e7\u00e3o), quando brasileiro; 7 \u2013 [&hellip;]<\/p>\n","protected":false},"author":1,"featured_media":0,"parent":19619,"menu_order":0,"comment_status":"closed","ping_status":"closed","template":"","meta":{"_acf_changed":false,"footnotes":""},"class_list":["post-19637","page","type-page","status-publish","hentry"],"acf":[],"_links":{"self":[{"href":"https:\/\/creapb.org.br\/site\/wp-json\/wp\/v2\/pages\/19637","targetHints":{"allow":["GET"]}}],"collection":[{"href":"https:\/\/creapb.org.br\/site\/wp-json\/wp\/v2\/pages"}],"about":[{"href":"https:\/\/creapb.org.br\/site\/wp-json\/wp\/v2\/types\/page"}],"author":[{"embeddable":true,"href":"https:\/\/creapb.org.br\/site\/wp-json\/wp\/v2\/users\/1"}],"replies":[{"embeddable":true,"href":"https:\/\/creapb.org.br\/site\/wp-json\/wp\/v2\/comments?post=19637"}],"version-history":[{"count":0,"href":"https:\/\/creapb.org.br\/site\/wp-json\/wp\/v2\/pages\/19637\/revisions"}],"up":[{"embeddable":true,"href":"https:\/\/creapb.org.br\/site\/wp-json\/wp\/v2\/pages\/19619"}],"wp:attachment":[{"href":"https:\/\/creapb.org.br\/site\/wp-json\/wp\/v2\/media?parent=19637"}],"curies":[{"name":"wp","href":"https:\/\/api.w.org\/{rel}","templated":true}]}}