{"id":19752,"date":"2023-07-16T20:52:13","date_gmt":"2023-07-16T23:52:13","guid":{"rendered":"https:\/\/crea.ativaweb.com.br\/?page_id=19639"},"modified":"2023-07-16T20:52:13","modified_gmt":"2023-07-16T23:52:13","slug":"reativacao-de-registro","status":"publish","type":"page","link":"https:\/\/creapb.org.br\/site\/profissional\/reativacao-de-registro\/","title":{"rendered":"REATIVA\u00c7\u00c3O DE REGISTRO"},"content":{"rendered":"<h2>Resolu\u00e7\u00e3o 1.007\/2003 do Confea<\/h2>\n<p>Requerimento (<strong><a href=\"https:\/\/creapb.org.br\/site\/wp-content\/uploads\/2016\/12\/REQUERIMENTO-PESSOA-F%C3%8DSICA-PF-01.pdf\" target=\"_blank\" rel=\"noopener\">Clique Aqui<\/a><\/strong>)<\/p>\n<p>Solicite Aqui (<strong><a href=\"https:\/\/servicos-crea-pb.sitac.com.br\/\" target=\"_blank\" rel=\"noopener\">Clique Aqui<\/a><\/strong>) &gt;<\/p>\n<p>(Art. 34. \u00c9 facultado ao profissional requerer a reativa\u00e7\u00e3o de seu registro. \u00a7 1\u00ba A reativa\u00e7\u00e3o do registro deve ser requerida pelo profissional por meio de preenchimento de formul\u00e1rio pr\u00f3prio, conforme Anexo I desta Resolu\u00e7\u00e3o.<\/p>\n<p>Obs: O profissional deve estar em dia com sua anuidade do ano corrente (Art. 63 da Lei Federal 5.194\/66<\/p>\n","protected":false},"excerpt":{"rendered":"<p>Resolu\u00e7\u00e3o 1.007\/2003 do Confea Requerimento (Clique Aqui) Solicite Aqui (Clique Aqui) &gt; (Art. 34. \u00c9 facultado ao profissional requerer a reativa\u00e7\u00e3o de seu registro. \u00a7 1\u00ba A reativa\u00e7\u00e3o do registro deve ser requerida pelo profissional por meio de preenchimento de formul\u00e1rio pr\u00f3prio, conforme Anexo I desta Resolu\u00e7\u00e3o. Obs: O profissional deve estar em dia com sua anuidade do ano corrente (Art. 63 da Lei Federal 5.194\/66<\/p>\n","protected":false},"author":1,"featured_media":0,"parent":19619,"menu_order":0,"comment_status":"closed","ping_status":"closed","template":"","meta":{"_acf_changed":false,"footnotes":""},"class_list":["post-19752","page","type-page","status-publish","hentry"],"acf":[],"_links":{"self":[{"href":"https:\/\/creapb.org.br\/site\/wp-json\/wp\/v2\/pages\/19752","targetHints":{"allow":["GET"]}}],"collection":[{"href":"https:\/\/creapb.org.br\/site\/wp-json\/wp\/v2\/pages"}],"about":[{"href":"https:\/\/creapb.org.br\/site\/wp-json\/wp\/v2\/types\/page"}],"author":[{"embeddable":true,"href":"https:\/\/creapb.org.br\/site\/wp-json\/wp\/v2\/users\/1"}],"replies":[{"embeddable":true,"href":"https:\/\/creapb.org.br\/site\/wp-json\/wp\/v2\/comments?post=19752"}],"version-history":[{"count":0,"href":"https:\/\/creapb.org.br\/site\/wp-json\/wp\/v2\/pages\/19752\/revisions"}],"up":[{"embeddable":true,"href":"https:\/\/creapb.org.br\/site\/wp-json\/wp\/v2\/pages\/19619"}],"wp:attachment":[{"href":"https:\/\/creapb.org.br\/site\/wp-json\/wp\/v2\/media?parent=19752"}],"curies":[{"name":"wp","href":"https:\/\/api.w.org\/{rel}","templated":true}]}}