{"id":19753,"date":"2023-07-16T20:53:14","date_gmt":"2023-07-16T23:53:14","guid":{"rendered":"https:\/\/crea.ativaweb.com.br\/?page_id=19641"},"modified":"2024-12-19T22:35:28","modified_gmt":"2024-12-20T01:35:28","slug":"interrupcao-de-registro","status":"publish","type":"page","link":"https:\/\/creapb.org.br\/site\/profissional\/interrupcao-de-registro\/","title":{"rendered":"INTERRUP\u00c7\u00c3O DE REGISTRO"},"content":{"rendered":"\n<h2 class=\"wp-block-heading\">Resolu\u00e7\u00e3o do Confea n\u00ba 1.007\/03<\/h2>\n\n\n\n<p>Requerimento (<strong><a href=\"https:\/\/creapb.org.br\/site\/wp-content\/uploads\/2016\/12\/REQUERIMENTO-PESSOA-F%C3%8DSICA-PF-01.pdf\" target=\"_blank\" rel=\"noopener\">Clique Aqui<\/a><\/strong>)<\/p>\n\n\n\n<p>Solicite Aqui (<strong><a href=\"https:\/\/servicos-crea-pb.sitac.com.br\/index.php\" target=\"_blank\" rel=\"noreferrer noopener\">Clique Aqui<\/a><\/strong>)<\/p>\n\n\n\n<p><strong>INFORMA\u00c7\u00d5ES IMPORTANTES:<\/strong><\/p>\n\n\n\n<p>Art. 30. A interrup\u00e7\u00e3o do registro \u00e9 facultado ao profissional registrado que n\u00e3o pretende exercer sua profiss\u00e3o e que atenda \u00e0s seguintes condi\u00e7\u00f5es:<\/p>\n\n\n\n<p>I \u2013 esteja em dia com as obriga\u00e7\u00f5es perante o Sistema Confea\/Crea, inclusive aquelas referentes ao ano do requerimento;<br>II \u2013 n\u00e3o ocupe cargo ou emprego para o qual seja exigida forma\u00e7\u00e3o profissional ou para cujo concurso ou processo seletivo tenha sido exigido t\u00edtulo profissional de \u00e1rea abrangida pelo Sistema Confea\/Crea; e<br>III \u2013 n\u00e3o conste como autuado em processo por infra\u00e7\u00e3o aos dispositivos do C\u00f3digo de \u00c9tica Profissional ou das Leis n.os 5.194, de 1966, e 6.496, de 7 de dezembro de 1977, em tramita\u00e7\u00e3o no Sistema Confea\/Crea.<\/p>\n\n\n\n<p>O requerimento de interrup\u00e7\u00e3o de registro deve ser instru\u00eddo com os documentos a seguir enumerados:<\/p>\n\n\n\n<p>I \u2013 declara\u00e7\u00e3o de que n\u00e3o exercer\u00e1 atividade na \u00e1rea de sua forma\u00e7\u00e3o profissional no per\u00edodo compreendido entre a data do requerimento de interrup\u00e7\u00e3o e a da reativa\u00e7\u00e3o do registro; e<br>II \u2013 comprova\u00e7\u00e3o da baixa ou da inexist\u00eancia de Anota\u00e7\u00f5es de Responsabilidade T\u00e9cnica \u2013 ARTs, referentes a servi\u00e7os executados ou em execu\u00e7\u00e3o, registradas nos Creas onde requereu ou visou seu registro.<\/p>\n","protected":false},"excerpt":{"rendered":"<p>Resolu\u00e7\u00e3o do Confea n\u00ba 1.007\/03 Requerimento (Clique Aqui) Solicite Aqui (Clique Aqui) INFORMA\u00c7\u00d5ES IMPORTANTES: Art. 30. A interrup\u00e7\u00e3o do registro \u00e9 facultado ao profissional registrado que n\u00e3o pretende exercer sua profiss\u00e3o e que atenda \u00e0s seguintes condi\u00e7\u00f5es: I \u2013 esteja em dia com as obriga\u00e7\u00f5es perante o Sistema Confea\/Crea, inclusive aquelas referentes ao ano do requerimento;II \u2013 n\u00e3o ocupe cargo ou emprego para o qual seja exigida forma\u00e7\u00e3o profissional ou para cujo concurso ou processo seletivo tenha sido exigido t\u00edtulo profissional de \u00e1rea abrangida pelo Sistema Confea\/Crea; eIII \u2013 n\u00e3o conste como autuado em processo por infra\u00e7\u00e3o aos dispositivos do [&hellip;]<\/p>\n","protected":false},"author":1,"featured_media":0,"parent":19619,"menu_order":0,"comment_status":"closed","ping_status":"closed","template":"","meta":{"_acf_changed":false,"footnotes":""},"class_list":["post-19753","page","type-page","status-publish","hentry"],"acf":[],"_links":{"self":[{"href":"https:\/\/creapb.org.br\/site\/wp-json\/wp\/v2\/pages\/19753","targetHints":{"allow":["GET"]}}],"collection":[{"href":"https:\/\/creapb.org.br\/site\/wp-json\/wp\/v2\/pages"}],"about":[{"href":"https:\/\/creapb.org.br\/site\/wp-json\/wp\/v2\/types\/page"}],"author":[{"embeddable":true,"href":"https:\/\/creapb.org.br\/site\/wp-json\/wp\/v2\/users\/1"}],"replies":[{"embeddable":true,"href":"https:\/\/creapb.org.br\/site\/wp-json\/wp\/v2\/comments?post=19753"}],"version-history":[{"count":1,"href":"https:\/\/creapb.org.br\/site\/wp-json\/wp\/v2\/pages\/19753\/revisions"}],"predecessor-version":[{"id":23075,"href":"https:\/\/creapb.org.br\/site\/wp-json\/wp\/v2\/pages\/19753\/revisions\/23075"}],"up":[{"embeddable":true,"href":"https:\/\/creapb.org.br\/site\/wp-json\/wp\/v2\/pages\/19619"}],"wp:attachment":[{"href":"https:\/\/creapb.org.br\/site\/wp-json\/wp\/v2\/media?parent=19753"}],"curies":[{"name":"wp","href":"https:\/\/api.w.org\/{rel}","templated":true}]}}