{"id":19754,"date":"2023-07-16T20:54:26","date_gmt":"2023-07-16T23:54:26","guid":{"rendered":"https:\/\/crea.ativaweb.com.br\/?page_id=19643"},"modified":"2023-07-16T20:54:26","modified_gmt":"2023-07-16T23:54:26","slug":"2a-via-de-carteira","status":"publish","type":"page","link":"https:\/\/creapb.org.br\/site\/profissional\/2a-via-de-carteira\/","title":{"rendered":"2\u00aa VIA DE CARTEIRA"},"content":{"rendered":"<h2>Resolu\u00e7\u00e3o do Confea n\u00ba 1.007\/03<\/h2>\n<p>Requerimento (<strong><a href=\"https:\/\/creapb.org.br\/site\/wp-content\/uploads\/2016\/12\/REQUERIMENTO-PESSOA-F%C3%8DSICA-PF-01.pdf\" target=\"_blank\" rel=\"noopener\">Clique Aqui<\/a><\/strong>)<\/p>\n<p>Solicite Aqui (<strong><a href=\"https:\/\/crea-pb.sitac.com.br\/app\/view\/pages\/login\/login.php\" target=\"_blank\" rel=\"noopener\">Clique Aqui<\/a><\/strong>)<\/p>\n<p>Art. 49. A expedi\u00e7\u00e3o de segunda via de Carteira de Identidade Profissional deve ser requerida pelo interessado por meio do preenchimento de formul\u00e1rio pr\u00f3prio, conforme Anexo I desta Resolu\u00e7\u00e3o, nos seguintes casos:<\/p>\n<p>I \u2013 extravio;<br \/>\nII \u2013 inutiliza\u00e7\u00e3o;<br \/>\nIII \u2013 altera\u00e7\u00e3o de dados cadastrais; e<br \/>\nIV \u2013 inclus\u00e3o de t\u00edtulo profissional.<\/p>\n","protected":false},"excerpt":{"rendered":"<p>Resolu\u00e7\u00e3o do Confea n\u00ba 1.007\/03 Requerimento (Clique Aqui) Solicite Aqui (Clique Aqui) Art. 49. A expedi\u00e7\u00e3o de segunda via de Carteira de Identidade Profissional deve ser requerida pelo interessado por meio do preenchimento de formul\u00e1rio pr\u00f3prio, conforme Anexo I desta Resolu\u00e7\u00e3o, nos seguintes casos: I \u2013 extravio; II \u2013 inutiliza\u00e7\u00e3o; III \u2013 altera\u00e7\u00e3o de dados cadastrais; e IV \u2013 inclus\u00e3o de t\u00edtulo profissional.<\/p>\n","protected":false},"author":1,"featured_media":0,"parent":19619,"menu_order":0,"comment_status":"closed","ping_status":"closed","template":"","meta":{"_acf_changed":false,"footnotes":""},"class_list":["post-19754","page","type-page","status-publish","hentry"],"acf":[],"_links":{"self":[{"href":"https:\/\/creapb.org.br\/site\/wp-json\/wp\/v2\/pages\/19754","targetHints":{"allow":["GET"]}}],"collection":[{"href":"https:\/\/creapb.org.br\/site\/wp-json\/wp\/v2\/pages"}],"about":[{"href":"https:\/\/creapb.org.br\/site\/wp-json\/wp\/v2\/types\/page"}],"author":[{"embeddable":true,"href":"https:\/\/creapb.org.br\/site\/wp-json\/wp\/v2\/users\/1"}],"replies":[{"embeddable":true,"href":"https:\/\/creapb.org.br\/site\/wp-json\/wp\/v2\/comments?post=19754"}],"version-history":[{"count":0,"href":"https:\/\/creapb.org.br\/site\/wp-json\/wp\/v2\/pages\/19754\/revisions"}],"up":[{"embeddable":true,"href":"https:\/\/creapb.org.br\/site\/wp-json\/wp\/v2\/pages\/19619"}],"wp:attachment":[{"href":"https:\/\/creapb.org.br\/site\/wp-json\/wp\/v2\/media?parent=19754"}],"curies":[{"name":"wp","href":"https:\/\/api.w.org\/{rel}","templated":true}]}}