{"id":19755,"date":"2023-07-16T20:55:37","date_gmt":"2023-07-16T23:55:37","guid":{"rendered":"https:\/\/crea.ativaweb.com.br\/?page_id=19645"},"modified":"2023-08-16T17:13:08","modified_gmt":"2023-08-16T20:13:08","slug":"recadastramento","status":"publish","type":"page","link":"https:\/\/creapb.org.br\/site\/profissional\/recadastramento\/","title":{"rendered":"Recadastramento"},"content":{"rendered":"<h2>Resolu\u00e7\u00e3o do Confea n\u00ba 494\/06<\/h2>\n<p>Requerimento (<strong><a href=\"https:\/\/creapb.org.br\/site\/wp-content\/uploads\/2016\/12\/REQUERIMENTO-PESSOA-F%C3%8DSICA-PF-01.pdf\" target=\"_blank\" rel=\"noopener\">Clique Aqui<\/a><\/strong>)<br \/>\nSolicite Aqui (<a href=\"https:\/\/servicos-crea-pb.sitac.com.br\/index.php\" target=\"_blank\" rel=\"noopener\"><strong>Clique Aqui<\/strong><\/a>)<\/p>\n<p><strong>OBSERVA\u00c7\u00c3O<\/strong>:<\/p>\n<p>Art. 10. At\u00e9 30 de junho de 2007, a emiss\u00e3o da carteira de identidade ser\u00e1 gratuita para o profissional que entregar os documentos e atualizar o cadastro no prazo definido na convoca\u00e7\u00e3o expedida pelo Crea.<\/p>\n<p>\u2013 RP \u2013 Requerimento de Profissional;<\/p>\n<p>\u2013 Documento de identifica\u00e7\u00e3o v\u00e1lido em todo territ\u00f3rio nacional;<\/p>\n<p>\u2013 CPF;<\/p>\n<p>\u2013 Comprovante de resid\u00eancia ou Declara\u00e7\u00e3o do profissional devidamente assinada;<\/p>\n<p>\u2013 Exame laboratorial espec\u00edfico se o profissional desejar incluir na carteira de identidade profissional as informa\u00e7\u00f5es referentes ao grupo sangu\u00edneo e ao fator Rh.<\/p>\n","protected":false},"excerpt":{"rendered":"<p>Resolu\u00e7\u00e3o do Confea n\u00ba 494\/06 Requerimento (Clique Aqui) Solicite Aqui (Clique Aqui) OBSERVA\u00c7\u00c3O: Art. 10. At\u00e9 30 de junho de 2007, a emiss\u00e3o da carteira de identidade ser\u00e1 gratuita para o profissional que entregar os documentos e atualizar o cadastro no prazo definido na convoca\u00e7\u00e3o expedida pelo Crea. \u2013 RP \u2013 Requerimento de Profissional; \u2013 Documento de identifica\u00e7\u00e3o v\u00e1lido em todo territ\u00f3rio nacional; \u2013 CPF; \u2013 Comprovante de resid\u00eancia ou Declara\u00e7\u00e3o do profissional devidamente assinada; \u2013 Exame laboratorial espec\u00edfico se o profissional desejar incluir na carteira de identidade profissional as informa\u00e7\u00f5es referentes ao grupo sangu\u00edneo e ao fator Rh.<\/p>\n","protected":false},"author":1,"featured_media":0,"parent":19619,"menu_order":0,"comment_status":"closed","ping_status":"closed","template":"","meta":{"_acf_changed":false,"footnotes":""},"class_list":["post-19755","page","type-page","status-publish","hentry"],"acf":[],"_links":{"self":[{"href":"https:\/\/creapb.org.br\/site\/wp-json\/wp\/v2\/pages\/19755","targetHints":{"allow":["GET"]}}],"collection":[{"href":"https:\/\/creapb.org.br\/site\/wp-json\/wp\/v2\/pages"}],"about":[{"href":"https:\/\/creapb.org.br\/site\/wp-json\/wp\/v2\/types\/page"}],"author":[{"embeddable":true,"href":"https:\/\/creapb.org.br\/site\/wp-json\/wp\/v2\/users\/1"}],"replies":[{"embeddable":true,"href":"https:\/\/creapb.org.br\/site\/wp-json\/wp\/v2\/comments?post=19755"}],"version-history":[{"count":2,"href":"https:\/\/creapb.org.br\/site\/wp-json\/wp\/v2\/pages\/19755\/revisions"}],"predecessor-version":[{"id":20034,"href":"https:\/\/creapb.org.br\/site\/wp-json\/wp\/v2\/pages\/19755\/revisions\/20034"}],"up":[{"embeddable":true,"href":"https:\/\/creapb.org.br\/site\/wp-json\/wp\/v2\/pages\/19619"}],"wp:attachment":[{"href":"https:\/\/creapb.org.br\/site\/wp-json\/wp\/v2\/media?parent=19755"}],"curies":[{"name":"wp","href":"https:\/\/api.w.org\/{rel}","templated":true}]}}