{"id":19757,"date":"2023-07-16T20:59:35","date_gmt":"2023-07-16T23:59:35","guid":{"rendered":"https:\/\/crea.ativaweb.com.br\/?page_id=19649"},"modified":"2023-07-16T20:59:35","modified_gmt":"2023-07-16T23:59:35","slug":"inclusao-de-titulo-profissional","status":"publish","type":"page","link":"https:\/\/creapb.org.br\/site\/profissional\/inclusao-de-titulo-profissional\/","title":{"rendered":"INCLUS\u00c3O DE T\u00cdTULO PROFISSIONAL"},"content":{"rendered":"<h2>Documentos<\/h2>\n<p>Requerimento (<strong><a href=\"https:\/\/creapb.org.br\/site\/wp-content\/uploads\/2016\/12\/REQUERIMENTO-PESSOA-F%C3%8DSICA-PF-01.pdf\" target=\"_blank\" rel=\"noopener\">Clique Aqui<\/a><\/strong>)<\/p>\n<p>Solicite Aqui (<strong><a href=\"https:\/\/crea-pb.sitac.com.br\/app\/view\/pages\/login\/login.php\" target=\"_blank\" rel=\"noopener\">Clique Aqui<\/a><\/strong>)<\/p>\n<p>Resolu\u00e7\u00e3o do Confea\u00a0 n\u00ba 1007\/03.<\/p>\n<p>Art. 47. No caso de anota\u00e7\u00e3o de outros cursos de n\u00edvel superior ou m\u00e9dio realizados no Pa\u00eds ou no exterior, o requerimento deve ser instru\u00eddo com os documentos relacionados nas al\u00edneas \u201ca\u201d, \u201cb\u201d, \u201cc\u201d e \u201cd\u201d do inciso I do \u00a7 1\u00ba do art. 4\u00ba desta Resolu\u00e7\u00e3o.<\/p>\n<p><strong>Documenta\u00e7\u00e3o necess\u00e1ria:<\/strong><\/p>\n<ol>\n<li>a) original do diploma ou do certificado, registrado pelo \u00f3rg\u00e3o competente do Sistema de Ensino ou revalidado por institui\u00e7\u00e3o brasileira de ensino, conforme o caso;<\/li>\n<li>b) hist\u00f3rico escolar com a indica\u00e7\u00e3o das cargas hor\u00e1rias das disciplinas cursadas;<\/li>\n<li>c) documento indicando a dura\u00e7\u00e3o do per\u00edodo letivo ministrado pela institui\u00e7\u00e3o de ensino, quando diplomado no exterior;<\/li>\n<li>d) conte\u00fado program\u00e1tico das disciplinas cursadas, quando diplomado no exterior;<\/li>\n<\/ol>\n","protected":false},"excerpt":{"rendered":"<p>Documentos Requerimento (Clique Aqui) Solicite Aqui (Clique Aqui) Resolu\u00e7\u00e3o do Confea\u00a0 n\u00ba 1007\/03. Art. 47. No caso de anota\u00e7\u00e3o de outros cursos de n\u00edvel superior ou m\u00e9dio realizados no Pa\u00eds ou no exterior, o requerimento deve ser instru\u00eddo com os documentos relacionados nas al\u00edneas \u201ca\u201d, \u201cb\u201d, \u201cc\u201d e \u201cd\u201d do inciso I do \u00a7 1\u00ba do art. 4\u00ba desta Resolu\u00e7\u00e3o. Documenta\u00e7\u00e3o necess\u00e1ria: a) original do diploma ou do certificado, registrado pelo \u00f3rg\u00e3o competente do Sistema de Ensino ou revalidado por institui\u00e7\u00e3o brasileira de ensino, conforme o caso; b) hist\u00f3rico escolar com a indica\u00e7\u00e3o das cargas hor\u00e1rias das disciplinas cursadas; c) [&hellip;]<\/p>\n","protected":false},"author":1,"featured_media":0,"parent":19619,"menu_order":0,"comment_status":"closed","ping_status":"closed","template":"","meta":{"_acf_changed":false,"footnotes":""},"class_list":["post-19757","page","type-page","status-publish","hentry"],"acf":[],"_links":{"self":[{"href":"https:\/\/creapb.org.br\/site\/wp-json\/wp\/v2\/pages\/19757","targetHints":{"allow":["GET"]}}],"collection":[{"href":"https:\/\/creapb.org.br\/site\/wp-json\/wp\/v2\/pages"}],"about":[{"href":"https:\/\/creapb.org.br\/site\/wp-json\/wp\/v2\/types\/page"}],"author":[{"embeddable":true,"href":"https:\/\/creapb.org.br\/site\/wp-json\/wp\/v2\/users\/1"}],"replies":[{"embeddable":true,"href":"https:\/\/creapb.org.br\/site\/wp-json\/wp\/v2\/comments?post=19757"}],"version-history":[{"count":0,"href":"https:\/\/creapb.org.br\/site\/wp-json\/wp\/v2\/pages\/19757\/revisions"}],"up":[{"embeddable":true,"href":"https:\/\/creapb.org.br\/site\/wp-json\/wp\/v2\/pages\/19619"}],"wp:attachment":[{"href":"https:\/\/creapb.org.br\/site\/wp-json\/wp\/v2\/media?parent=19757"}],"curies":[{"name":"wp","href":"https:\/\/api.w.org\/{rel}","templated":true}]}}