{"id":19758,"date":"2023-07-16T21:03:49","date_gmt":"2023-07-17T00:03:49","guid":{"rendered":"https:\/\/crea.ativaweb.com.br\/?page_id=19651"},"modified":"2023-07-16T21:03:49","modified_gmt":"2023-07-17T00:03:49","slug":"reciprocidade-confea-crea-oep","status":"publish","type":"page","link":"https:\/\/creapb.org.br\/site\/profissional\/reciprocidade-confea-crea-oep\/","title":{"rendered":"RECIPROCIDADE CONFEA\/CREA &#8211; OEP"},"content":{"rendered":"<p>Requerimento (<strong><a href=\"https:\/\/creapb.org.br\/site\/wp-content\/uploads\/2021\/09\/reqrmento_geral.docx\" target=\"_blank\" rel=\"noopener\">Clique Aqui<\/a><\/strong>)<\/p>\n<p>Site do Confea (<strong><a href=\"https:\/\/www.confea.org.br\/programas-e-parcerias\/cooperacao\/reciprocidade-brasil-x-portugal\" target=\"_blank\" rel=\"noopener\">Clique Aqui<\/a><\/strong>)<\/p>\n<p>Solicite Aqui (<strong><a href=\"https:\/\/crea-pb.sitac.com.br\/publico\/\" target=\"_blank\" rel=\"noopener\">Clique Aqui<\/a><\/strong>)<\/p>\n<p>&nbsp;<\/p>\n<p>O Confea mant\u00e9m junto \u00e0 Ordem de Engenheiros de Portugal (OEP) um termo de reciprocidade que permite aos profissionais da Engenharia brasileiros e portugueses requererem o registro rec\u00edproco. O documento isenta os brasileiros de prestarem as provas de admiss\u00e3o que a OEP exige dos candidatos portugueses, e esses, por sua vez, n\u00e3o precisam revalidar seu diploma portugu\u00eas junto ao Minist\u00e9rio da Educa\u00e7\u00e3o brasileiro para atuar no pa\u00eds.<\/p>\n<h2>Requisitos<\/h2>\n<p>\u2013 Formul\u00e1rio de requerimento preenchido\u00a0<strong><a href=\"https:\/\/creapb.org.br\/site\/wp-content\/uploads\/2021\/09\/reqrmento_geral.docx\" target=\"_blank\" rel=\"noopener\">(Clique aqui para baixar<\/a><\/strong><strong>); <\/strong><\/p>\n<p>\u2013 C\u00f3pia autenticada da carteira profissional;<\/p>\n<p>\u2013 C\u00f3pia autenticada de passaporte; e<\/p>\n<p>\u2013 Uma fotografia do requerente colorida (padr\u00e3o passaporte).<\/p>\n<p><strong>OBSERVA\u00c7\u00d5ES:<\/strong><\/p>\n<p>O termo de reciprocidade n\u00e3o se aplica a tecn\u00f3logos e t\u00e9cnicos, ge\u00f3logos, ge\u00f3grafos e meteorologistas.<\/p>\n<p>\u00c9 necess\u00e1rio manter registro ativo e adimplente em ambas as institui\u00e7\u00f5es.<\/p>\n<p>Ao ser admitido na OEP \u00e9 necess\u00e1rio pagar uma taxa inicial \u2013 \u201cJ\u00f3ia de Admiss\u00e3o\u201d \u2013 de 150 \u200e\u20ac. A anuidade (<em>pro rata<\/em>) \u00e9 de 120 \u200e\u20ac (valores para 2018).<\/p>\n<p><strong>DOCUMENTOS NECESS\u00c1RIOS:<\/strong><\/p>\n<p>Todos os documentos\u00a0 exigidos (c\u00f3pias) dever\u00e3o ser autenticados e entregues diretamente no setor de Atendimento ao P\u00fablico do Crea-PB, para envio ao Confea.<\/p>\n<p>\u2013 formul\u00e1rio de requerimento preenchido;<\/p>\n<p>\u2013 c\u00f3pia autenticada da carteira profissional;<\/p>\n<p>\u2013 c\u00f3pia autenticada de passaporte; e<\/p>\n<p>\u2013 uma fotografia do requerente colorida (padr\u00e3o passaporte).<\/p>\n","protected":false},"excerpt":{"rendered":"<p>Requerimento (Clique Aqui) Site do Confea (Clique Aqui) Solicite Aqui (Clique Aqui) &nbsp; O Confea mant\u00e9m junto \u00e0 Ordem de Engenheiros de Portugal (OEP) um termo de reciprocidade que permite aos profissionais da Engenharia brasileiros e portugueses requererem o registro rec\u00edproco. O documento isenta os brasileiros de prestarem as provas de admiss\u00e3o que a OEP exige dos candidatos portugueses, e esses, por sua vez, n\u00e3o precisam revalidar seu diploma portugu\u00eas junto ao Minist\u00e9rio da Educa\u00e7\u00e3o brasileiro para atuar no pa\u00eds. Requisitos \u2013 Formul\u00e1rio de requerimento preenchido\u00a0(Clique aqui para baixar); \u2013 C\u00f3pia autenticada da carteira profissional; \u2013 C\u00f3pia autenticada de passaporte; [&hellip;]<\/p>\n","protected":false},"author":1,"featured_media":0,"parent":19619,"menu_order":0,"comment_status":"closed","ping_status":"closed","template":"","meta":{"_acf_changed":false,"footnotes":""},"class_list":["post-19758","page","type-page","status-publish","hentry"],"acf":[],"_links":{"self":[{"href":"https:\/\/creapb.org.br\/site\/wp-json\/wp\/v2\/pages\/19758","targetHints":{"allow":["GET"]}}],"collection":[{"href":"https:\/\/creapb.org.br\/site\/wp-json\/wp\/v2\/pages"}],"about":[{"href":"https:\/\/creapb.org.br\/site\/wp-json\/wp\/v2\/types\/page"}],"author":[{"embeddable":true,"href":"https:\/\/creapb.org.br\/site\/wp-json\/wp\/v2\/users\/1"}],"replies":[{"embeddable":true,"href":"https:\/\/creapb.org.br\/site\/wp-json\/wp\/v2\/comments?post=19758"}],"version-history":[{"count":0,"href":"https:\/\/creapb.org.br\/site\/wp-json\/wp\/v2\/pages\/19758\/revisions"}],"up":[{"embeddable":true,"href":"https:\/\/creapb.org.br\/site\/wp-json\/wp\/v2\/pages\/19619"}],"wp:attachment":[{"href":"https:\/\/creapb.org.br\/site\/wp-json\/wp\/v2\/media?parent=19758"}],"curies":[{"name":"wp","href":"https:\/\/api.w.org\/{rel}","templated":true}]}}