{"id":19760,"date":"2023-07-16T21:18:55","date_gmt":"2023-07-17T00:18:55","guid":{"rendered":"https:\/\/crea.ativaweb.com.br\/?page_id=19663"},"modified":"2023-08-08T10:00:44","modified_gmt":"2023-08-08T13:00:44","slug":"solicitacao-de-registro-definitivo-matriz","status":"publish","type":"page","link":"https:\/\/creapb.org.br\/site\/empresa\/solicitacao-de-registro-definitivo-matriz\/","title":{"rendered":"SOLICITA\u00c7\u00c3O DE REGISTRO DEFINITIVO (MATRIZ)"},"content":{"rendered":"<p>Solicite Aqui\u00a0<strong><a href=\"https:\/\/crea-pb.sitac.com.br\/publico\/\" target=\"_blank\" rel=\"noopener\">(Clique Aqui)<\/a><\/strong><strong>\u00a0<\/strong><\/p>\n<p>Requerimento\u00a0<strong><a href=\"https:\/\/creapb.org.br\/site\/wp-content\/uploads\/2016\/12\/Requerimento-Pessoa-Jur\u00eddica-todos-servi\u00e7os-3.docx\" target=\"_blank\" rel=\"noopener\">(Clique Aqui)<\/a><\/strong><\/p>\n<p>Para solicitar o registro de Pessoa Jur\u00eddica\u00a0no CREA-PB, conforme disp\u00f5e a Resolu\u00e7\u00e3o do Confea n\u00ba 1.121\/19, o\u00a0requerente dever\u00e1 acessar o link\u00a0<a href=\"https:\/\/crea-pb.sitac.com.br\/publico\/\" target=\"_blank\" rel=\"noopener\"><strong>sitac<\/strong><\/a><strong>.<\/strong><br \/>\nEm \u201csolicita\u00e7\u00e3o de registro\/registro\/visto de Pessoa Jur\u00eddica-EMPRESA\u201d, preencher os campos e anexar os documentos requeridos.<\/p>\n<p>Obs: O valor da taxa de registro, de acordo com a tabela contida na PL n\u00ba 1457\/2022 do CONFEA, \u00e9 de R$ 289,39, que ser\u00e1 encaminhado ao e-mail da empresa quando da conclus\u00e3o da presente solicita\u00e7\u00e3o, devendo ser paga no ato para que o processo seja analisado.<\/p>\n<p><strong>DOCUMENTOS NECESS\u00c1RIOS:<\/strong><\/p>\n<ol>\n<li>Requerimento datado e assinado por representante legal da PJ;<\/li>\n<li>Contrato social de constitui\u00e7\u00e3o e aditivos se houver; ou contrato social consolidado atualizado, registrado na JUCEP ou em outro \u00f3rg\u00e3o competente para o registro de empresa;<\/li>\n<li>Comprovante de Inscri\u00e7\u00e3o e de Situa\u00e7\u00e3o Cadastral no CNPJ;<\/li>\n<li>Comprova\u00e7\u00e3o de que o Respons\u00e1vel T\u00e9cnico (RT) reside no PB (comprovante de endere\u00e7o; ou declara\u00e7\u00e3o de resid\u00eancia; ou contrato de loca\u00e7\u00e3o im\u00f3vel; ou contrato de hospedagem em hotel, devidamente assinado);<\/li>\n<li>ART de cargo ou fun\u00e7\u00e3o, registrada no CREA-PB; e<\/li>\n<li>V\u00ednculo de trabalho com a PJ, datado e assinado (contrato de trabalho, ficha de registro de empregado ou partes da CTPS).<\/li>\n<\/ol>\n<p><strong>OBSERVA\u00c7\u00d5ES:<\/strong><\/p>\n<p>\u2013 Caso n\u00e3o seja o representante legal que assine o requerimento, dever\u00e1 anexar procura\u00e7\u00e3o;<\/p>\n<p>\u2013 Se o RT for habilitado com carteira CREA-PB, desconsiderar o item 4;<\/p>\n<p>\u2013 Se o RT for s\u00f3cio ou titular da PJ, desconsiderar o item 6. E Profissionais de outra Unidade Federativa (estado) dever\u00e3o, antes da indica\u00e7\u00e3o, visar o registro da pessoa f\u00edsica.<\/p>\n","protected":false},"excerpt":{"rendered":"<p>Solicite Aqui\u00a0(Clique Aqui)\u00a0 Requerimento\u00a0(Clique Aqui) Para solicitar o registro de Pessoa Jur\u00eddica\u00a0no CREA-PB, conforme disp\u00f5e a Resolu\u00e7\u00e3o do Confea n\u00ba 1.121\/19, o\u00a0requerente dever\u00e1 acessar o link\u00a0sitac. Em \u201csolicita\u00e7\u00e3o de registro\/registro\/visto de Pessoa Jur\u00eddica-EMPRESA\u201d, preencher os campos e anexar os documentos requeridos. Obs: O valor da taxa de registro, de acordo com a tabela contida na PL n\u00ba 1457\/2022 do CONFEA, \u00e9 de R$ 289,39, que ser\u00e1 encaminhado ao e-mail da empresa quando da conclus\u00e3o da presente solicita\u00e7\u00e3o, devendo ser paga no ato para que o processo seja analisado. DOCUMENTOS NECESS\u00c1RIOS: Requerimento datado e assinado por representante legal da PJ; Contrato [&hellip;]<\/p>\n","protected":false},"author":1,"featured_media":0,"parent":19759,"menu_order":0,"comment_status":"closed","ping_status":"closed","template":"","meta":{"_acf_changed":false,"footnotes":""},"class_list":["post-19760","page","type-page","status-publish","hentry"],"acf":[],"_links":{"self":[{"href":"https:\/\/creapb.org.br\/site\/wp-json\/wp\/v2\/pages\/19760","targetHints":{"allow":["GET"]}}],"collection":[{"href":"https:\/\/creapb.org.br\/site\/wp-json\/wp\/v2\/pages"}],"about":[{"href":"https:\/\/creapb.org.br\/site\/wp-json\/wp\/v2\/types\/page"}],"author":[{"embeddable":true,"href":"https:\/\/creapb.org.br\/site\/wp-json\/wp\/v2\/users\/1"}],"replies":[{"embeddable":true,"href":"https:\/\/creapb.org.br\/site\/wp-json\/wp\/v2\/comments?post=19760"}],"version-history":[{"count":1,"href":"https:\/\/creapb.org.br\/site\/wp-json\/wp\/v2\/pages\/19760\/revisions"}],"predecessor-version":[{"id":19876,"href":"https:\/\/creapb.org.br\/site\/wp-json\/wp\/v2\/pages\/19760\/revisions\/19876"}],"up":[{"embeddable":true,"href":"https:\/\/creapb.org.br\/site\/wp-json\/wp\/v2\/pages\/19759"}],"wp:attachment":[{"href":"https:\/\/creapb.org.br\/site\/wp-json\/wp\/v2\/media?parent=19760"}],"curies":[{"name":"wp","href":"https:\/\/api.w.org\/{rel}","templated":true}]}}