{"id":19762,"date":"2023-07-16T21:23:31","date_gmt":"2023-07-17T00:23:31","guid":{"rendered":"https:\/\/crea.ativaweb.com.br\/?page_id=19667"},"modified":"2023-07-16T21:23:31","modified_gmt":"2023-07-17T00:23:31","slug":"solicitar-visto-de-pessoa-juridica","status":"publish","type":"page","link":"https:\/\/creapb.org.br\/site\/empresa\/solicitar-visto-de-pessoa-juridica\/","title":{"rendered":"SOLICITAR VISTO DE PESSOA JUR\u00cdDICA"},"content":{"rendered":"<p>Requerimento\u00a0<strong><a href=\"https:\/\/creapb.org.br\/site\/wp-content\/uploads\/2016\/12\/Requerimento-Pessoa-Jur\u00eddica-todos-servi\u00e7os-3.docx\" target=\"_blank\" rel=\"noopener\">(Clique Aqui)<\/a><\/strong><\/p>\n<p>Solicite Aqui\u00a0<strong><a href=\"https:\/\/crea-pb.sitac.com.br\/publico\/\" target=\"_blank\" rel=\"noopener\">(Clique Aqui)<\/a><\/strong><\/p>\n<p>&nbsp;<\/p>\n<p>Para solicitar o Visto de Pessoa Jur\u00eddica perante o CREA-PB, conforme disp\u00f5e a Resolu\u00e7\u00e3o do Confea n\u00ba 1.121\/19, o requerente dever\u00e1 acessar o link\u00a0<strong><a href=\"https:\/\/crea-pb.sitac.com.br\/publico\/\" target=\"_blank\" rel=\"noopener\">sitac<\/a><\/strong><strong>.<\/strong><\/p>\n<p>Em \u201csolicita\u00e7\u00e3o de registro\/registro\/Visto de Pessoa Jur\u00eddica-EMPRESA, preencha os campos e anexe os documentos requeridos.<\/p>\n<p>Obs: O valor da taxa de Visto, de acordo com a tabela contida no na PL n\u00ba 1457\/2022 do CONFEA, \u00e9 de R$ 144,27, que ser\u00e1 encaminhado ao e-mail da empresa quando for conclu\u00edda a presente solicita\u00e7\u00e3o, devendo ser paga no ato para que o processo seja analisado.<\/p>\n<p><strong>DOCUMENTOS NECESS\u00c1RIOS:<\/strong><\/p>\n<ol>\n<li>Requerimento\u00a0<u>datado e assinado por representante legal da pessoa jur\u00eddica (PJ);<\/u>(<strong><a href=\"https:\/\/creapb.org.br\/site\/wp-content\/uploads\/2016\/12\/Requerimento-Pessoa-Jur\u00eddica-todos-servi\u00e7os-3.docx\" target=\"_blank\" rel=\"noopener\">REQUERIMENTO DE PESSOA JUR\u00cdDICA \u2013 RPJ<\/a><\/strong>)<strong><br \/>\n<\/strong><\/li>\n<\/ol>\n<p>&nbsp;<\/p>\n<ol start=\"2\">\n<li>Certid\u00e3o de Registro e Quita\u00e7\u00e3o (CRQ) Pessoa Jur\u00eddica emitida pela CREA da circunscri\u00e7\u00e3o onde a PJ tem seu registro principal, devidamente v\u00e1lida e atualizada;<\/li>\n<li>Comprova\u00e7\u00e3o de que o profissional reside na PB (comprovante de endere\u00e7o; ou declara\u00e7\u00e3o de resid\u00eancia; ou contrato de loca\u00e7\u00e3o im\u00f3vel; ou contrato de hospedagem em hotel, devidamente, assinado);<\/li>\n<li>ART de cargo ou fun\u00e7\u00e3o registrada no CREA-PB, devidamente certificada;<\/li>\n<li>V\u00ednculo de trabalho com a PJ,\u00a0<u>datado e assinado (contrato de trabalho, ficha de registro de empregado ou partes da CTPS).<\/u><\/li>\n<li>Comprova\u00e7\u00e3o do tempo de execu\u00e7\u00e3o da atividade (Declara\u00e7\u00e3o do profissional sobre o tempo de execu\u00e7\u00e3o da atividade ou outro documento que o tempo da atividade, como, por exemplo, o contrato de obra\/servi\u00e7o firmado no PB).<\/li>\n<\/ol>\n<p><strong>OBSERVA\u00c7\u00d5ES:<\/strong><\/p>\n<p>\u2013\u00a0Caso n\u00e3o seja o representante legal que assine o requerimento, dever\u00e1 anexar procura\u00e7\u00e3o e c\u00f3pia da identidade ou documento a fim;<\/p>\n<p>\u2013 Se o RT for habilitado com carteira CREA-PB, desconsiderar o item 3;<\/p>\n<p>\u2013\u00a0 Se o RT for s\u00f3cio ou titular da PJ desconsiderar o item 5;<\/p>\n<p>\u2013\u00a0 Se o profissional consta como RT pela mesma PJ na CRQ do CREA de origem a certid\u00e3o poder\u00e1 substituir o item 5;<\/p>\n<p>\u2013 O Visto de PJ tem vig\u00eancia IMPRORROG\u00c1VEL de 180 dias (corridos). E\u00a0<u>Profissionais<\/u>\u00a0de outra UF dever\u00e3o,\u00a0<u>antes da indica\u00e7\u00e3o<\/u>, visar seu registro de Pessoa F\u00edsica.<\/p>\n","protected":false},"excerpt":{"rendered":"<p>Requerimento\u00a0(Clique Aqui) Solicite Aqui\u00a0(Clique Aqui) &nbsp; Para solicitar o Visto de Pessoa Jur\u00eddica perante o CREA-PB, conforme disp\u00f5e a Resolu\u00e7\u00e3o do Confea n\u00ba 1.121\/19, o requerente dever\u00e1 acessar o link\u00a0sitac. Em \u201csolicita\u00e7\u00e3o de registro\/registro\/Visto de Pessoa Jur\u00eddica-EMPRESA, preencha os campos e anexe os documentos requeridos. Obs: O valor da taxa de Visto, de acordo com a tabela contida no na PL n\u00ba 1457\/2022 do CONFEA, \u00e9 de R$ 144,27, que ser\u00e1 encaminhado ao e-mail da empresa quando for conclu\u00edda a presente solicita\u00e7\u00e3o, devendo ser paga no ato para que o processo seja analisado. DOCUMENTOS NECESS\u00c1RIOS: Requerimento\u00a0datado e assinado por representante [&hellip;]<\/p>\n","protected":false},"author":1,"featured_media":0,"parent":19759,"menu_order":0,"comment_status":"closed","ping_status":"closed","template":"","meta":{"_acf_changed":false,"footnotes":""},"class_list":["post-19762","page","type-page","status-publish","hentry"],"acf":[],"_links":{"self":[{"href":"https:\/\/creapb.org.br\/site\/wp-json\/wp\/v2\/pages\/19762","targetHints":{"allow":["GET"]}}],"collection":[{"href":"https:\/\/creapb.org.br\/site\/wp-json\/wp\/v2\/pages"}],"about":[{"href":"https:\/\/creapb.org.br\/site\/wp-json\/wp\/v2\/types\/page"}],"author":[{"embeddable":true,"href":"https:\/\/creapb.org.br\/site\/wp-json\/wp\/v2\/users\/1"}],"replies":[{"embeddable":true,"href":"https:\/\/creapb.org.br\/site\/wp-json\/wp\/v2\/comments?post=19762"}],"version-history":[{"count":0,"href":"https:\/\/creapb.org.br\/site\/wp-json\/wp\/v2\/pages\/19762\/revisions"}],"up":[{"embeddable":true,"href":"https:\/\/creapb.org.br\/site\/wp-json\/wp\/v2\/pages\/19759"}],"wp:attachment":[{"href":"https:\/\/creapb.org.br\/site\/wp-json\/wp\/v2\/media?parent=19762"}],"curies":[{"name":"wp","href":"https:\/\/api.w.org\/{rel}","templated":true}]}}