{"id":19765,"date":"2023-07-16T21:27:57","date_gmt":"2023-07-17T00:27:57","guid":{"rendered":"https:\/\/crea.ativaweb.com.br\/?page_id=19673"},"modified":"2023-07-16T21:27:57","modified_gmt":"2023-07-17T00:27:57","slug":"solicitacao-de-interrupcao-de-registros-de-pessoa-juridica","status":"publish","type":"page","link":"https:\/\/creapb.org.br\/site\/empresa\/solicitacao-de-interrupcao-de-registros-de-pessoa-juridica\/","title":{"rendered":"SOLICITA\u00c7\u00c3O DE INTERRUP\u00c7\u00c3O DE REGISTROS DE PESSOA JUR\u00cdDICA"},"content":{"rendered":"<p>Requerimento\u00a0<strong><a href=\"https:\/\/creapb.org.br\/site\/wp-content\/uploads\/2016\/12\/Requerimento-Pessoa-Jur\u00eddica-todos-servi\u00e7os-3.docx\" target=\"_blank\" rel=\"noopener\">(Clique Aqui)<\/a><\/strong><\/p>\n<p>Solicite Aqui\u00a0<strong><a href=\"https:\/\/servicos-crea-pb.sitac.com.br\/\" target=\"_blank\" rel=\"noopener\">(Clique Aqui)<\/a><\/strong><\/p>\n<p>&nbsp;<\/p>\n<p>Para solicitar a Interrup\u00e7\u00e3o do Registro de Empresa perante o Crea-PB, conforme determina os Artigos 24 \u00e0 28 da Resolu\u00e7\u00e3o 1.121\/19 do Confea,\u00a0 a empresa dever\u00e1 acessar o link\u00a0<strong><a href=\"https:\/\/servicos-crea-pb.sitac.com.br\/\" target=\"_blank\" rel=\"noopener\">Empresa\/Profissional<\/a><\/strong> , neste site, informando o CNPJ e a senha de acesso. Escolha a op\u00e7\u00e3o PROTOCOLO\/CADASTRAR PROTOCOLO\/EMPRESA\/INTERRUP\u00c7\u00c3O DE REGISTRO.<\/p>\n<p>Instru\u00e7\u00f5es Importantes:<\/p>\n<p>A Interrup\u00e7\u00e3o do Registro prevista no \u00a7 \u00danico do Art. 25 da Resolu\u00e7\u00e3o do Confea n\u00ba\u00a0\u00a0 1.121\/19, implicar\u00e1:<\/p>\n<p>I \u2013 A baixa das Anota\u00e7\u00f5es de Responsabilidade T\u00e9cnica \u2013 ARTs referentes a obras ou servi\u00e7os executados ou em execu\u00e7\u00e3o registradas nos Creas onde a pessoa jur\u00eddica requereu ou visou seu registro; e<\/p>\n<p>II \u2013 A baixa dos vistos da pessoa jur\u00eddica nos Creas das demais circunscri\u00e7\u00f5es.<\/p>\n<p>III \u2013 A baixa das Anota\u00e7\u00f5es de Responsabilidade T\u00e9cnica \u2013 ARTs de cargo ou fun\u00e7\u00e3o dos respons\u00e1veis t\u00e9cnicos e dos integrantes do quadro t\u00e9cnico da pessoa jur\u00eddica.<\/p>\n<p><u>Documenta\u00e7\u00e3o Exigida:<\/u><\/p>\n<p>\u2013 Requerimento datado e assinado por representante legal da PJ;\u00a0\u00a0<strong>(<\/strong><strong><a href=\"https:\/\/creapb.org.br\/site\/wp-content\/uploads\/2016\/12\/Requerimento-Pessoa-Jur\u00eddica-todos-servi\u00e7os-3.docx\" target=\"_blank\" rel=\"noopener\">REQUERIMENTO DE PESSOA JUR\u00cdDICA)<\/a><\/strong>.<\/p>\n<p>\u2013 Justificativa da motiva\u00e7\u00e3o para a interrup\u00e7\u00e3o.<\/p>\n<p>Observa\u00e7\u00e3o:<br \/>\n\u2013 Ser\u00e1 cobrada uma taxa no valor de R$54,60 de acordo com o que determina a Resolu\u00e7\u00e3o do Confea n\u00ba 1.066\/2015;<\/p>\n<p>\u2013 A empresa dever\u00e1 quitar o d\u00e9bito existente com rela\u00e7\u00e3o a anuidade em aberto, evitando, assim, a cobran\u00e7a em D\u00edvida Ativa e demais fontes;<\/p>\n","protected":false},"excerpt":{"rendered":"<p>Requerimento\u00a0(Clique Aqui) Solicite Aqui\u00a0(Clique Aqui) &nbsp; Para solicitar a Interrup\u00e7\u00e3o do Registro de Empresa perante o Crea-PB, conforme determina os Artigos 24 \u00e0 28 da Resolu\u00e7\u00e3o 1.121\/19 do Confea,\u00a0 a empresa dever\u00e1 acessar o link\u00a0Empresa\/Profissional , neste site, informando o CNPJ e a senha de acesso. Escolha a op\u00e7\u00e3o PROTOCOLO\/CADASTRAR PROTOCOLO\/EMPRESA\/INTERRUP\u00c7\u00c3O DE REGISTRO. Instru\u00e7\u00f5es Importantes: A Interrup\u00e7\u00e3o do Registro prevista no \u00a7 \u00danico do Art. 25 da Resolu\u00e7\u00e3o do Confea n\u00ba\u00a0\u00a0 1.121\/19, implicar\u00e1: I \u2013 A baixa das Anota\u00e7\u00f5es de Responsabilidade T\u00e9cnica \u2013 ARTs referentes a obras ou servi\u00e7os executados ou em execu\u00e7\u00e3o registradas nos Creas onde a pessoa jur\u00eddica [&hellip;]<\/p>\n","protected":false},"author":1,"featured_media":0,"parent":19759,"menu_order":0,"comment_status":"closed","ping_status":"closed","template":"","meta":{"_acf_changed":false,"footnotes":""},"class_list":["post-19765","page","type-page","status-publish","hentry"],"acf":[],"_links":{"self":[{"href":"https:\/\/creapb.org.br\/site\/wp-json\/wp\/v2\/pages\/19765","targetHints":{"allow":["GET"]}}],"collection":[{"href":"https:\/\/creapb.org.br\/site\/wp-json\/wp\/v2\/pages"}],"about":[{"href":"https:\/\/creapb.org.br\/site\/wp-json\/wp\/v2\/types\/page"}],"author":[{"embeddable":true,"href":"https:\/\/creapb.org.br\/site\/wp-json\/wp\/v2\/users\/1"}],"replies":[{"embeddable":true,"href":"https:\/\/creapb.org.br\/site\/wp-json\/wp\/v2\/comments?post=19765"}],"version-history":[{"count":0,"href":"https:\/\/creapb.org.br\/site\/wp-json\/wp\/v2\/pages\/19765\/revisions"}],"up":[{"embeddable":true,"href":"https:\/\/creapb.org.br\/site\/wp-json\/wp\/v2\/pages\/19759"}],"wp:attachment":[{"href":"https:\/\/creapb.org.br\/site\/wp-json\/wp\/v2\/media?parent=19765"}],"curies":[{"name":"wp","href":"https:\/\/api.w.org\/{rel}","templated":true}]}}