{"id":19767,"date":"2023-07-16T21:31:08","date_gmt":"2023-07-17T00:31:08","guid":{"rendered":"https:\/\/crea.ativaweb.com.br\/?page_id=19677"},"modified":"2023-07-16T21:31:08","modified_gmt":"2023-07-17T00:31:08","slug":"solicitar-baixa-de-resposavel-tecnico-rt","status":"publish","type":"page","link":"https:\/\/creapb.org.br\/site\/empresa\/solicitar-baixa-de-resposavel-tecnico-rt\/","title":{"rendered":"SOLICITAR BAIXA DE RESPOS\u00c1VEL T\u00c9CNICO (RT)"},"content":{"rendered":"<p>Requerimento\u00a0<strong><a href=\"https:\/\/creapb.org.br\/site\/wp-content\/uploads\/2016\/12\/Requerimento-Pessoa-Jur\u00eddica-todos-servi\u00e7os-3.docx\" target=\"_blank\" rel=\"noopener\">(Clique Aqui)<\/a><\/strong><\/p>\n<p>Solicite Aqui\u00a0<strong><a href=\"https:\/\/servicos-crea-pb.sitac.com.br\/\" target=\"_blank\" rel=\"noopener\">(Clique Aqui)<\/a><\/strong><\/p>\n<p>Para solicitar a Baixa de Respons\u00e1vel T\u00e9cnico perante o Crea-PB, conforme determina o Artigo 21da Resolu\u00e7\u00e3o 1.121\/19 do Confea,\u00a0 a empresa dever\u00e1 acessar o link\u00a0<strong><a href=\"https:\/\/servicos-crea-pb.sitac.com.br\/\" target=\"_blank\" rel=\"noopener\">Empresa\/Profissional<\/a><\/strong>, neste site, informando o CNPJ e a senha de acesso. Escolha a op\u00e7\u00e3o PROTOCOLO\/CADASTRAR PROTOCOLO\/EMPRESA\/BAIXA DE RESPONSABILIDADE T\u00c9CNICA.<\/p>\n<p>Documenta\u00e7\u00e3o Exigida:<\/p>\n<p>\u2013 Requerimento da baixa da responsabilidade t\u00e9cnica datado e assinado por representante legal da PJ com a indica\u00e7\u00e3o do profissional a ser baixado. Dispon\u00edvel em\u00a0<strong>(<\/strong><strong><a href=\"https:\/\/creapb.org.br\/site\/wp-content\/uploads\/2016\/12\/Requerimento-Pessoa-Jur\u00eddica-todos-servi\u00e7os-3.docx\" target=\"_blank\" rel=\"noopener\">REQUERIMENTO PESSOA JUR\u00cdDICA<\/a><\/strong><strong>)<\/strong>.<\/p>\n<p>&nbsp;<\/p>\n<p>OBSERVA\u00c7\u00d5ES:<br \/>\n\u2013 Caso n\u00e3o seja o representante legal que assine o requerimento, dever\u00e1 anexar procura\u00e7\u00e3o RG ou documento afim.<\/p>\n","protected":false},"excerpt":{"rendered":"<p>Requerimento\u00a0(Clique Aqui) Solicite Aqui\u00a0(Clique Aqui) Para solicitar a Baixa de Respons\u00e1vel T\u00e9cnico perante o Crea-PB, conforme determina o Artigo 21da Resolu\u00e7\u00e3o 1.121\/19 do Confea,\u00a0 a empresa dever\u00e1 acessar o link\u00a0Empresa\/Profissional, neste site, informando o CNPJ e a senha de acesso. Escolha a op\u00e7\u00e3o PROTOCOLO\/CADASTRAR PROTOCOLO\/EMPRESA\/BAIXA DE RESPONSABILIDADE T\u00c9CNICA. Documenta\u00e7\u00e3o Exigida: \u2013 Requerimento da baixa da responsabilidade t\u00e9cnica datado e assinado por representante legal da PJ com a indica\u00e7\u00e3o do profissional a ser baixado. Dispon\u00edvel em\u00a0(REQUERIMENTO PESSOA JUR\u00cdDICA). &nbsp; OBSERVA\u00c7\u00d5ES: \u2013 Caso n\u00e3o seja o representante legal que assine o requerimento, dever\u00e1 anexar procura\u00e7\u00e3o RG ou documento afim.<\/p>\n","protected":false},"author":1,"featured_media":0,"parent":19759,"menu_order":0,"comment_status":"closed","ping_status":"closed","template":"","meta":{"_acf_changed":false,"footnotes":""},"class_list":["post-19767","page","type-page","status-publish","hentry"],"acf":[],"_links":{"self":[{"href":"https:\/\/creapb.org.br\/site\/wp-json\/wp\/v2\/pages\/19767","targetHints":{"allow":["GET"]}}],"collection":[{"href":"https:\/\/creapb.org.br\/site\/wp-json\/wp\/v2\/pages"}],"about":[{"href":"https:\/\/creapb.org.br\/site\/wp-json\/wp\/v2\/types\/page"}],"author":[{"embeddable":true,"href":"https:\/\/creapb.org.br\/site\/wp-json\/wp\/v2\/users\/1"}],"replies":[{"embeddable":true,"href":"https:\/\/creapb.org.br\/site\/wp-json\/wp\/v2\/comments?post=19767"}],"version-history":[{"count":0,"href":"https:\/\/creapb.org.br\/site\/wp-json\/wp\/v2\/pages\/19767\/revisions"}],"up":[{"embeddable":true,"href":"https:\/\/creapb.org.br\/site\/wp-json\/wp\/v2\/pages\/19759"}],"wp:attachment":[{"href":"https:\/\/creapb.org.br\/site\/wp-json\/wp\/v2\/media?parent=19767"}],"curies":[{"name":"wp","href":"https:\/\/api.w.org\/{rel}","templated":true}]}}