{"id":19768,"date":"2023-07-16T21:33:02","date_gmt":"2023-07-17T00:33:02","guid":{"rendered":"https:\/\/crea.ativaweb.com.br\/?page_id=19679"},"modified":"2023-07-16T21:33:02","modified_gmt":"2023-07-17T00:33:02","slug":"entrar-com-defesa-recurso-de-auto-de-infracao-emitido-pelo-crea","status":"publish","type":"page","link":"https:\/\/creapb.org.br\/site\/empresa\/entrar-com-defesa-recurso-de-auto-de-infracao-emitido-pelo-crea\/","title":{"rendered":"ENTRAR COM DEFESA\/RECURSO DE AUTO DE INFRA\u00c7\u00c3O EMITIDO PELO CREA"},"content":{"rendered":"<p>Solicite Aqui<strong><a href=\"https:\/\/servicos-crea-pb.sitac.com.br\/\" target=\"_blank\" rel=\"noopener\">\u00a0(Clique Aqui)<\/a><\/strong><\/p>\n<p>&nbsp;<\/p>\n<p><strong>Como entrar com DEFESA\/RECURSO acerca de Auto de Infra\u00e7\u00e3o emitido pelo CREA-PB, no ambiente virtual da Pessoa Jur\u00eddica?<\/strong><\/p>\n<p>Acesse o Portal de Servi\u00e7o Empresa, dispon\u00edvel no link\u00a0<strong><a href=\"https:\/\/servicos-crea-pb.sitac.com.br\/\" target=\"_blank\" rel=\"noopener\">EMPRESA\/PROFISSIONAL<\/a><\/strong><strong>,<\/strong>\u00a0informando o CNPJ e a senha de acesso. Escolha a op\u00e7\u00e3o PROTOCOLO\/CADASTRAR PROTOCOLO\/FISCALIZA\u00c7\u00c3O e escolha a op\u00e7\u00e3o cab\u00edvel. Ap\u00f3s, ler as informa\u00e7\u00f5es contidas e anexar o documento referente \u00e0 defesa\/recurso devidamente assinado pelo autuado ou RG e Procura\u00e7\u00e3o do outorgado, fazendo men\u00e7\u00e3o ao n\u00famero do Auto de Infra\u00e7\u00e3o.<\/p>\n","protected":false},"excerpt":{"rendered":"<p>Solicite Aqui\u00a0(Clique Aqui) &nbsp; Como entrar com DEFESA\/RECURSO acerca de Auto de Infra\u00e7\u00e3o emitido pelo CREA-PB, no ambiente virtual da Pessoa Jur\u00eddica? Acesse o Portal de Servi\u00e7o Empresa, dispon\u00edvel no link\u00a0EMPRESA\/PROFISSIONAL,\u00a0informando o CNPJ e a senha de acesso. Escolha a op\u00e7\u00e3o PROTOCOLO\/CADASTRAR PROTOCOLO\/FISCALIZA\u00c7\u00c3O e escolha a op\u00e7\u00e3o cab\u00edvel. Ap\u00f3s, ler as informa\u00e7\u00f5es contidas e anexar o documento referente \u00e0 defesa\/recurso devidamente assinado pelo autuado ou RG e Procura\u00e7\u00e3o do outorgado, fazendo men\u00e7\u00e3o ao n\u00famero do Auto de Infra\u00e7\u00e3o.<\/p>\n","protected":false},"author":1,"featured_media":0,"parent":19759,"menu_order":0,"comment_status":"closed","ping_status":"closed","template":"","meta":{"_acf_changed":false,"footnotes":""},"class_list":["post-19768","page","type-page","status-publish","hentry"],"acf":[],"_links":{"self":[{"href":"https:\/\/creapb.org.br\/site\/wp-json\/wp\/v2\/pages\/19768","targetHints":{"allow":["GET"]}}],"collection":[{"href":"https:\/\/creapb.org.br\/site\/wp-json\/wp\/v2\/pages"}],"about":[{"href":"https:\/\/creapb.org.br\/site\/wp-json\/wp\/v2\/types\/page"}],"author":[{"embeddable":true,"href":"https:\/\/creapb.org.br\/site\/wp-json\/wp\/v2\/users\/1"}],"replies":[{"embeddable":true,"href":"https:\/\/creapb.org.br\/site\/wp-json\/wp\/v2\/comments?post=19768"}],"version-history":[{"count":0,"href":"https:\/\/creapb.org.br\/site\/wp-json\/wp\/v2\/pages\/19768\/revisions"}],"up":[{"embeddable":true,"href":"https:\/\/creapb.org.br\/site\/wp-json\/wp\/v2\/pages\/19759"}],"wp:attachment":[{"href":"https:\/\/creapb.org.br\/site\/wp-json\/wp\/v2\/media?parent=19768"}],"curies":[{"name":"wp","href":"https:\/\/api.w.org\/{rel}","templated":true}]}}