{"id":19769,"date":"2023-07-16T21:34:05","date_gmt":"2023-07-17T00:34:05","guid":{"rendered":"https:\/\/crea.ativaweb.com.br\/?page_id=19681"},"modified":"2023-07-16T21:34:05","modified_gmt":"2023-07-17T00:34:05","slug":"alterar-dados-no-cadastro-de-pessoa-juridica-aditivo","status":"publish","type":"page","link":"https:\/\/creapb.org.br\/site\/empresa\/alterar-dados-no-cadastro-de-pessoa-juridica-aditivo\/","title":{"rendered":"ALTERAR DADOS NO CADASTRO DE PESSOA JUR\u00cdDICA (ADITIVO)"},"content":{"rendered":"<p>Solicite Aqui\u00a0<strong><a href=\"https:\/\/servicos-crea-pb.sitac.com.br\/\" target=\"_blank\" rel=\"noopener\">(Clique Aqui)<\/a><\/strong><\/p>\n<p>Acesse o Portal de Servi\u00e7o Empresa, dispon\u00edvel no link\u00a0<strong><a href=\"https:\/\/servicos-crea-pb.sitac.com.br\/\" target=\"_blank\" rel=\"noopener\">EMPRESA\/PROFISSIONAL<\/a><\/strong>, informando o CNPJ e a senha de acesso. Escolha a op\u00e7\u00e3o PROTOCOLO\/CADASTRAR PROTOCOLO\/EMPRESA, escolha a op\u00e7\u00e3o cab\u00edvel e anexe seu aditivo devidamente registrado na Junta Comercial. Se for Empresa com Registro Secund\u00e1rio (Matriz em outra UF), anexar, tamb\u00e9m, a certid\u00e3o de registro e Quita\u00e7\u00e3o de Pessoa Jur\u00eddica, v\u00e1lida e j\u00e1 com a altera\u00e7\u00e3o realizada no CREA correspondente da matriz.<\/p>\n","protected":false},"excerpt":{"rendered":"<p>Solicite Aqui\u00a0(Clique Aqui) Acesse o Portal de Servi\u00e7o Empresa, dispon\u00edvel no link\u00a0EMPRESA\/PROFISSIONAL, informando o CNPJ e a senha de acesso. Escolha a op\u00e7\u00e3o PROTOCOLO\/CADASTRAR PROTOCOLO\/EMPRESA, escolha a op\u00e7\u00e3o cab\u00edvel e anexe seu aditivo devidamente registrado na Junta Comercial. Se for Empresa com Registro Secund\u00e1rio (Matriz em outra UF), anexar, tamb\u00e9m, a certid\u00e3o de registro e Quita\u00e7\u00e3o de Pessoa Jur\u00eddica, v\u00e1lida e j\u00e1 com a altera\u00e7\u00e3o realizada no CREA correspondente da matriz.<\/p>\n","protected":false},"author":1,"featured_media":0,"parent":19759,"menu_order":0,"comment_status":"closed","ping_status":"closed","template":"","meta":{"_acf_changed":false,"footnotes":""},"class_list":["post-19769","page","type-page","status-publish","hentry"],"acf":[],"_links":{"self":[{"href":"https:\/\/creapb.org.br\/site\/wp-json\/wp\/v2\/pages\/19769","targetHints":{"allow":["GET"]}}],"collection":[{"href":"https:\/\/creapb.org.br\/site\/wp-json\/wp\/v2\/pages"}],"about":[{"href":"https:\/\/creapb.org.br\/site\/wp-json\/wp\/v2\/types\/page"}],"author":[{"embeddable":true,"href":"https:\/\/creapb.org.br\/site\/wp-json\/wp\/v2\/users\/1"}],"replies":[{"embeddable":true,"href":"https:\/\/creapb.org.br\/site\/wp-json\/wp\/v2\/comments?post=19769"}],"version-history":[{"count":0,"href":"https:\/\/creapb.org.br\/site\/wp-json\/wp\/v2\/pages\/19769\/revisions"}],"up":[{"embeddable":true,"href":"https:\/\/creapb.org.br\/site\/wp-json\/wp\/v2\/pages\/19759"}],"wp:attachment":[{"href":"https:\/\/creapb.org.br\/site\/wp-json\/wp\/v2\/media?parent=19769"}],"curies":[{"name":"wp","href":"https:\/\/api.w.org\/{rel}","templated":true}]}}