{"id":21368,"date":"2024-03-07T15:21:30","date_gmt":"2024-03-07T18:21:30","guid":{"rendered":"https:\/\/creapb.org.br\/?page_id=21368"},"modified":"2024-03-07T15:21:30","modified_gmt":"2024-03-07T18:21:30","slug":"programa-mulher-crea-pb","status":"publish","type":"page","link":"https:\/\/creapb.org.br\/site\/programa-mulher-crea-pb\/","title":{"rendered":"PROGRAMA MULHER \/ Crea-PB"},"content":{"rendered":"\n<p><\/p>\n\n\n<div class=\"frm_forms  with_frm_style frm_style_formidable-style\" id=\"frm_form_3_container\" data-token=\"5d9c582ee562c3efb34838fd1c771ac4\">\n<form enctype=\"multipart\/form-data\" method=\"post\" class=\"frm-show-form  frm_pro_form \" id=\"form_programa-mulher\" data-token=\"5d9c582ee562c3efb34838fd1c771ac4\">\n<div class=\"frm_form_fields \">\n<fieldset>\n<legend class=\"frm_screen_reader\">Programa Mulher<\/legend>\r\n\r\n<div class=\"frm_fields_container\">\n<input type=\"hidden\" name=\"frm_action\" value=\"create\" \/>\n<input type=\"hidden\" name=\"form_id\" value=\"3\" \/>\n<input type=\"hidden\" name=\"frm_hide_fields_3\" id=\"frm_hide_fields_3\" value=\"\" \/>\n<input type=\"hidden\" name=\"form_key\" value=\"programa-mulher\" \/>\n<input type=\"hidden\" name=\"item_meta[0]\" value=\"\" \/>\n<input type=\"hidden\" id=\"frm_submit_entry_3\" name=\"frm_submit_entry_3\" value=\"c44fcd870a\" \/><input type=\"hidden\" name=\"_wp_http_referer\" value=\"\/site\/wp-json\/wp\/v2\/pages\/21368\" \/><div id=\"frm_field_22_container\" class=\"frm_form_field form-field  frm_required_field frm_top_container\">\r\n    <label for=\"field_o0f20\" id=\"field_o0f20_label\" class=\"frm_primary_label\">Nome Completo\r\n        <span class=\"frm_required\" aria-hidden=\"true\">*<\/span>\r\n    <\/label>\r\n    <input type=\"text\" id=\"field_o0f20\" name=\"item_meta[22]\" value=\"\"  data-reqmsg=\"Nome Completo cannot be blank.\" aria-required=\"true\" data-invmsg=\"Text is invalid\" aria-invalid=\"false\"  \/>\r\n    \r\n    \r\n<\/div>\n<div id=\"frm_field_23_container\" class=\"frm_form_field form-field  frm_required_field frm_top_container\">\r\n    <label for=\"field_cok6u\" id=\"field_cok6u_label\" class=\"frm_primary_label\">CPF\r\n        <span class=\"frm_required\" aria-hidden=\"true\">*<\/span>\r\n    <\/label>\r\n    <input type=\"text\" id=\"field_cok6u\" name=\"item_meta[23]\" value=\"\"  data-reqmsg=\"CPF cannot be blank.\" aria-required=\"true\" data-invmsg=\"Text is invalid\" aria-invalid=\"false\"  \/>\r\n    \r\n    \r\n<\/div>\n<div id=\"frm_field_24_container\" class=\"frm_form_field form-field  frm_required_field frm_top_container\">\r\n    <div id=\"field_rhoqg_label\" class=\"frm_primary_label\">Endere\u00e7o\r\n        <span class=\"frm_required\" aria-hidden=\"true\">*<\/span>\r\n    <\/div>\r\n    <fieldset aria-labelledby=\"field_rhoqg_label\">\n<legend class=\"frm_screen_reader frm_hidden\">\n\tEndere\u00e7o<\/legend>\n<div class=\"frm_combo_inputs_container\">\n<div id=\"frm_field_24-line1_container\" class=\"frm_form_field form-field \">\n\t<label for=\"field_rhoqg_line1\" class=\"frm_screen_reader frm_hidden\">\n\t\tEndere\u00e7o\t<\/label>\n\t\t<input type=\"text\" id=\"field_rhoqg_line1\" value=\"\" name=\"item_meta[24][line1]\"  data-reqmsg=\"Endere\u00e7o cannot be blank.\" aria-required=\"true\" data-invmsg=\"Endere\u00e7o \u00e9 inv\u00e1lido\" aria-invalid=\"false\"   autocomplete=\"address-line1\" \/>\n\t<\/div>\n<div id=\"frm_field_24-line2_container\" class=\"frm_form_field form-field \">\n\t<label for=\"field_rhoqg_line2\" class=\"frm_screen_reader frm_hidden\">\n\t\tEndere\u00e7o\t<\/label>\n\t\t<input type=\"text\" id=\"field_rhoqg_line2\" value=\"\" name=\"item_meta[24][line2]\"  data-reqmsg=\"Endere\u00e7o cannot be blank.\" aria-required=\"true\" data-invmsg=\"Endere\u00e7o \u00e9 inv\u00e1lido\" class=\"frm_optional\" aria-invalid=\"false\"   autocomplete=\"address-line2\" \/>\n\t<\/div>\n<div id=\"frm_field_24-city_container\" class=\"frm_form_field form-field frm_third frm_first\">\n\t<label for=\"field_rhoqg_city\" class=\"frm_screen_reader frm_hidden\">\n\t\tCidade\t<\/label>\n\t\t<input type=\"text\" id=\"field_rhoqg_city\" value=\"\" name=\"item_meta[24][city]\"  data-reqmsg=\"Endere\u00e7o cannot be blank.\" aria-required=\"true\" data-invmsg=\"Endere\u00e7o \u00e9 inv\u00e1lido\" aria-invalid=\"false\"   autocomplete=\"address-level2\" \/>\n\t<div class=\"frm_description\">Cidade<\/div><\/div>\n<div id=\"frm_field_24-state_container\" class=\"frm_form_field form-field frm_third\">\n\t<label for=\"field_rhoqg_state\" class=\"frm_screen_reader frm_hidden\">\n\t\tEstado\t<\/label>\n\t\t<input type=\"text\" id=\"field_rhoqg_state\" value=\"\" name=\"item_meta[24][state]\"  data-reqmsg=\"Endere\u00e7o cannot be blank.\" aria-required=\"true\" data-invmsg=\"Endere\u00e7o \u00e9 inv\u00e1lido\" aria-invalid=\"false\"   autocomplete=\"address-level1\" \/>\n\t<div class=\"frm_description\">Estado<\/div><\/div>\n<div id=\"frm_field_24-zip_container\" class=\"frm_form_field form-field frm_third\">\n\t<label for=\"field_rhoqg_zip\" class=\"frm_screen_reader frm_hidden\">\n\t\tCEP \/ Postal\t<\/label>\n\t\t<input type=\"text\" id=\"field_rhoqg_zip\" value=\"\" name=\"item_meta[24][zip]\"  data-reqmsg=\"Endere\u00e7o cannot be blank.\" aria-required=\"true\" data-invmsg=\"Endere\u00e7o \u00e9 inv\u00e1lido\" aria-invalid=\"false\"   autocomplete=\"postal-code\" \/>\n\t<div class=\"frm_description\">CEP \/ Postal<\/div><\/div>\n<\/div>\n<\/fieldset>\n\r\n    \r\n    \r\n<\/div>\n<div id=\"frm_field_27_container\" class=\"frm_form_field form-field  frm_top_container\">\r\n    <label for=\"field_j0pzb\" id=\"field_j0pzb_label\" class=\"frm_primary_label\">Telefone para contato\r\n        <span class=\"frm_required\" aria-hidden=\"true\"><\/span>\r\n    <\/label>\r\n    <input type=\"tel\" id=\"field_j0pzb\" name=\"item_meta[27]\" value=\"\"  data-frmmask=\"(99) 99999 - 9999\" data-invmsg=\"Number is invalid\" aria-invalid=\"false\" pattern=\"\\(\\d\\d\\) \\d\\d\\d\\d\\d - \\d\\d\\d\\d$\"  \/>\r\n    \r\n    \r\n<\/div>\n<div id=\"frm_field_26_container\" class=\"frm_form_field form-field  frm_required_field frm_top_container\">\r\n    <label for=\"field_mn86\" id=\"field_mn86_label\" class=\"frm_primary_label\">E-mail\r\n        <span class=\"frm_required\" aria-hidden=\"true\">*<\/span>\r\n    <\/label>\r\n    <input type=\"email\" id=\"field_mn86\" name=\"item_meta[26]\" value=\"\" autocomplete=\"email\" data-reqmsg=\"E-mail cannot be blank.\" aria-required=\"true\" data-invmsg=\"Email is invalid\" aria-invalid=\"false\"  \/>\r\n    \r\n    \r\n<\/div>\n<div id=\"frm_field_29_container\" class=\"frm_form_field form-field  frm_required_field frm_top_container frm6 frm_first\">\r\n    <label for=\"field_9z5w9\" id=\"field_9z5w9_label\" class=\"frm_primary_label\">Data de conclus\u00e3o do curso\r\n        <span class=\"frm_required\" aria-hidden=\"true\">*<\/span>\r\n    <\/label>\r\n    <input type=\"text\" id=\"field_9z5w9\" name=\"item_meta[29]\" value=\"\"  maxlength=\"10\" data-reqmsg=\"Data de conclus\u00e3o do curso cannot be blank.\" aria-required=\"true\" data-invmsg=\"Date is invalid\" class=\"frm_date\" aria-invalid=\"false\"  \/>\r\n    \r\n    \r\n<\/div>\n<div id=\"frm_field_30_container\" class=\"frm_form_field form-field  frm_required_field frm_top_container frm6 frm_other_container\">\r\n    <label for=\"field_krgkt\" id=\"field_krgkt_label\" class=\"frm_primary_label\">Estado Civil\r\n        <span class=\"frm_required\" aria-hidden=\"true\">*<\/span>\r\n    <\/label>\r\n    \t\t<select name=\"item_meta[30]\" id=\"field_krgkt\"  data-frmval=\"Solteira\" data-reqmsg=\"Estado Civil cannot be blank.\" aria-required=\"true\" data-invmsg=\"Estado Civil \u00e9 inv\u00e1lido\" aria-invalid=\"false\"  >\n\t\t<option  value=\"Solteira\" selected='selected'>Solteira<\/option><option  value=\"Casada\">Casada<\/option><option  value=\"Uni\u00e3o Est\u00e1vel\" class=\"frm_other_trigger\">Uni\u00e3o Est\u00e1vel<\/option><option  value=\"Divorciada\">Divorciada<\/option><option  value=\"Vi\u00fava\">Vi\u00fava<\/option>\t<\/select>\n\t<label for=\"field_krgkt-otext\" class=\"frm_screen_reader frm_hidden\">Estado Civil<\/label><input type=\"text\" id=\"field_krgkt-otext\" class=\"frm_other_input frm_pos_none\"  name=\"item_meta[other][30]\" value=\"\" \/>\r\n    \r\n    \r\n<\/div>\n<div id=\"frm_field_31_container\" class=\"frm_form_field form-field  frm_required_field frm_top_container frm6 frm_first\">\r\n    <label for=\"field_4rrg5\" id=\"field_4rrg5_label\" class=\"frm_primary_label\">Especifica\u00e7\u00e3o do Curso\r\n        <span class=\"frm_required\" aria-hidden=\"true\">*<\/span>\r\n    <\/label>\r\n    <input type=\"text\" id=\"field_4rrg5\" name=\"item_meta[31]\" value=\"\"  placeholder=\"Eng. Civil, Mec\u00e2nica\" data-reqmsg=\"Especifica\u00e7\u00e3o do Curso cannot be blank.\" aria-required=\"true\" data-invmsg=\"Text is invalid\" aria-invalid=\"false\"  \/>\r\n    \r\n    \r\n<\/div>\n<div id=\"frm_field_32_container\" class=\"frm_form_field form-field  frm_required_field frm_top_container frm6\">\r\n    <label for=\"field_tu44v\" id=\"field_tu44v_label\" class=\"frm_primary_label\">Etnia\r\n        <span class=\"frm_required\" aria-hidden=\"true\">*<\/span>\r\n    <\/label>\r\n    \t\t<select name=\"item_meta[32]\" id=\"field_tu44v\"  data-frmval=\"Negro\" data-reqmsg=\"Etnia cannot be blank.\" aria-required=\"true\" data-invmsg=\"Etnia \u00e9 inv\u00e1lido\" aria-invalid=\"false\"  >\n\t\t<option  value=\"Negro\" selected='selected'>Negro<\/option><option  value=\"Branco\">Branco<\/option><option  value=\"Pardo\">Pardo<\/option><option  value=\"N\u00e3o quero informar\">N\u00e3o quero informar<\/option>\t<\/select>\n\t\r\n    \r\n    \r\n<\/div>\n\t<input type=\"hidden\" name=\"item_key\" value=\"\" \/>\n\t\t\t<div id=\"frm_field_44_container\">\n\t\t\t<label for=\"field_nkjgr\" >\n\t\t\t\tSe voc\u00ea \u00e9 humano, deixe este campo em branco.\t\t\t<\/label>\n\t\t\t<input  id=\"field_nkjgr\" type=\"text\" class=\"frm_form_field form-field frm_verify\" name=\"item_meta[44]\" value=\"\"  \/>\n\t\t<\/div>\n\t\t<input name=\"frm_state\" type=\"hidden\" value=\"TttwZ3kO9qgCop7IlW+BvxxqBqissDafX3ytlcwtaxg=\" \/><div class=\"frm_submit frm_flex\">\r\n<button class=\"frm_button_submit frm_final_submit\" type=\"submit\"  formnovalidate=\"formnovalidate\">Enviar<\/button>\r\n\r\n\r\n\r\n<\/div><\/div>\n<\/fieldset>\n<\/div>\n\n<\/form>\n<\/div>\n","protected":false},"excerpt":{"rendered":"","protected":false},"author":101015,"featured_media":0,"parent":0,"menu_order":0,"comment_status":"closed","ping_status":"closed","template":"","meta":{"_acf_changed":false,"footnotes":""},"class_list":["post-21368","page","type-page","status-publish","hentry"],"acf":[],"_links":{"self":[{"href":"https:\/\/creapb.org.br\/site\/wp-json\/wp\/v2\/pages\/21368","targetHints":{"allow":["GET"]}}],"collection":[{"href":"https:\/\/creapb.org.br\/site\/wp-json\/wp\/v2\/pages"}],"about":[{"href":"https:\/\/creapb.org.br\/site\/wp-json\/wp\/v2\/types\/page"}],"author":[{"embeddable":true,"href":"https:\/\/creapb.org.br\/site\/wp-json\/wp\/v2\/users\/101015"}],"replies":[{"embeddable":true,"href":"https:\/\/creapb.org.br\/site\/wp-json\/wp\/v2\/comments?post=21368"}],"version-history":[{"count":1,"href":"https:\/\/creapb.org.br\/site\/wp-json\/wp\/v2\/pages\/21368\/revisions"}],"predecessor-version":[{"id":21369,"href":"https:\/\/creapb.org.br\/site\/wp-json\/wp\/v2\/pages\/21368\/revisions\/21369"}],"wp:attachment":[{"href":"https:\/\/creapb.org.br\/site\/wp-json\/wp\/v2\/media?parent=21368"}],"curies":[{"name":"wp","href":"https:\/\/api.w.org\/{rel}","templated":true}]}}