{"id":21398,"date":"2024-03-14T18:24:10","date_gmt":"2024-03-14T21:24:10","guid":{"rendered":"https:\/\/creapb.org.br\/?page_id=21398"},"modified":"2024-03-14T18:24:10","modified_gmt":"2024-03-14T21:24:10","slug":"crea-jr","status":"publish","type":"page","link":"https:\/\/creapb.org.br\/site\/crea-jr\/","title":{"rendered":"CREA-JR"},"content":{"rendered":"<div class=\"frm_forms  with_frm_style frm_style_formidable-style\" id=\"frm_form_4_container\" data-token=\"54e9d870216bc3fc102e0e7878defd09\">\n<form enctype=\"multipart\/form-data\" method=\"post\" class=\"frm-show-form  frm_pro_form \" id=\"form_crea-jr\" data-token=\"54e9d870216bc3fc102e0e7878defd09\">\n<div class=\"frm_form_fields \">\n<fieldset>\n<legend class=\"frm_screen_reader\">CREA-JR<\/legend>\r\n\r\n<div class=\"frm_fields_container\">\n<input type=\"hidden\" name=\"frm_action\" value=\"create\" \/>\n<input type=\"hidden\" name=\"form_id\" value=\"4\" \/>\n<input type=\"hidden\" name=\"frm_hide_fields_4\" id=\"frm_hide_fields_4\" value=\"\" \/>\n<input type=\"hidden\" name=\"form_key\" value=\"crea-jr\" \/>\n<input type=\"hidden\" name=\"item_meta[0]\" value=\"\" \/>\n<input type=\"hidden\" id=\"frm_submit_entry_4\" name=\"frm_submit_entry_4\" value=\"29101828de\" \/><input type=\"hidden\" name=\"_wp_http_referer\" value=\"\/site\/wp-json\/wp\/v2\/pages\/21398\" \/><div id=\"frm_field_33_container\" class=\"frm_form_field form-field  frm_required_field frm_top_container\">\r\n    <label for=\"field_o0f202\" id=\"field_o0f202_label\" class=\"frm_primary_label\">Nome Completo\r\n        <span class=\"frm_required\" aria-hidden=\"true\">*<\/span>\r\n    <\/label>\r\n    <input type=\"text\" id=\"field_o0f202\" name=\"item_meta[33]\" value=\"\"  data-reqmsg=\"Nome Completo cannot be blank.\" aria-required=\"true\" data-invmsg=\"Text is invalid\" aria-invalid=\"false\"  \/>\r\n    \r\n    \r\n<\/div>\n<div id=\"frm_field_34_container\" class=\"frm_form_field form-field  frm_required_field frm_top_container\">\r\n    <label for=\"field_cok6u2\" id=\"field_cok6u2_label\" class=\"frm_primary_label\">CPF\r\n        <span class=\"frm_required\" aria-hidden=\"true\">*<\/span>\r\n    <\/label>\r\n    <input type=\"text\" id=\"field_cok6u2\" name=\"item_meta[34]\" value=\"\"  data-reqmsg=\"CPF cannot be blank.\" aria-required=\"true\" data-invmsg=\"Text is invalid\" aria-invalid=\"false\"  \/>\r\n    \r\n    \r\n<\/div>\n<div id=\"frm_field_35_container\" class=\"frm_form_field form-field  frm_required_field frm_top_container\">\r\n    <div id=\"field_rhoqg2_label\" class=\"frm_primary_label\">Endere\u00e7o\r\n        <span class=\"frm_required\" aria-hidden=\"true\">*<\/span>\r\n    <\/div>\r\n    <fieldset aria-labelledby=\"field_rhoqg2_label\">\n<legend class=\"frm_screen_reader frm_hidden\">\n\tEndere\u00e7o<\/legend>\n<div class=\"frm_combo_inputs_container\">\n<div id=\"frm_field_35-line1_container\" class=\"frm_form_field form-field \">\n\t<label for=\"field_rhoqg2_line1\" class=\"frm_screen_reader frm_hidden\">\n\t\tEndere\u00e7o\t<\/label>\n\t\t<input type=\"text\" id=\"field_rhoqg2_line1\" value=\"\" name=\"item_meta[35][line1]\"  data-reqmsg=\"Endere\u00e7o cannot be blank.\" aria-required=\"true\" data-invmsg=\"Endere\u00e7o \u00e9 inv\u00e1lido\" aria-invalid=\"false\"   autocomplete=\"address-line1\" \/>\n\t<\/div>\n<div id=\"frm_field_35-line2_container\" class=\"frm_form_field form-field \">\n\t<label for=\"field_rhoqg2_line2\" class=\"frm_screen_reader frm_hidden\">\n\t\tEndere\u00e7o\t<\/label>\n\t\t<input type=\"text\" id=\"field_rhoqg2_line2\" value=\"\" name=\"item_meta[35][line2]\"  data-reqmsg=\"Endere\u00e7o cannot be blank.\" aria-required=\"true\" data-invmsg=\"Endere\u00e7o \u00e9 inv\u00e1lido\" class=\"frm_optional\" aria-invalid=\"false\"   autocomplete=\"address-line2\" \/>\n\t<\/div>\n<div id=\"frm_field_35-city_container\" class=\"frm_form_field form-field frm_third frm_first\">\n\t<label for=\"field_rhoqg2_city\" class=\"frm_screen_reader frm_hidden\">\n\t\tCidade\t<\/label>\n\t\t<input type=\"text\" id=\"field_rhoqg2_city\" value=\"\" name=\"item_meta[35][city]\"  data-reqmsg=\"Endere\u00e7o cannot be blank.\" aria-required=\"true\" data-invmsg=\"Endere\u00e7o \u00e9 inv\u00e1lido\" aria-invalid=\"false\"   autocomplete=\"address-level2\" \/>\n\t<div class=\"frm_description\">Cidade<\/div><\/div>\n<div id=\"frm_field_35-state_container\" class=\"frm_form_field form-field frm_third\">\n\t<label for=\"field_rhoqg2_state\" class=\"frm_screen_reader frm_hidden\">\n\t\tEstado\t<\/label>\n\t\t<input type=\"text\" id=\"field_rhoqg2_state\" value=\"\" name=\"item_meta[35][state]\"  data-reqmsg=\"Endere\u00e7o cannot be blank.\" aria-required=\"true\" data-invmsg=\"Endere\u00e7o \u00e9 inv\u00e1lido\" aria-invalid=\"false\"   autocomplete=\"address-level1\" \/>\n\t<div class=\"frm_description\">Estado<\/div><\/div>\n<div id=\"frm_field_35-zip_container\" class=\"frm_form_field form-field frm_third\">\n\t<label for=\"field_rhoqg2_zip\" class=\"frm_screen_reader frm_hidden\">\n\t\tCEP \/ Postal\t<\/label>\n\t\t<input type=\"text\" id=\"field_rhoqg2_zip\" value=\"\" name=\"item_meta[35][zip]\"  data-reqmsg=\"Endere\u00e7o cannot be blank.\" aria-required=\"true\" data-invmsg=\"Endere\u00e7o \u00e9 inv\u00e1lido\" aria-invalid=\"false\"   autocomplete=\"postal-code\" \/>\n\t<div class=\"frm_description\">CEP \/ Postal<\/div><\/div>\n<\/div>\n<\/fieldset>\n\r\n    \r\n    \r\n<\/div>\n<div id=\"frm_field_36_container\" class=\"frm_form_field form-field  frm_top_container\">\r\n    <label for=\"field_j0pzb2\" id=\"field_j0pzb2_label\" class=\"frm_primary_label\">Telefone para contato\r\n        <span class=\"frm_required\" aria-hidden=\"true\"><\/span>\r\n    <\/label>\r\n    <input type=\"tel\" id=\"field_j0pzb2\" name=\"item_meta[36]\" value=\"\"  data-frmmask=\"(99) 99999 - 9999\" data-invmsg=\"Number is invalid\" aria-invalid=\"false\" pattern=\"\\(\\d\\d\\) \\d\\d\\d\\d\\d - \\d\\d\\d\\d$\"  \/>\r\n    \r\n    \r\n<\/div>\n<div id=\"frm_field_37_container\" class=\"frm_form_field form-field  frm_required_field frm_top_container\">\r\n    <label for=\"field_mn862\" id=\"field_mn862_label\" class=\"frm_primary_label\">E-mail\r\n        <span class=\"frm_required\" aria-hidden=\"true\">*<\/span>\r\n    <\/label>\r\n    <input type=\"email\" id=\"field_mn862\" name=\"item_meta[37]\" value=\"\" autocomplete=\"email\" data-reqmsg=\"E-mail cannot be blank.\" aria-required=\"true\" data-invmsg=\"Email is invalid\" aria-invalid=\"false\"  \/>\r\n    \r\n    \r\n<\/div>\n<div id=\"frm_field_38_container\" class=\"frm_form_field form-field  frm_required_field frm_top_container frm6 frm_first\">\r\n    <label for=\"field_9z5w92\" id=\"field_9z5w92_label\" class=\"frm_primary_label\">Data de conclus\u00e3o do curso\r\n        <span class=\"frm_required\" aria-hidden=\"true\">*<\/span>\r\n    <\/label>\r\n    <input type=\"text\" id=\"field_9z5w92\" name=\"item_meta[38]\" value=\"\"  maxlength=\"10\" data-reqmsg=\"Data de conclus\u00e3o do curso cannot be blank.\" aria-required=\"true\" data-invmsg=\"Date is invalid\" class=\"frm_date\" aria-invalid=\"false\"  \/>\r\n    \r\n    \r\n<\/div>\n<div id=\"frm_field_39_container\" class=\"frm_form_field form-field  frm_required_field frm_top_container frm6 frm_other_container\">\r\n    <label for=\"field_krgkt2\" id=\"field_krgkt2_label\" class=\"frm_primary_label\">Estado Civil\r\n        <span class=\"frm_required\" aria-hidden=\"true\">*<\/span>\r\n    <\/label>\r\n    \t\t<select name=\"item_meta[39]\" id=\"field_krgkt2\"  data-frmval=\"Solteira\" data-reqmsg=\"Estado Civil cannot be blank.\" aria-required=\"true\" data-invmsg=\"Estado Civil \u00e9 inv\u00e1lido\" aria-invalid=\"false\"  >\n\t\t<option  value=\"Solteira\" selected='selected'>Solteira<\/option><option  value=\"Casada\">Casada<\/option><option  value=\"Uni\u00e3o Est\u00e1vel\" class=\"frm_other_trigger\">Uni\u00e3o Est\u00e1vel<\/option><option  value=\"Divorciada\">Divorciada<\/option><option  value=\"Vi\u00fava\">Vi\u00fava<\/option>\t<\/select>\n\t<label for=\"field_krgkt2-otext\" class=\"frm_screen_reader frm_hidden\">Estado Civil<\/label><input type=\"text\" id=\"field_krgkt2-otext\" class=\"frm_other_input frm_pos_none\"  name=\"item_meta[other][39]\" value=\"\" \/>\r\n    \r\n    \r\n<\/div>\n<div id=\"frm_field_42_container\" class=\"frm_form_field form-field  frm_required_field frm_top_container\">\r\n    <label for=\"field_npfnb\" id=\"field_npfnb_label\" class=\"frm_primary_label\">Qual Institui\u00e7\u00e3o de Ensino\r\n        <span class=\"frm_required\" aria-hidden=\"true\">*<\/span>\r\n    <\/label>\r\n    <input type=\"text\" id=\"field_npfnb\" name=\"item_meta[42]\" value=\"\"  data-reqmsg=\"Qual Institui\u00e7\u00e3o de Ensino cannot be blank.\" aria-required=\"true\" data-invmsg=\"Text is invalid\" aria-invalid=\"false\"  \/>\r\n    \r\n    \r\n<\/div>\n<div id=\"frm_field_40_container\" class=\"frm_form_field form-field  frm_required_field frm_top_container frm6 frm_first\">\r\n    <label for=\"field_4rrg52\" id=\"field_4rrg52_label\" class=\"frm_primary_label\">Especifica\u00e7\u00e3o do Curso\r\n        <span class=\"frm_required\" aria-hidden=\"true\">*<\/span>\r\n    <\/label>\r\n    <input type=\"text\" id=\"field_4rrg52\" name=\"item_meta[40]\" value=\"\"  placeholder=\"Eng. Civil, Mec\u00e2nica\" data-reqmsg=\"Especifica\u00e7\u00e3o do Curso cannot be blank.\" aria-required=\"true\" data-invmsg=\"Text is invalid\" aria-invalid=\"false\"  \/>\r\n    \r\n    \r\n<\/div>\n<div id=\"frm_field_41_container\" class=\"frm_form_field form-field  frm_required_field frm_top_container frm6\">\r\n    <label for=\"field_tu44v2\" id=\"field_tu44v2_label\" class=\"frm_primary_label\">Etnia\r\n        <span class=\"frm_required\" aria-hidden=\"true\">*<\/span>\r\n    <\/label>\r\n    \t\t<select name=\"item_meta[41]\" id=\"field_tu44v2\"  data-frmval=\"Negro\" data-reqmsg=\"Etnia cannot be blank.\" aria-required=\"true\" data-invmsg=\"Etnia \u00e9 inv\u00e1lido\" aria-invalid=\"false\"  >\n\t\t<option  value=\"Negro\" selected='selected'>Negro<\/option><option  value=\"Branco\">Branco<\/option><option  value=\"Pardo\">Pardo<\/option><option  value=\"N\u00e3o quero informar\">N\u00e3o quero informar<\/option>\t<\/select>\n\t\r\n    \r\n    \r\n<\/div>\n<div id=\"frm_field_43_container\" class=\"frm_form_field form-field \">\n\t<div class=\"frm_submit frm_flex\">\r\n<button class=\"frm_button_submit frm_final_submit\" type=\"submit\"  formnovalidate=\"formnovalidate\">Enviar<\/button>\r\n\r\n\r\n\r\n<\/div>\n<\/div>\n\t<input type=\"hidden\" name=\"item_key\" value=\"\" \/>\n\t\t\t<div id=\"frm_field_44_container\">\n\t\t\t<label for=\"field_oyqtz\" >\n\t\t\t\tSe voc\u00ea \u00e9 humano, deixe este campo em branco.\t\t\t<\/label>\n\t\t\t<input  id=\"field_oyqtz\" type=\"text\" class=\"frm_form_field form-field frm_verify\" name=\"item_meta[44]\" value=\"\"  \/>\n\t\t<\/div>\n\t\t<input name=\"frm_state\" type=\"hidden\" value=\"TttwZ3kO9qgCop7IlW+BvxxqBqissDafX3ytlcwtaxg=\" \/><\/div>\n<\/fieldset>\n<\/div>\n\n<\/form>\n<\/div>\n","protected":false},"excerpt":{"rendered":"","protected":false},"author":101015,"featured_media":0,"parent":0,"menu_order":0,"comment_status":"closed","ping_status":"closed","template":"","meta":{"_acf_changed":false,"footnotes":""},"class_list":["post-21398","page","type-page","status-publish","hentry"],"acf":[],"_links":{"self":[{"href":"https:\/\/creapb.org.br\/site\/wp-json\/wp\/v2\/pages\/21398","targetHints":{"allow":["GET"]}}],"collection":[{"href":"https:\/\/creapb.org.br\/site\/wp-json\/wp\/v2\/pages"}],"about":[{"href":"https:\/\/creapb.org.br\/site\/wp-json\/wp\/v2\/types\/page"}],"author":[{"embeddable":true,"href":"https:\/\/creapb.org.br\/site\/wp-json\/wp\/v2\/users\/101015"}],"replies":[{"embeddable":true,"href":"https:\/\/creapb.org.br\/site\/wp-json\/wp\/v2\/comments?post=21398"}],"version-history":[{"count":1,"href":"https:\/\/creapb.org.br\/site\/wp-json\/wp\/v2\/pages\/21398\/revisions"}],"predecessor-version":[{"id":21399,"href":"https:\/\/creapb.org.br\/site\/wp-json\/wp\/v2\/pages\/21398\/revisions\/21399"}],"wp:attachment":[{"href":"https:\/\/creapb.org.br\/site\/wp-json\/wp\/v2\/media?parent=21398"}],"curies":[{"name":"wp","href":"https:\/\/api.w.org\/{rel}","templated":true}]}}