{"id":21542,"date":"2024-04-15T13:01:25","date_gmt":"2024-04-15T16:01:25","guid":{"rendered":"https:\/\/creapb.org.br\/?page_id=21542"},"modified":"2025-12-04T13:52:04","modified_gmt":"2025-12-04T16:52:04","slug":"contatos-para-atendimento","status":"publish","type":"page","link":"https:\/\/creapb.org.br\/site\/contatos-para-atendimento\/","title":{"rendered":"Contatos para atendimento"},"content":{"rendered":"\n<h2 class=\"wp-block-heading\"><strong>CENTRAL TELEF\u00d4NICA<\/strong><\/h2>\n\n\n\n<p>3533- 2525<\/p>\n\n\n\n<h2 class=\"wp-block-heading\"><strong>ATENDIMENTOS ART, PESSOA F\u00cdSICA E PESSOA JUR\u00cdDICA<\/strong><\/h2>\n\n\n\n<p>DARCIVAL:&nbsp;3533-2541 \u2013 ga.darcival@creapb.org.br \u2013 Ger\u00eancia de Registros\/Certid\u00f5es<\/p>\n\n\n\n<p>OSMAR: 3533-2550  \u2013 Sub Ger\u00eancia de Registros\/ ART<\/p>\n\n\n\n<p>ADJAILSON:&nbsp; 3533-2539&nbsp;\u2013&nbsp;<a href=\"mailto:adjailson@creapb.org.br\">adjailson@creapb.org.br<\/a>&nbsp;\u2013&nbsp;Registro de Pessoa Jur\u00eddica<\/p>\n\n\n\n<p>TACIANA: 3533-2527-&nbsp;<a href=\"mailto:taciana@creapb.org.br-\">taciana@creapb.org.br-<\/a>&nbsp;Registro de Pessoa Jur\u00eddica<\/p>\n\n\n\n<p>BENALVA: 3533-2522-&nbsp;<a href=\"mailto:benalva@creapb.org.br-\">benalva@creapb.org.br-<\/a>&nbsp;Registro de Pessoa F\u00edsica<\/p>\n\n\n\n<p>JO\u00c3O: 3533-2556-&nbsp;<a href=\"mailto:joca@creapb.org.br-\">joca@creapb.org.br-<\/a>&nbsp;Registro de Pessoa F\u00edsica<\/p>\n\n\n\n<p>JOSIMAR: &nbsp;<a href=\"mailto:josimar@creapb.org.br-\">josimar@creapb.org.br-<\/a>&nbsp;Registro de Pessoa F\u00edsica<\/p>\n\n\n\n<h2 class=\"wp-block-heading\"><strong>FISCALIZA\u00c7\u00c3O<\/strong><\/h2>\n\n\n\n<p>ANT\u00d4NIO&nbsp;C\u00c9SAR:&nbsp;3533-2537 \u2013 &nbsp;cesar@creapb.org.br<\/p>\n\n\n\n<p>MAX&nbsp;MARINHO:&nbsp; 3533-2535&nbsp;\u2013 max@creapb.org.br<\/p>\n\n\n\n<h2 class=\"wp-block-heading\"><strong>OUVIDORIA<\/strong><\/h2>\n\n\n\n<p>ALM\u00c9RIA:&nbsp; 3533-2525&nbsp;\u2013 ouvidoria@creapb.org.br<\/p>\n\n\n\n<h2 class=\"wp-block-heading\">&nbsp;<strong>GER\u00caNCIA DE APOIO AOS COLEGIADOS&nbsp;<\/strong><\/h2>\n\n\n\n<p>RENATA:&nbsp; 3533-2524&nbsp;\u2013 secretariadeapoio@creapb.org.br<\/p>\n\n\n\n<h2 class=\"wp-block-heading\"><strong>GER\u00caNCIA DE PROJETOS E COMISS\u00c3O DE LICITA\u00c7\u00c3O<\/strong><\/h2>\n\n\n\n<p>SERGIO:&nbsp;3533-2560 \u2013 sergio@creapb.org.br<\/p>\n\n\n\n<h2 class=\"wp-block-heading\"><strong>ASSESSORIA T\u00c9CNICA<\/strong><\/h2>\n\n\n\n<p>MARCO:&nbsp;3533-2521 \u2013 &nbsp;atec@creapb.org.br<\/p>\n\n\n\n<p>RICANDA:&nbsp;3533-2536<\/p>\n\n\n\n<p>IN\u00caZ: 3533-2520<\/p>\n\n\n\n<p>RAIMUNDO: 3533-2566<\/p>\n\n\n\n<h2 class=\"wp-block-heading\"><strong>ASSESSORIA JUR\u00cdDICA&nbsp;<\/strong><\/h2>\n\n\n\n<p>JARDON:&nbsp;3533-2553 &nbsp;\u2013 aj@creapb.org.br<\/p>\n\n\n\n<h2 class=\"wp-block-heading\"><strong>GABINETE DA PRESID\u00caNCIA<\/strong><\/h2>\n\n\n\n<p>S\u00d4NIA: creapb@creapb.org.br<\/p>\n\n\n\n<p>MARIA JOS\u00c9:&nbsp; 3533-2544&nbsp;-gabinete@creapb.org.br<\/p>\n\n\n\n<h2 class=\"wp-block-heading\"><strong>INSPETORIAS<\/strong><\/h2>\n\n\n\n<p><strong>INSPETORIA&nbsp;\u2013 GUARABIRA<\/strong><\/p>\n\n\n\n<p>(83) 3271-1258<br>(83) 3533-2599<\/p>\n\n\n\n<p>atendimento-guarabira@creapb.org.br<\/p>\n\n\n\n<p><strong>INSPETORIA \u2013 CAMPINA GRANDE<\/strong><\/p>\n\n\n\n<p>(83) 3533-2584<br>(83) 3533-2585<\/p>\n\n\n\n<p>atendimento-campina@creapb.org.br<\/p>\n\n\n\n<p><strong>INSPETORIA \u2013 PATOS<\/strong><\/p>\n\n\n\n<p>(83) 3421-3391<br>(83) 3533-2590<br>(83) 3533-2589<\/p>\n\n\n\n<p>inspetoria-patos@creapb.org.br<\/p>\n\n\n\n<p><strong>INSPETORIA \u2013 POMBAL<\/strong><\/p>\n\n\n\n<p>italo@creapb.org.br<\/p>\n\n\n\n<p>(83) 3533-2592<\/p>\n\n\n\n<p><strong>INSPETORIA \u2013 SOUSA<\/strong><\/p>\n\n\n\n<p>(83) 3533-1774<br>(83) 3533-2595<\/p>\n\n\n\n<p>sousa-esa@creapb.org.br<\/p>\n\n\n\n<p><strong>INSPETORIA \u2013 CAJAZEIRAS<\/strong><\/p>\n\n\n\n<p>(83) 3531-1615<br>(83) 3533-2597<\/p>\n\n\n\n<p>cajazeiras-ica@creapb.org.br<\/p>\n\n\n\n<p><strong>INSPETORIA \u2013 ITAPORANGA<\/strong><\/p>\n\n\n\n<p>(83) 3533-2580<\/p>\n\n\n\n<p>atendimento-itaporanga@creapb.org.br<\/p>\n","protected":false},"excerpt":{"rendered":"<p>CENTRAL TELEF\u00d4NICA 3533- 2525 ATENDIMENTOS ART, PESSOA F\u00cdSICA E PESSOA JUR\u00cdDICA DARCIVAL:&nbsp;3533-2541 \u2013 ga.darcival@creapb.org.br \u2013 Ger\u00eancia de Registros\/Certid\u00f5es OSMAR: 3533-2550 \u2013 Sub Ger\u00eancia de Registros\/ ART ADJAILSON:&nbsp; 3533-2539&nbsp;\u2013&nbsp;adjailson@creapb.org.br&nbsp;\u2013&nbsp;Registro de Pessoa Jur\u00eddica TACIANA: 3533-2527-&nbsp;taciana@creapb.org.br-&nbsp;Registro de Pessoa Jur\u00eddica BENALVA: 3533-2522-&nbsp;benalva@creapb.org.br-&nbsp;Registro de Pessoa F\u00edsica JO\u00c3O: 3533-2556-&nbsp;joca@creapb.org.br-&nbsp;Registro de Pessoa F\u00edsica JOSIMAR: &nbsp;josimar@creapb.org.br-&nbsp;Registro de Pessoa F\u00edsica FISCALIZA\u00c7\u00c3O ANT\u00d4NIO&nbsp;C\u00c9SAR:&nbsp;3533-2537 \u2013 &nbsp;cesar@creapb.org.br MAX&nbsp;MARINHO:&nbsp; 3533-2535&nbsp;\u2013 max@creapb.org.br OUVIDORIA ALM\u00c9RIA:&nbsp; 3533-2525&nbsp;\u2013 ouvidoria@creapb.org.br &nbsp;GER\u00caNCIA DE APOIO AOS COLEGIADOS&nbsp; RENATA:&nbsp; 3533-2524&nbsp;\u2013 secretariadeapoio@creapb.org.br GER\u00caNCIA DE PROJETOS E COMISS\u00c3O DE LICITA\u00c7\u00c3O SERGIO:&nbsp;3533-2560 \u2013 sergio@creapb.org.br ASSESSORIA T\u00c9CNICA MARCO:&nbsp;3533-2521 \u2013 &nbsp;atec@creapb.org.br RICANDA:&nbsp;3533-2536 IN\u00caZ: 3533-2520 RAIMUNDO: 3533-2566 ASSESSORIA JUR\u00cdDICA&nbsp; JARDON:&nbsp;3533-2553 &nbsp;\u2013 aj@creapb.org.br GABINETE DA PRESID\u00caNCIA S\u00d4NIA: creapb@creapb.org.br [&hellip;]<\/p>\n","protected":false},"author":101014,"featured_media":0,"parent":0,"menu_order":0,"comment_status":"closed","ping_status":"closed","template":"","meta":{"_acf_changed":false,"footnotes":""},"class_list":["post-21542","page","type-page","status-publish","hentry"],"acf":[],"_links":{"self":[{"href":"https:\/\/creapb.org.br\/site\/wp-json\/wp\/v2\/pages\/21542","targetHints":{"allow":["GET"]}}],"collection":[{"href":"https:\/\/creapb.org.br\/site\/wp-json\/wp\/v2\/pages"}],"about":[{"href":"https:\/\/creapb.org.br\/site\/wp-json\/wp\/v2\/types\/page"}],"author":[{"embeddable":true,"href":"https:\/\/creapb.org.br\/site\/wp-json\/wp\/v2\/users\/101014"}],"replies":[{"embeddable":true,"href":"https:\/\/creapb.org.br\/site\/wp-json\/wp\/v2\/comments?post=21542"}],"version-history":[{"count":10,"href":"https:\/\/creapb.org.br\/site\/wp-json\/wp\/v2\/pages\/21542\/revisions"}],"predecessor-version":[{"id":24371,"href":"https:\/\/creapb.org.br\/site\/wp-json\/wp\/v2\/pages\/21542\/revisions\/24371"}],"wp:attachment":[{"href":"https:\/\/creapb.org.br\/site\/wp-json\/wp\/v2\/media?parent=21542"}],"curies":[{"name":"wp","href":"https:\/\/api.w.org\/{rel}","templated":true}]}}