{"id":23622,"date":"2025-06-09T16:14:21","date_gmt":"2025-06-09T19:14:21","guid":{"rendered":"https:\/\/creapb.org.br\/?page_id=23622"},"modified":"2025-08-05T15:08:59","modified_gmt":"2025-08-05T18:08:59","slug":"12o-cep","status":"publish","type":"page","link":"https:\/\/creapb.org.br\/site\/12o-cep\/","title":{"rendered":"12\u00ba CEP"},"content":{"rendered":"\n<p>O Conselho Regional de Engenharia e Agronomia da Para\u00edba (Crea-PB) realiza o 12\u00ba Congresso Estadual de Profissionais (CEP), uma etapa essencial do Congresso Nacional de Profissionais, promovido pelo Sistema Confea\/Crea e M\u00fatua. O congresso realizado a cada tr\u00eas anos visa discutir os desafios, as demandas e os rumos da engenharia, agronomia e geoci\u00eancias, al\u00e9m de propor melhorias para o exerc\u00edcio profissional e para a sociedade.<\/p>\n\n\n\n<p class=\"has-text-align-center has-medium-font-size\">Data: 22 de agosto de 2025<br>Local: Jo\u00e3o Pessoa<\/p>\n\n\n\n<h3 class=\"wp-block-heading has-text-align-center\"><a href=\"https:\/\/www.sympla.com.br\/evento\/cep-congresso-estadual-de-profissionais-crea-pb\/3037273\" target=\"_blank\" rel=\"noreferrer noopener nofollow\">Inscreva-se aqui<\/a><\/h3>\n\n\n\n<figure class=\"wp-block-image size-full\"><a href=\"https:\/\/creapb.org.br\/site\/wp-content\/uploads\/2025\/07\/k0flEhZkhg7BbxwDZdPoeKyD8121YxU0HEipmzyv.pdf\" target=\"_blank\" rel=\" noreferrer noopener\"><img fetchpriority=\"high\" decoding=\"async\" width=\"1024\" height=\"271\" src=\"https:\/\/creapb.org.br\/site\/wp-content\/uploads\/2025\/07\/ybcGo1dfsnDFTu8JcJ8rfbRjHTyq2H4VtYzck7Qq.jpg\" alt=\"\" class=\"wp-image-23730\" srcset=\"https:\/\/creapb.org.br\/site\/wp-content\/uploads\/2025\/07\/ybcGo1dfsnDFTu8JcJ8rfbRjHTyq2H4VtYzck7Qq.jpg 1024w, https:\/\/creapb.org.br\/site\/wp-content\/uploads\/2025\/07\/ybcGo1dfsnDFTu8JcJ8rfbRjHTyq2H4VtYzck7Qq-300x79.jpg 300w, https:\/\/creapb.org.br\/site\/wp-content\/uploads\/2025\/07\/ybcGo1dfsnDFTu8JcJ8rfbRjHTyq2H4VtYzck7Qq-768x203.jpg 768w\" sizes=\"(max-width: 1024px) 100vw, 1024px\" \/><\/a><\/figure>\n\n\n\n<figure class=\"wp-block-image size-full\"><a href=\"https:\/\/creapb.org.br\/site\/wp-content\/uploads\/2025\/07\/Formulario-proposta_CEPs.docx\" target=\"_blank\" rel=\" noreferrer noopener\"><img decoding=\"async\" width=\"1024\" height=\"271\" src=\"https:\/\/creapb.org.br\/site\/wp-content\/uploads\/2025\/07\/g8MuuMK1sBKPfBrjqE5D6QCMo3BotYW16Fw3IcDU.jpg\" alt=\"\" class=\"wp-image-23729\" srcset=\"https:\/\/creapb.org.br\/site\/wp-content\/uploads\/2025\/07\/g8MuuMK1sBKPfBrjqE5D6QCMo3BotYW16Fw3IcDU.jpg 1024w, https:\/\/creapb.org.br\/site\/wp-content\/uploads\/2025\/07\/g8MuuMK1sBKPfBrjqE5D6QCMo3BotYW16Fw3IcDU-300x79.jpg 300w, https:\/\/creapb.org.br\/site\/wp-content\/uploads\/2025\/07\/g8MuuMK1sBKPfBrjqE5D6QCMo3BotYW16Fw3IcDU-768x203.jpg 768w\" sizes=\"(max-width: 1024px) 100vw, 1024px\" \/><\/a><\/figure>\n\n\n\n<p><strong>Observa\u00e7\u00e3o:<\/strong> Prazo final para protocolar os trabalhos e propostas at\u00e9 08\/08\/2025 &#8211; enviando para o e-mail: <a href=\"mailto:12ceppb@creapb.org.br\">12ceppb@creapb.org.br<\/a> ou <a href=\"mailto:Creapb@creapb.org.br\">Creapb@creapb.org.br<\/a><\/p>\n\n\n\n<p><a href=\"https:\/\/creapb.org.br\/site\/wp-content\/uploads\/2025\/07\/6o-CONGRESSO-ESTADUAL-DE-PROFISSIONAIS.pdf\" data-type=\"link\" data-id=\"https:\/\/creapb.org.br\/site\/wp-content\/uploads\/2025\/07\/6o-CONGRESSO-ESTADUAL-DE-PROFISSIONAIS.pdf\">Regimento Interno &#8211; 12\u00ba CEP-PB<\/a><\/p>\n\n\n\n<p><strong><mark>Tema Central e Eixos Tem\u00e1ticos<\/mark><\/strong><\/p>\n\n\n\n<p>A 12\u00aa edi\u00e7\u00e3o do Congresso Nacional de Profissionais tem como tema central&nbsp;<strong>\u201cEngenharia, Agronomia e Geoci\u00eancias no Desenvolvimento das Cidades\u201d<\/strong>, destacando a contribui\u00e7\u00e3o essencial dessas \u00e1reas na cria\u00e7\u00e3o de solu\u00e7\u00f5es inovadoras e sustent\u00e1veis para os desafios urbanos atuais.<\/p>\n\n\n\n<p>O tema refor\u00e7a a atua\u00e7\u00e3o estrat\u00e9gica dos profissionais do Sistema Confea\/Crea e M\u00fatua no planejamento, execu\u00e7\u00e3o e gest\u00e3o de projetos que visam cidades mais inclusivas, resilientes e alinhadas com as demandas sociais.<\/p>\n\n\n\n<p>Para ampliar o debate e direcionar as propostas, o Congresso est\u00e1 organizado em&nbsp;<strong>5 (cinco) eixos tem\u00e1ticos<\/strong>, todos conectados com as necessidades presentes e futuras das cidades brasileiras.<\/p>\n\n\n\n<ul class=\"wp-block-list\">\n<li><strong>Desenvolvimento Sustent\u00e1vel Energ\u00e9tico<\/strong>&nbsp;\u2013 Energia acess\u00edvel e limpa<\/li>\n\n\n\n<li><strong>Acessibilidade e Mobilidade<\/strong>&nbsp;\u2013 Transporte e acesso urbano<\/li>\n\n\n\n<li><strong>Qualidade Ambiental<\/strong>&nbsp;\u2013 \u00c1reas verdes, emiss\u00e3o de CO2 e vulnerabilidade clim\u00e1tica<\/li>\n\n\n\n<li><strong>Engenharia P\u00fablica<\/strong>&nbsp;\u2013 Reurbs, moradia, tecnologia social<\/li>\n\n\n\n<li><strong>Saneamento B\u00e1sico<\/strong>&nbsp;\u2013 Tratamento de \u00e1gua, esgoto, drenagem e res\u00edduos s\u00f3lidos<br><\/li>\n<\/ul>\n\n\n\n<p><\/p>\n\n\n\n<p><strong><mark>A programa\u00e7\u00e3o do 12\u00ba CEP-PB contar\u00e1 com quatro etapas microrregionais:<\/mark><\/strong><\/p>\n\n\n\n<p><strong><em>1\u00aa Etapa<\/em><\/strong><br>Data: 10 de julho de 2025<br>Local: Guarabira<\/p>\n\n\n\n<p><strong><em>2\u00aa Etapa<\/em><\/strong><br>Data: 11 de julho de 2025<br>Local: Campina Grande<\/p>\n\n\n\n<p><strong><em>3\u00aa Etapa<\/em><\/strong><br>Data: 24 de julho de 2025<br>Local: Cajazeiras<\/p>\n\n\n\n<p><strong><em>4\u00aa Etapa<\/em><\/strong><br>Data: 25 de julho de 2025<br>Local: Pombal<\/p>\n\n\n\n<p>Nesta fase, os eixos tem\u00e1ticos estabelecidos pelo Confea s\u00e3o analisados, com \u00eanfase em sua aplica\u00e7\u00e3o \u00e0s profiss\u00f5es de Engenharia, Agronomia e Geoci\u00eancias. Trata-se de uma etapa preparat\u00f3ria para as discuss\u00f5es mais detalhadas que ser\u00e3o realizadas nas fases subsequentes. As propostas come\u00e7am a ser formalizadas j\u00e1 nas Reuni\u00f5es Preparat\u00f3rias Regionais (RPR), servindo como base para aprofundamento e encaminhamento nas pr\u00f3ximas etapas do Congresso.<\/p>\n\n\n\n<p><strong><mark>Congresso Estadual de Profissionais (CEP)<\/mark><\/strong><\/p>\n\n\n\n<p>A etapa final no \u00e2mbito estadual \u00e9 o Congresso Estadual de Profissionais, momento dedicado ao aprofundamento dos eixos tem\u00e1ticos e \u00e0 sele\u00e7\u00e3o das propostas mais relevantes para serem encaminhadas ao Congresso Nacional de Profissionais (CNP).<\/p>\n\n\n\n<p>Data: 22 de agosto de 2025<br>Local: Jo\u00e3o Pessoa<\/p>\n\n\n\n<p><mark><strong>Delegados Estaduais<\/strong><\/mark><\/p>\n\n\n\n<p><strong>Com mandato:&nbsp;<\/strong>4 delegados<\/p>\n\n\n\n<p>Profissionais do Sistema que em 2025 encontram-se na fun\u00e7\u00e3o de Conselheiro ou Inspetor de Crea. Inclui o Coordenador(a) da COR\/12\u00baCEP-PB, com vaga garantida.<br><br><strong>Sem mandato<\/strong>: 7 delegados<br>Profissionais que a partir de 1\u00ba janeiro\/2025 n\u00e3o exercem mandatos no sistema Confea\/Crea\/M\u00fatua. Candidatos devem se inscrever mediante apresenta\u00e7\u00e3o de trabalhos via email.<\/p>\n\n\n\n<p><strong>Requisitos:&nbsp;<\/strong>poder\u00e3o inscrever-se profissionais registrados ou com registro vistados no Crea, quites com a anuidade de 2025 e sem infra\u00e7\u00f5es ao C\u00f3digo de \u00c9tica nos \u00faltimos 5 anos.<\/p>\n\n\n\n<p><mark><strong>Calend\u00e1rio de Inscri\u00e7\u00f5es<\/strong><\/mark><\/p>\n\n\n\n<p><strong>Inscri\u00e7\u00e3o:<\/strong>&nbsp;08\/07 a 31\/07\/2025 via link a ser divulgado e inspetorias<\/p>\n\n\n\n<p><strong>Divulga\u00e7\u00e3o preliminar<\/strong>: 06\/08\/2025 no site do Crea<\/p>\n\n\n\n<p><strong>Recurso ao resultado<\/strong>: 07\/08 a 08\/08\/2025 via email:&nbsp;<a href=\"mailto:12ceppb@creapb.org.br\">12ceppb@creapb.org.br<\/a><\/p>\n\n\n\n<p><strong>Resultado dos recursos:<\/strong>&nbsp;12\/08\/2025 no site do Crea<\/p>\n\n\n\n<p><mark><strong>Congresso Nacional de Profissionais (CNP)<\/strong><\/mark><\/p>\n\n\n\n<p>O Congresso Nacional de Profissionais (CNP) constitui a etapa conclusiva de um amplo processo que envolve os CEPs em todo o territ\u00f3rio nacional. Enquanto os debates regionais se dedicam \u00e0 formula\u00e7\u00e3o de solu\u00e7\u00f5es e \u00e0 sistematiza\u00e7\u00e3o de ideias, o CNP assume o papel de analisar, discutir e consolidar essas propostas, transformando-as em diretrizes e pol\u00edticas nacionais. Esse mecanismo visa fortalecer o Sistema Confea\/Crea e promover o desenvolvimento sustent\u00e1vel do pa\u00eds.<\/p>\n\n\n\n<p>Marcado para os dias 10 e 11 de outubro de 2025 em Vit\u00f3ria (ES), o Congresso re\u00fane profissionais de diversas regi\u00f5es do Brasil, incluindo dirigentes de entidades, conselheiros regionais e federais, al\u00e9m de representantes diretos da base profissional. Esse encontro consolida-se como a express\u00e3o cr\u00edtica do Sistema, onde s\u00e3o formuladas propostas que traduzem, em documentos e sugest\u00f5es concretas, a converg\u00eancia entre a sensibilidade pol\u00edtica e o conhecimento t\u00e9cnico-cient\u00edfico pr\u00f3prio das \u00e1reas de Engenharia, Agronomia e Geoci\u00eancias, oferecendo assim uma contribui\u00e7\u00e3o qualificada para o desenvolvimento nacional.<\/p>\n\n\n\n<p><strong><mark>Comiss\u00e3o do CEP Crea-<\/mark><\/strong><mark><strong>PB<\/strong><\/mark><\/p>\n\n\n\n<p><strong>Coordenador:<\/strong><\/p>\n\n\n\n<p>Eng. Sanit. Jos\u00e9 Dantas de Lima<\/p>\n\n\n\n<p><strong>Membros titulares:<\/strong><\/p>\n\n\n\n<p>Eng. Civ. C\u00e2ndida R\u00e9gis Bezerra<\/p>\n\n\n\n<p>Eng. Civil Emmanuelle Mesquita&nbsp;<\/p>\n\n\n\n<p>Eng. Mec.\/Seg. Trab. Edvaldo Nunes<\/p>\n\n\n\n<p>Eng. Agr. Rubens Tadeu de Ara\u00fajo<\/p>\n\n\n\n<p>Eng. Seg. Trab. Sylvio Silomar<\/p>\n\n\n\n<p>Eng. Eletr. Sabiniano Maia Neto<\/p>\n\n\n\n<p><strong>Assessores:<\/strong><\/p>\n\n\n\n<p>S\u00f4nia R. Pessoa<\/p>\n\n\n\n<p>Eng. Agr. Raimundo Nonato<\/p>\n\n\n\n<div data-wp-interactive=\"core\/file\" class=\"wp-block-file\"><object data-wp-bind--hidden=\"!state.hasPdfPreview\" hidden class=\"wp-block-file__embed\" data=\"https:\/\/creapb.org.br\/site\/wp-content\/uploads\/2025\/06\/12o-CEP-PB.pdf\" type=\"application\/pdf\" style=\"width:100%;height:600px\" aria-label=\"Incorporado de 12o-CEP-PB.\"><\/object><a id=\"wp-block-file--media-9405d639-e7f1-4139-bc0f-b95d4c3b9437\" href=\"https:\/\/creapb.org.br\/site\/wp-content\/uploads\/2025\/06\/12o-CEP-PB.pdf\">12o-CEP-PB<\/a><a href=\"https:\/\/creapb.org.br\/site\/wp-content\/uploads\/2025\/06\/12o-CEP-PB.pdf\" class=\"wp-block-file__button wp-element-button\" download aria-describedby=\"wp-block-file--media-9405d639-e7f1-4139-bc0f-b95d4c3b9437\">Baixar<\/a><\/div>\n","protected":false},"excerpt":{"rendered":"<p>O Conselho Regional de Engenharia e Agronomia da Para\u00edba (Crea-PB) realiza o 12\u00ba Congresso Estadual de Profissionais (CEP), uma etapa essencial do Congresso Nacional de Profissionais, promovido pelo Sistema Confea\/Crea e M\u00fatua. O congresso realizado a cada tr\u00eas anos visa discutir os desafios, as demandas e os rumos da engenharia, agronomia e geoci\u00eancias, al\u00e9m de propor melhorias para o exerc\u00edcio profissional e para a sociedade. Data: 22 de agosto de 2025Local: Jo\u00e3o Pessoa Inscreva-se aqui Observa\u00e7\u00e3o: Prazo final para protocolar os trabalhos e propostas at\u00e9 08\/08\/2025 &#8211; enviando para o e-mail: 12ceppb@creapb.org.br ou Creapb@creapb.org.br Regimento Interno &#8211; 12\u00ba CEP-PB Tema [&hellip;]<\/p>\n","protected":false},"author":101015,"featured_media":0,"parent":0,"menu_order":0,"comment_status":"closed","ping_status":"closed","template":"","meta":{"_acf_changed":false,"footnotes":""},"class_list":["post-23622","page","type-page","status-publish","hentry"],"acf":[],"_links":{"self":[{"href":"https:\/\/creapb.org.br\/site\/wp-json\/wp\/v2\/pages\/23622","targetHints":{"allow":["GET"]}}],"collection":[{"href":"https:\/\/creapb.org.br\/site\/wp-json\/wp\/v2\/pages"}],"about":[{"href":"https:\/\/creapb.org.br\/site\/wp-json\/wp\/v2\/types\/page"}],"author":[{"embeddable":true,"href":"https:\/\/creapb.org.br\/site\/wp-json\/wp\/v2\/users\/101015"}],"replies":[{"embeddable":true,"href":"https:\/\/creapb.org.br\/site\/wp-json\/wp\/v2\/comments?post=23622"}],"version-history":[{"count":6,"href":"https:\/\/creapb.org.br\/site\/wp-json\/wp\/v2\/pages\/23622\/revisions"}],"predecessor-version":[{"id":23850,"href":"https:\/\/creapb.org.br\/site\/wp-json\/wp\/v2\/pages\/23622\/revisions\/23850"}],"wp:attachment":[{"href":"https:\/\/creapb.org.br\/site\/wp-json\/wp\/v2\/media?parent=23622"}],"curies":[{"name":"wp","href":"https:\/\/api.w.org\/{rel}","templated":true}]}}