{"id":31,"date":"2016-10-03T15:10:26","date_gmt":"2016-10-03T18:10:26","guid":{"rendered":"http:\/\/creapb.org.br\/site\/?page_id=31"},"modified":"2016-10-03T15:14:14","modified_gmt":"2016-10-03T18:14:14","slug":"comissoes-especiais","status":"publish","type":"page","link":"https:\/\/creapb.org.br\/site\/comissoes-especiais\/","title":{"rendered":"COMISS\u00d5ES ESPECIAIS"},"content":{"rendered":"<p><\/p>\n<h2>COMISS\u00c3O DO M\u00c9RITO<\/h2>\n<p>Eng.Civ. VIRG\u00cdNIA ODETE CRUZ BARROCA<br \/>\nEng.Civ. M\u00aa VER\u00d4NICA DE ASSIS CORREIA<br \/>\nEng.Civ. CARMEM ELEON\u00d4RA CAVALCANTI AMORIM SOARES<\/p>\n<h3>Convidados<\/h3>\n<p>Eng.Civ. C\u00e2ndida R\u00e9gis Bezerra de Andrade<br \/>\nEng.Elet. Luiz Vallad\u00e3o Ferreira<\/p>\n<h2>GT ACESSIBILIDADE<\/h2>\n<p>Eng.Civ. PAULO RICARDO MAROJA RIBEIRO<br \/>\nEng.Elet. ANTONIO DOS SANTOS D\u00c1LIA<br \/>\nEng.Civ. JOS\u00c9 S\u00c9RGIO ALBUQUERQUE DE ALMEIDA<\/p>\n<h3>Convidado<\/h3>\n<p>Eng.Civ. Corjesu Paiva dos Santos<\/p>\n<h2>GT \u2013 ENGENHARIA P\u00daBLICA \u2013 ASSIST\u00caNCIA T\u00c9CNICA<\/h2>\n<p>Eng.Civ. HUGO BARBOSA DE PAIVA J\u00daNIOR<br \/>\nEng.Elet. DIEGO PERAZZO CREAZOLLA CAMPOS<br \/>\nEng.Civ. CARMEM ELEON\u00d4RA CAVALCANTI AMORI SOARES<\/p>\n<h3>Convidados<\/h3>\n<p>Eng. Agr\u00aa Alm\u00e9ria Vit\u00f3ria Saraiva Carniato<\/p>\n<h2>COMISS\u00c3O ORGANIZADORA 9\u00ba CEP-PB<\/h2>\n<h3>Titulares:<\/h3>\n<p>Eng.Civ. CARMEM ELEON\u00d4RA CAVALCANTI AMORIM SOARES<strong> <\/strong>\u2013 Coordenadora<br \/>\nEng.Civ. ADILSON DIAS DE PONTES<br \/>\nEng.Minas RENAN GUIMAR\u00c3ES DE AZEV\u00caDO &#8211; ASSEMPB<br \/>\nEng.Civ. FRANCISCO XAVIER BANDEIRA VENTURA &#8211; IBAPE-PB<\/p>\n<h3>Suplentes:<\/h3>\n<p>Eng.Elet. MARTINHO NOBRE T. DE SOUZA<br \/>\nEng. Elet. MARCOS L\u00c1ZARO DE ANDRADE QUIRINO<br \/>\nEng.Agr. RUBENS TADEU DE ARA\u00daJO N\u00d3BREGA &#8211; SENGE-PB<br \/>\nEng. Agr. LUIZ CARLOS DE S\u00c1 BARROS<br \/>\nEng.Civ. C\u00e2ndida R\u00e9gis B. de Andrade<br \/>\nEng. Agr. Djail Santos \u2013 Dir. CCA-UFPB<\/p>\n","protected":false},"excerpt":{"rendered":"<p>COMISS\u00c3O DO M\u00c9RITO Eng.Civ. VIRG\u00cdNIA ODETE CRUZ BARROCA Eng.Civ. M\u00aa VER\u00d4NICA DE ASSIS CORREIA Eng.Civ. CARMEM ELEON\u00d4RA CAVALCANTI AMORIM SOARES Convidados Eng.Civ. C\u00e2ndida R\u00e9gis Bezerra de Andrade Eng.Elet. Luiz Vallad\u00e3o Ferreira GT ACESSIBILIDADE Eng.Civ. PAULO RICARDO MAROJA RIBEIRO Eng.Elet. ANTONIO DOS SANTOS D\u00c1LIA Eng.Civ. JOS\u00c9 S\u00c9RGIO ALBUQUERQUE DE ALMEIDA Convidado Eng.Civ. Corjesu Paiva dos Santos GT \u2013 ENGENHARIA P\u00daBLICA \u2013 ASSIST\u00caNCIA T\u00c9CNICA Eng.Civ. HUGO BARBOSA DE PAIVA J\u00daNIOR Eng.Elet. DIEGO PERAZZO CREAZOLLA CAMPOS Eng.Civ. CARMEM ELEON\u00d4RA CAVALCANTI AMORI SOARES Convidados Eng. Agr\u00aa Alm\u00e9ria Vit\u00f3ria Saraiva Carniato COMISS\u00c3O ORGANIZADORA 9\u00ba CEP-PB Titulares: Eng.Civ. CARMEM ELEON\u00d4RA CAVALCANTI AMORIM SOARES \u2013 Coordenadora Eng.Civ. [&hellip;]<\/p>\n","protected":false},"author":1,"featured_media":0,"parent":0,"menu_order":0,"comment_status":"closed","ping_status":"closed","template":"","meta":{"_acf_changed":false,"footnotes":""},"class_list":["post-31","page","type-page","status-publish","hentry"],"acf":[],"_links":{"self":[{"href":"https:\/\/creapb.org.br\/site\/wp-json\/wp\/v2\/pages\/31","targetHints":{"allow":["GET"]}}],"collection":[{"href":"https:\/\/creapb.org.br\/site\/wp-json\/wp\/v2\/pages"}],"about":[{"href":"https:\/\/creapb.org.br\/site\/wp-json\/wp\/v2\/types\/page"}],"author":[{"embeddable":true,"href":"https:\/\/creapb.org.br\/site\/wp-json\/wp\/v2\/users\/1"}],"replies":[{"embeddable":true,"href":"https:\/\/creapb.org.br\/site\/wp-json\/wp\/v2\/comments?post=31"}],"version-history":[{"count":2,"href":"https:\/\/creapb.org.br\/site\/wp-json\/wp\/v2\/pages\/31\/revisions"}],"predecessor-version":[{"id":37,"href":"https:\/\/creapb.org.br\/site\/wp-json\/wp\/v2\/pages\/31\/revisions\/37"}],"wp:attachment":[{"href":"https:\/\/creapb.org.br\/site\/wp-json\/wp\/v2\/media?parent=31"}],"curies":[{"name":"wp","href":"https:\/\/api.w.org\/{rel}","templated":true}]}}