{"id":14317,"date":"2017-07-05T11:00:36","date_gmt":"2017-07-05T14:00:36","guid":{"rendered":"http:\/\/creapb.org.br\/transparencia\/\/?page_id=14317"},"modified":"2023-07-13T12:40:03","modified_gmt":"2023-07-13T15:40:03","slug":"sistema-confeacrea","status":"publish","type":"page","link":"https:\/\/creapb.org.br\/transparencia\/institucional-page\/sistema-confeacrea\/","title":{"rendered":"Sistema CONFEA\/CREA"},"content":{"rendered":"<p>&nbsp;<\/p>\n<p>O Conselho Federal de Engenharia e Agronomia \u2013 Confea e os Conselhos Regionais de Engenharia e Agronomia \u2013 Creas, autarquias criadas pela\u00a0<a href=\"http:\/\/normativos.confea.org.br\/ementas\/visualiza.asp?idEmenta=25&amp;idTiposEmentas=4&amp;Numero=5194&amp;AnoIni=&amp;AnoFim=&amp;PalavraChave=&amp;buscarem=conteudo&amp;vigente=\" target=\"_blank\" rel=\"noopener noreferrer\">Lei n\u00ba 5.194, de 24 de dezembro de 1966<\/a>, t\u00eam como objetivo zelar pela defesa da sociedade e do desenvolvimento sustent\u00e1vel do Pa\u00eds, observados os princ\u00edpios \u00e9ticos profissionais, mediante o cumprimento de suas compet\u00eancias legais. Estas envolvem a verifica\u00e7\u00e3o, a fiscaliza\u00e7\u00e3o e o aperfei\u00e7oamento do exerc\u00edcio e das atividades das \u00e1reas profissionais de agronomia, engenharia, geologia, geografia e meteorologia, bem como suas modalidades e especialidades, em seus n\u00edveis superior, tecnol\u00f3gico e t\u00e9cnico.<\/p>\n<p>Para compreender como o exerc\u00edcio destas atribui\u00e7\u00f5es se integram de forma a possibilitar a unidade de a\u00e7\u00e3o no Territ\u00f3rio Nacional, \u00e9 necess\u00e1rio entender como funciona o Sistema Confea\/Crea, do qual o Confea \u00e9 o \u00f3rg\u00e3o central.<\/p>\n<p>Acesse a p\u00e1gina dos eixos tem\u00e1ticos a partir dos quais s\u00e3o organizadas as informa\u00e7\u00f5es sobre o Sistema Confea\/Crea e a M\u00fatua:<\/p>\n<ul>\n<li><a href=\"http:\/\/transparencia.confea.org.br\/sistema-confeacrea\/eixo-da-formacao-profissional\/\" target=\"_blank\" rel=\"noopener noreferrer\">Eixo da Forma\u00e7\u00e3o Profissional<\/a><\/li>\n<li><a href=\"http:\/\/transparencia.confea.org.br\/eixo-do-exercicio-profissional\/\" target=\"_blank\" rel=\"noopener noreferrer\">Eixo do Exerc\u00edcio Profissional<\/a><\/li>\n<li><a href=\"http:\/\/transparencia.confea.org.br\/eixo-da-organizacao-do-sistema\/\" target=\"_blank\" rel=\"noopener noreferrer\">Eixo da Organiza\u00e7\u00e3o do Sistema<\/a><\/li>\n<li><a href=\"http:\/\/transparencia.confea.org.br\/eixo-da-integracao-social-e-profissional\/\" target=\"_blank\" rel=\"noopener noreferrer\">Eixo da Integra\u00e7\u00e3o Social e Profissional<\/a><\/li>\n<\/ul>\n<blockquote><p><strong>SOBRE O CREA-PB<\/strong><\/p><\/blockquote>\n<p><img loading=\"lazy\" decoding=\"async\" class=\"size-medium wp-image-14487 alignleft\" src=\"https:\/\/creapb.org.br\/transparencia\/wp-content\/uploads\/2017\/07\/crea-1024x709-300x208.jpg\" alt=\"\" width=\"300\" height=\"208\" \/><\/p>\n<p>O Conselho Regional de Engenharia e Agronomia do Estado da Para\u00edba \u2013 CREA-PB \u00e9 uma entidade aut\u00e1rquica de fiscaliza\u00e7\u00e3o do exerc\u00edcio e das atividades profissionais dotada de personalidade jur\u00eddica de direito p\u00fablico, constituindo servi\u00e7o p\u00fablico federal, vinculada ao Conselho Federal de Engenharia e Agronomia \u2013 CONFEA, com sede e foro na cidade de Jo\u00e3o Pessoa e jurisdi\u00e7\u00e3o no Estado da Para\u00edba, institu\u00edda pela Resolu\u00e7\u00e3o n\u00ba 165, de 27 de outubro de 1967, na forma estabelecida pelo Decreto Federal n\u00ba 23.569, de 11 de dezembro de 1933, e mantida pela Lei n\u00ba 5.194, de 24 de dezembro de 1966, para exercer papel institucional de primeira e segunda inst\u00e2ncias no \u00e2mbito de sua jurisdi\u00e7\u00e3o.\u00a0A estrutura b\u00e1sica \u00e9 composta por \u00f3rg\u00e3os de car\u00e1ter decis\u00f3rio ou executivo, compreendendo: Plen\u00e1rio, C\u00e2maras Especializadas, Presid\u00eancia, Diretoria e Inspetorias.<\/p>\n<p><strong>Hist\u00f3ria<\/strong><\/p>\n<p>Antes denominado Conselho Regional de Engenharia, Arquitetura e Agronomia, o CREA da 16\u00aa regi\u00e3o foi criado em 1967, com sede em Jo\u00e3o Pessoa e jurisdi\u00e7\u00e3o nos Estados da Para\u00edba e Rio Grande do Norte (Resolu\u00e7\u00e3o n\u00ba 165, de 27 de outubro de 1967). Em 23 de mar\u00e7o de 1968 passou a atender exclusivamente o Estado da Para\u00edba e, em 1972, adquiriu sua sede pr\u00f3pria no endere\u00e7o que at\u00e9 hoje est\u00e1 localizado, na Av. Dom Pedro I, centro da capital paraibana. No final de 2011, com a sa\u00edda dos arquitetos para a cria\u00e7\u00e3o do seu pr\u00f3prio Conselho profissional, passou a constituir-se como Conselho de Engenharia e Agronomia do Estado da Para\u00edba. Ao longo de sua hist\u00f3ria, o CREA-PB contou com 13 presidentes e, a partir de maio de 2022, passou a ser presidido pelo engenheiro civil Hugo Barbosa de Paiva J\u00fanior.<\/p>\n<p>&nbsp;<\/p>\n<p><strong>Miss\u00e3o<\/strong><\/p>\n<p>Atuar eficiente e eficazmente, assegurando a valoriza\u00e7\u00e3o profissional, para benef\u00edcio e defesa da sociedade e do desenvolvimento sustent\u00e1vel.<\/p>\n<p><strong>Vis\u00e3o<\/strong><\/p>\n<p>Ser reconhecido como um Conselho que trabalha em prol da sociedade e comprometido com a excel\u00eancia do servi\u00e7o e das atividades profissionais.<\/p>\n<p><strong>Valores<\/strong><\/p>\n<ul>\n<li>\u00c9tica<\/li>\n<li>Credibilidade<\/li>\n<li>Compromisso<\/li>\n<li>Transpar\u00eancia<\/li>\n<li>Responsabilidade socioambiental<\/li>\n<\/ul>\n<p>&nbsp;<\/p>\n<p><a href=\"https:\/\/creapb.org.br\/transparencia\/wp-content\/uploads\/2023\/07\/20230713-novo-regimento-interno-pl-no-1-003-2023-confea.pdf\">NOVO REGIMENTO INTERNO &#8211; PL N\u00ba 1.003 2023 &#8211; CONFEA<\/a><\/p>\n","protected":false},"excerpt":{"rendered":"<p>&nbsp; O Conselho Federal de Engenharia e Agronomia \u2013 Confea e os Conselhos Regionais de Engenharia e Agronomia \u2013 Creas, autarquias criadas pela\u00a0Lei n\u00ba 5.194, de 24 de dezembro de 1966, t\u00eam como objetivo zelar pela defesa da sociedade e do desenvolvimento sustent\u00e1vel do Pa\u00eds, observados os princ\u00edpios \u00e9ticos profissionais, mediante o cumprimento de suas compet\u00eancias legais. Estas envolvem a verifica\u00e7\u00e3o, a fiscaliza\u00e7\u00e3o e o aperfei\u00e7oamento do exerc\u00edcio e das atividades das \u00e1reas profissionais de agronomia, engenharia, geologia, geografia e meteorologia, bem como suas modalidades e especialidades, em seus n\u00edveis superior, tecnol\u00f3gico e t\u00e9cnico. Para compreender como o exerc\u00edcio destas [&hellip;]<\/p>\n","protected":false},"author":1,"featured_media":0,"parent":16,"menu_order":0,"comment_status":"closed","ping_status":"closed","template":"","meta":{"_acf_changed":false,"footnotes":""},"class_list":["post-14317","page","type-page","status-publish","hentry"],"acf":[],"_links":{"self":[{"href":"https:\/\/creapb.org.br\/transparencia\/wp-json\/wp\/v2\/pages\/14317","targetHints":{"allow":["GET"]}}],"collection":[{"href":"https:\/\/creapb.org.br\/transparencia\/wp-json\/wp\/v2\/pages"}],"about":[{"href":"https:\/\/creapb.org.br\/transparencia\/wp-json\/wp\/v2\/types\/page"}],"author":[{"embeddable":true,"href":"https:\/\/creapb.org.br\/transparencia\/wp-json\/wp\/v2\/users\/1"}],"replies":[{"embeddable":true,"href":"https:\/\/creapb.org.br\/transparencia\/wp-json\/wp\/v2\/comments?post=14317"}],"version-history":[{"count":11,"href":"https:\/\/creapb.org.br\/transparencia\/wp-json\/wp\/v2\/pages\/14317\/revisions"}],"predecessor-version":[{"id":59304,"href":"https:\/\/creapb.org.br\/transparencia\/wp-json\/wp\/v2\/pages\/14317\/revisions\/59304"}],"up":[{"embeddable":true,"href":"https:\/\/creapb.org.br\/transparencia\/wp-json\/wp\/v2\/pages\/16"}],"wp:attachment":[{"href":"https:\/\/creapb.org.br\/transparencia\/wp-json\/wp\/v2\/media?parent=14317"}],"curies":[{"name":"wp","href":"https:\/\/api.w.org\/{rel}","templated":true}]}}