{"id":14324,"date":"2017-07-05T11:06:29","date_gmt":"2017-07-05T14:06:29","guid":{"rendered":"http:\/\/creapb.org.br\/transparencia\/\/?page_id=14324"},"modified":"2017-07-14T11:25:09","modified_gmt":"2017-07-14T14:25:09","slug":"coordenadorias-das-camaras-especializadas","status":"publish","type":"page","link":"https:\/\/creapb.org.br\/transparencia\/institucional-page\/foruns-consultivos\/coordenadorias-das-camaras-especializadas\/","title":{"rendered":"Coordenadorias das C\u00e2maras Especializadas"},"content":{"rendered":"<p><a href=\"http:\/\/transparencia.confea.org.br\/foruns-consultivos\/coordenadorias-de-camaras-especializadas-dos-creas\/\">As Coordenadorias de C\u00e2maras Especializadas dos Creas \u2013 CCEC<\/a> s\u00e3o\u00a0f\u00f3runs consultivos do Confea compostos pelos coordenadores das c\u00e2maras especializadas dos Creas.<\/p>\n<p>As c\u00e2maras especializadas t\u00eam por finalidade apreciar e julgar os assuntos relacionados \u00e0 fiscaliza\u00e7\u00e3o do exerc\u00edcio profissional e sugerir medidas para o aperfei\u00e7oamento das atividades do Conselho Regional, constituindo a primeira inst\u00e2ncia de julgamento no \u00e2mbito de sua jurisdi\u00e7\u00e3o.<\/p>\n<p>As Coordenadorias de C\u00e2maras Especializadas dos Creas t\u00eam por objetivo estudar, discutir e propor a implementa\u00e7\u00e3o de provid\u00eancias, inclusive de cunho normativo, voltadas \u00e0\u00a0uniformiza\u00e7\u00e3o de procedimentos que visem \u00e0 unidade de a\u00e7\u00e3o no Territ\u00f3rio Nacional e \u00e0 maximiza\u00e7\u00e3o da efici\u00eancia dos Creas e de suas c\u00e2maras especializadas, observadas as peculiaridades das respectivas jurisdi\u00e7\u00f5es, no que se refere a:<\/p>\n<p>I \u2013 exerc\u00edcio e atribui\u00e7\u00f5es profissionais;<br \/>\nII \u2013 registro de profissionais e de pessoas jur\u00eddicas;<br \/>\nIII \u2013 verifica\u00e7\u00e3o e fiscaliza\u00e7\u00e3o do exerc\u00edcio e atividades profissionais; e<br \/>\nIV \u2013 responsabilidade t\u00e9cnica e \u00e9tica profissional.<\/p>\n<p>O regimento das Coordenadorias de C\u00e2maras Especializadas dos Creas est\u00e1 aprovado pela\u00a0<a href=\"http:\/\/normativos.confea.org.br\/downloads\/anexo\/1012-05.pdf\" target=\"_blank\" rel=\"noopener noreferrer\">Resolu\u00e7\u00e3o n\u00ba 1.012, de 10 de dezembro de 2005<\/a>.<\/p>\n<p>&nbsp;<\/p>\n<hr \/>\n<p><strong>Manual de Procedimentos para a Verifica\u00e7\u00e3o e a Fiscaliza\u00e7\u00e3o do Exerc\u00edcio e da Atividade Profissional<\/strong><\/p>\n<p>Clique aqui para acessar o\u00a0<a href=\"http:\/\/transparencia.confea.org.br\/wp-content\/uploads\/2017\/05\/Manual-de-Fiscaliza%C3%A7%C3%A3o.pdf\">Manual de Procedimentos para a Verifica\u00e7\u00e3o e a Fiscaliza\u00e7\u00e3o do Exerc\u00edcio e da Atividade Profissional<\/a>.\u00a0Vers\u00e3o atualizada em 2015<\/p>\n<hr \/>\n<p><img loading=\"lazy\" decoding=\"async\" class=\"size-full wp-image-14491 alignleft\" src=\"https:\/\/creapb.org.br\/transparencia\/wp-content\/uploads\/2017\/07\/logo_CCE.jpg\" alt=\"\" width=\"484\" height=\"105\" \/><\/p>\n<p>&nbsp;<\/p>\n<p><a href=\"http:\/\/transparencia.confea.org.br\/foruns-consultivos\/coordenadorias-de-camaras-especializadas-dos-creas\/\"><strong>ACESSE A P\u00c1GINA DA COORDENADORIA PARA OBTER INFORMA\u00c7\u00d5ES ACERCA DA COMPOSI\u00c7\u00c3O, CONTATOS, CALEND\u00c1RIO DE REUNI\u00d5ES, S\u00daMULAS, PROPOSTAS E RELAT\u00d3RIO FINAL:<\/strong><\/a><\/p>\n<p>&nbsp;<\/p>\n<ul>\n<li><a href=\"http:\/\/transparencia.confea.org.br\/foruns-consultivos\/coordenadorias-de-camaras-especializadas-dos-creas\/cceagro\/\" target=\"_blank\" rel=\"noopener noreferrer\">CCEAGRO \u2013 Coordenadoria de C\u00e2maras Especializadas de Agronomia<\/a><\/li>\n<li><a href=\"http:\/\/transparencia.confea.org.br\/foruns-consultivos\/coordenadorias-de-camaras-especializadas-dos-creas\/cceeagri\/\" target=\"_blank\" rel=\"noopener noreferrer\">CCEEAGRI \u2013 Coordenadoria de C\u00e2maras Especializadas de Engenharia de Agrimensura<\/a><\/li>\n<li><a href=\"http:\/\/transparencia.confea.org.br\/foruns-consultivos\/coordenadorias-de-camaras-especializadas-dos-creas\/cceec\/\" target=\"_blank\" rel=\"noopener noreferrer\">CCEEC \u2013 Coordenadoria de C\u00e2maras Especializadas de Engenharia Civil<\/a><\/li>\n<li><a href=\"http:\/\/transparencia.confea.org.br\/foruns-consultivos\/coordenadorias-de-camaras-especializadas-dos-creas\/cceee\/\" target=\"_blank\" rel=\"noopener noreferrer\">CCEEE \u2013 Coordenadoria de C\u00e2maras Especializadas de Engenharia El\u00e9trica<\/a><\/li>\n<li><a href=\"http:\/\/transparencia.confea.org.br\/foruns-consultivos\/coordenadorias-de-camaras-especializadas-dos-creas\/cceef\/\" target=\"_blank\" rel=\"noopener noreferrer\">CCEEF \u2013 Coordenadoria de C\u00e2maras Especializadas de Engenharia Florestal<\/a><\/li>\n<li><a href=\"http:\/\/transparencia.confea.org.br\/foruns-consultivos\/coordenadorias-de-camaras-especializadas-dos-creas\/cceei\/\" target=\"_blank\" rel=\"noopener noreferrer\">CCEEI \u2013 Coordenadoria de C\u00e2maras Especializadas de Engenharia Industrial<\/a><\/li>\n<li><a href=\"http:\/\/transparencia.confea.org.br\/foruns-consultivos\/coordenadorias-de-camaras-especializadas-dos-creas\/cceeq\/\" target=\"_blank\" rel=\"noopener noreferrer\">CCEEQ \u2013 Coordenadoria de C\u00e2maras Especializadas de Engenharia Qu\u00edmica<\/a><\/li>\n<li><a href=\"http:\/\/transparencia.confea.org.br\/foruns-consultivos\/coordenadorias-de-camaras-especializadas-dos-creas\/cceest\/\" target=\"_blank\" rel=\"noopener noreferrer\">CCEEST \u2013 Coordenadoria de C\u00e2maras Especializadas de Engenharia de Seguran\u00e7a do Trabalho<\/a><\/li>\n<li><a href=\"http:\/\/transparencia.confea.org.br\/foruns-consultivos\/coordenadorias-de-camaras-especializadas-dos-creas\/ccegm\/\" target=\"_blank\" rel=\"noopener noreferrer\">CCEGM \u2013 Coordenadoria de C\u00e2maras Especializadas de Geologia e Minas<\/a><\/li>\n<li><a href=\"http:\/\/transparencia.confea.org.br\/foruns-consultivos\/coordenadorias-de-camaras-especializadas-dos-creas\/cnce\/\" target=\"_blank\" rel=\"noopener noreferrer\">CNCE \u2013 Coordenadoria Nacional de Comiss\u00f5es de \u00c9tica<\/a><\/li>\n<\/ul>\n","protected":false},"excerpt":{"rendered":"<p>As Coordenadorias de C\u00e2maras Especializadas dos Creas \u2013 CCEC s\u00e3o\u00a0f\u00f3runs consultivos do Confea compostos pelos coordenadores das c\u00e2maras especializadas dos Creas. As c\u00e2maras especializadas t\u00eam por finalidade apreciar e julgar os assuntos relacionados \u00e0 fiscaliza\u00e7\u00e3o do exerc\u00edcio profissional e sugerir medidas para o aperfei\u00e7oamento das atividades do Conselho Regional, constituindo a primeira inst\u00e2ncia de julgamento no \u00e2mbito de sua jurisdi\u00e7\u00e3o. As Coordenadorias de C\u00e2maras Especializadas dos Creas t\u00eam por objetivo estudar, discutir e propor a implementa\u00e7\u00e3o de provid\u00eancias, inclusive de cunho normativo, voltadas \u00e0\u00a0uniformiza\u00e7\u00e3o de procedimentos que visem \u00e0 unidade de a\u00e7\u00e3o no Territ\u00f3rio Nacional e \u00e0 maximiza\u00e7\u00e3o da efici\u00eancia [&hellip;]<\/p>\n","protected":false},"author":1,"featured_media":0,"parent":14320,"menu_order":0,"comment_status":"closed","ping_status":"closed","template":"","meta":{"_acf_changed":false,"footnotes":""},"class_list":["post-14324","page","type-page","status-publish","hentry"],"acf":[],"_links":{"self":[{"href":"https:\/\/creapb.org.br\/transparencia\/wp-json\/wp\/v2\/pages\/14324","targetHints":{"allow":["GET"]}}],"collection":[{"href":"https:\/\/creapb.org.br\/transparencia\/wp-json\/wp\/v2\/pages"}],"about":[{"href":"https:\/\/creapb.org.br\/transparencia\/wp-json\/wp\/v2\/types\/page"}],"author":[{"embeddable":true,"href":"https:\/\/creapb.org.br\/transparencia\/wp-json\/wp\/v2\/users\/1"}],"replies":[{"embeddable":true,"href":"https:\/\/creapb.org.br\/transparencia\/wp-json\/wp\/v2\/comments?post=14324"}],"version-history":[{"count":5,"href":"https:\/\/creapb.org.br\/transparencia\/wp-json\/wp\/v2\/pages\/14324\/revisions"}],"predecessor-version":[{"id":14501,"href":"https:\/\/creapb.org.br\/transparencia\/wp-json\/wp\/v2\/pages\/14324\/revisions\/14501"}],"up":[{"embeddable":true,"href":"https:\/\/creapb.org.br\/transparencia\/wp-json\/wp\/v2\/pages\/14320"}],"wp:attachment":[{"href":"https:\/\/creapb.org.br\/transparencia\/wp-json\/wp\/v2\/media?parent=14324"}],"curies":[{"name":"wp","href":"https:\/\/api.w.org\/{rel}","templated":true}]}}