{"id":14326,"date":"2017-07-05T11:06:55","date_gmt":"2017-07-05T14:06:55","guid":{"rendered":"http:\/\/creapb.org.br\/transparencia\/\/?page_id=14326"},"modified":"2017-07-14T11:17:49","modified_gmt":"2017-07-14T14:17:49","slug":"colegio-de-entidades-nacionais","status":"publish","type":"page","link":"https:\/\/creapb.org.br\/transparencia\/institucional-page\/foruns-consultivos\/colegio-de-entidades-nacionais\/","title":{"rendered":"Col\u00e9gio de Entidades Nacionais"},"content":{"rendered":"<p><a href=\"http:\/\/transparencia.confea.org.br\/foruns-consultivos\/colegio-de-entidades-nacionais\/\">O Col\u00e9gio de Entidades Nacionais \u2013 CDEN<\/a> \u00e9 um f\u00f3rum consultivo do Confea constitu\u00eddo pelas entidades nacionais representativas das profiss\u00f5es jurisdicionadas pelo Sistema Confea\/Crea e credenciadas junto ao Conselho Federal de Engenharia e Agronomia \u2013 Confea.<\/p>\n<p>O CDEN se instala quando convocado pelo Confea para:<\/p>\n<p>I \u2013 discutir sobre assuntos de interesse das profiss\u00f5es jurisdicionadas;<br \/>\nII \u2013 propor projeto de normativos de interesse geral das profiss\u00f5es; e<br \/>\nIII \u2013 discutir e propor pol\u00edtica de forma\u00e7\u00e3o, especializa\u00e7\u00e3o e atualiza\u00e7\u00e3o de conhecimentos.<\/p>\n<p>O CDEN adotar\u00e1 como a\u00e7\u00f5es:<\/p>\n<p>I \u2013 estabelecer fluxo de informa\u00e7\u00f5es entre as entidades e o Confea;<br \/>\nII \u2013 envidar esfor\u00e7os para contribuir com o Confea no aprimoramento e melhoria da legisla\u00e7\u00e3o que o rege, tendo como princ\u00edpio primordial a defesa dos interesses da sociedade;<br \/>\nIII \u2013 zelar pela \u00e9tica profissional e pelo aperfei\u00e7oamento do conte\u00fado e aplica\u00e7\u00e3o do c\u00f3digo de \u00e9tica profissional;<br \/>\nIV \u2013 contribuir com o planejamento estrat\u00e9gico do Sistema Confea\/Crea;<br \/>\nV \u2013 elaborar diagn\u00f3stico das Entidades Nacionais que comp\u00f5em o CDEN, identificando suas potencialidades, nas \u00e1reas de interesse e de atua\u00e7\u00e3o, fornecendo-o ao Confea;<br \/>\nVI \u2013 estimular o fortalecimento das entidades de classe;<br \/>\nVII \u2013 elaborar o plano anual de trabalho e o planejamento estrat\u00e9gico do CDEN;<br \/>\nVIII \u2013 participar na organiza\u00e7\u00e3o da Semana Oficial da Engenharia e Agronomia \u2013 SOEA e do Congresso Nacional de Profissionais \u2013 CNP;<br \/>\nIX \u2013 estimular as entidades nacionais \u00e0:<\/p>\n<p>a) apoiar a fiscaliza\u00e7\u00e3o do exerc\u00edcio profissional, promovendo campanhas de registro e fiscaliza\u00e7\u00e3o de atividades profissionais por pessoas f\u00edsicas e jur\u00eddicas;<br \/>\nb) definir temas para debate de teses e propostas sobre as grandes quest\u00f5es nacionais de interesse da categoria e da sociedade;<br \/>\nc) promover campanha permanente para divulga\u00e7\u00e3o e aplica\u00e7\u00e3o do C\u00f3digo de \u00e9tica Profissional;<br \/>\nd) articular com o poder legislativo para a aprova\u00e7\u00e3o de legisla\u00e7\u00e3o federal, estadual e municipal que trate de temas de interesse da sociedade;<br \/>\ne) promover, atrav\u00e9s de projetos de parceria, programas de educa\u00e7\u00e3o continuada, congressos, semin\u00e1rios, cursos de atualiza\u00e7\u00e3o; e<br \/>\nf) desenvolver tabelas de honor\u00e1rios profissionais.<\/p>\n<p>O Regimento do Col\u00e9gio de Entidades Nacionais \u2013 CDEN est\u00e1 aprovado pela\u00a0<a href=\"http:\/\/normativos.confea.org.br\/ementas\/visualiza.asp?idEmenta=54560&amp;idTiposEmentas=5&amp;Numero=1056&amp;AnoIni=&amp;AnoFim=&amp;PalavraChave=&amp;buscarem=conteudo&amp;vigente=\" target=\"_blank\" rel=\"noopener noreferrer\">Resolu\u00e7\u00e3o n\u00ba 1.056, de 30 de julho de 2014<\/a>.<\/p>\n<p>&nbsp;<\/p>\n<p><img loading=\"lazy\" decoding=\"async\" class=\"alignleft wp-image-14496 size-full\" src=\"https:\/\/creapb.org.br\/transparencia\/wp-content\/uploads\/2017\/07\/logo_CDEN.jpg\" alt=\"\" width=\"442\" height=\"105\" \/><\/p>\n<p>&nbsp;<\/p>\n<p style=\"text-align: center;\"><a href=\"http:\/\/transparencia.confea.org.br\/foruns-consultivos\/colegio-de-entidades-nacionais\/\"><strong>ACESSE AQUI A P\u00c1GINA DO CDEN PARA VISUALIZAR SUA COMPOSI\u00c7\u00c3O, CALEND\u00c1RIOS, REUNI\u00d5ES, PROPOSTAS E RELAT\u00d3RIOS FINAIS<\/strong><\/a><\/p>\n","protected":false},"excerpt":{"rendered":"<p>O Col\u00e9gio de Entidades Nacionais \u2013 CDEN \u00e9 um f\u00f3rum consultivo do Confea constitu\u00eddo pelas entidades nacionais representativas das profiss\u00f5es jurisdicionadas pelo Sistema Confea\/Crea e credenciadas junto ao Conselho Federal de Engenharia e Agronomia \u2013 Confea. O CDEN se instala quando convocado pelo Confea para: I \u2013 discutir sobre assuntos de interesse das profiss\u00f5es jurisdicionadas; II \u2013 propor projeto de normativos de interesse geral das profiss\u00f5es; e III \u2013 discutir e propor pol\u00edtica de forma\u00e7\u00e3o, especializa\u00e7\u00e3o e atualiza\u00e7\u00e3o de conhecimentos. O CDEN adotar\u00e1 como a\u00e7\u00f5es: I \u2013 estabelecer fluxo de informa\u00e7\u00f5es entre as entidades e o Confea; II \u2013 envidar [&hellip;]<\/p>\n","protected":false},"author":1,"featured_media":0,"parent":14320,"menu_order":0,"comment_status":"closed","ping_status":"closed","template":"","meta":{"_acf_changed":false,"footnotes":""},"class_list":["post-14326","page","type-page","status-publish","hentry"],"acf":[],"_links":{"self":[{"href":"https:\/\/creapb.org.br\/transparencia\/wp-json\/wp\/v2\/pages\/14326","targetHints":{"allow":["GET"]}}],"collection":[{"href":"https:\/\/creapb.org.br\/transparencia\/wp-json\/wp\/v2\/pages"}],"about":[{"href":"https:\/\/creapb.org.br\/transparencia\/wp-json\/wp\/v2\/types\/page"}],"author":[{"embeddable":true,"href":"https:\/\/creapb.org.br\/transparencia\/wp-json\/wp\/v2\/users\/1"}],"replies":[{"embeddable":true,"href":"https:\/\/creapb.org.br\/transparencia\/wp-json\/wp\/v2\/comments?post=14326"}],"version-history":[{"count":2,"href":"https:\/\/creapb.org.br\/transparencia\/wp-json\/wp\/v2\/pages\/14326\/revisions"}],"predecessor-version":[{"id":14497,"href":"https:\/\/creapb.org.br\/transparencia\/wp-json\/wp\/v2\/pages\/14326\/revisions\/14497"}],"up":[{"embeddable":true,"href":"https:\/\/creapb.org.br\/transparencia\/wp-json\/wp\/v2\/pages\/14320"}],"wp:attachment":[{"href":"https:\/\/creapb.org.br\/transparencia\/wp-json\/wp\/v2\/media?parent=14326"}],"curies":[{"name":"wp","href":"https:\/\/api.w.org\/{rel}","templated":true}]}}