{"id":14360,"date":"2017-07-06T14:44:35","date_gmt":"2017-07-06T17:44:35","guid":{"rendered":"http:\/\/creapb.org.br\/transparencia\/\/?page_id=14360"},"modified":"2025-03-19T14:49:31","modified_gmt":"2025-03-19T17:49:31","slug":"comissao-especial","status":"publish","type":"page","link":"https:\/\/creapb.org.br\/transparencia\/institucional-page\/comissoes\/comissao-especial\/","title":{"rendered":"Comiss\u00e3o Especial"},"content":{"rendered":"<p>A comiss\u00e3o especial \u00e9 o \u00f3rg\u00e3o que tem por finalidade auxiliar os \u00f3rg\u00e3os da estrutura b\u00e1sica no desenvolvimento de atividades de car\u00e1ter tempor\u00e1rio relacionadas a um tema espec\u00edfico de car\u00e1ter legal, t\u00e9cnico ou administrativo.<\/p>\n<div class=\"bts-camaras\">\n<div class=\"col-sm-6\"><a class=\"btn btn-info form-control\" href=\"https:\/\/creapb.org.br\/transparencia\/institucional-page\/comissoes\/comissao-especial\/comissao-especial-comissao-do-merito\/\">COMISS\u00c3O DO M\u00c9RITO<\/a><\/div>\n<div class=\"col-sm-6\"><a class=\"btn btn-info form-control\" href=\"https:\/\/creapb.org.br\/transparencia\/institucional-page\/comissoes\/comissao-especial\/comissao-especial-comissao-eleitoral-regional\/\">COMISS\u00c3O ELEITORAL REGIONAL<\/a><\/div>\n<div class=\"col-sm-6\"><a class=\"btn btn-info form-control\" href=\"https:\/\/creapb.org.br\/transparencia\/institucional-page\/comissoes\/comissao-especial\/comite-gestor-do-programa-mulher\/\">COMIT\u00ca GESTOR DO PROGRAMA MULHER<\/a><\/div>\n<div class=\"col-sm-6\"><a class=\"btn btn-info form-control\" href=\"https:\/\/creapb.org.br\/transparencia\/institucional-page\/comissoes\/comissao-permanente\/comissao-permanente-engenharia-de-seguranca-do-trabalho\/\">COMISS\u00c3O DE ENGENHARIA DE SEGURAN\u00c7A DO TRABALHO<\/a><\/div>\n<div class=\"col-sm-6\"><a class=\"btn btn-info form-control\" href=\"https:\/\/creapb.org.br\/transparencia\/institucional-page\/comissoes\/comissao-especial\/comissao-especial-representantes-das-modalidades-profissionais-sem-camara\/\">COMISS\u00c3O REPRESENTANTES DAS MODALIDADES PROFISSIONAIS &#8211; SEM C\u00c2MARA<\/a><\/div>\n<div class=\"col-sm-6\"><a class=\"btn btn-info form-control\" href=\"https:\/\/creapb.org.br\/transparencia\/institucional-page\/comissoes\/comissao-especial\/comissao-especial-crea-junior\/\">COMISS\u00c3O CREA J\u00daNIOR<\/a><\/div>\n<div class=\"col-sm-6\"><a class=\"btn btn-info form-control\" href=\"https:\/\/creapb.org.br\/transparencia\/comissao-especial-comissao-organizadora-congresso-estadual-de-profissionais\/\">COMISS\u00c3O ORGANIZADORA DO CONGRESSO ESTADUAL DE PROFISSIONAIS<\/a><\/div>\n<\/div>\n","protected":false},"excerpt":{"rendered":"<p>A comiss\u00e3o especial \u00e9 o \u00f3rg\u00e3o que tem por finalidade auxiliar os \u00f3rg\u00e3os da estrutura b\u00e1sica no desenvolvimento de atividades de car\u00e1ter tempor\u00e1rio relacionadas a um tema espec\u00edfico de car\u00e1ter legal, t\u00e9cnico ou administrativo. COMISS\u00c3O DO M\u00c9RITO COMISS\u00c3O ELEITORAL REGIONAL COMIT\u00ca GESTOR DO PROGRAMA MULHER COMISS\u00c3O DE ENGENHARIA DE SEGURAN\u00c7A DO TRABALHO COMISS\u00c3O REPRESENTANTES DAS MODALIDADES PROFISSIONAIS &#8211; SEM C\u00c2MARA COMISS\u00c3O CREA J\u00daNIOR COMISS\u00c3O ORGANIZADORA DO CONGRESSO ESTADUAL DE PROFISSIONAIS<\/p>\n","protected":false},"author":1,"featured_media":0,"parent":14356,"menu_order":0,"comment_status":"closed","ping_status":"closed","template":"","meta":{"_acf_changed":false,"footnotes":""},"class_list":["post-14360","page","type-page","status-publish","hentry"],"acf":[],"_links":{"self":[{"href":"https:\/\/creapb.org.br\/transparencia\/wp-json\/wp\/v2\/pages\/14360","targetHints":{"allow":["GET"]}}],"collection":[{"href":"https:\/\/creapb.org.br\/transparencia\/wp-json\/wp\/v2\/pages"}],"about":[{"href":"https:\/\/creapb.org.br\/transparencia\/wp-json\/wp\/v2\/types\/page"}],"author":[{"embeddable":true,"href":"https:\/\/creapb.org.br\/transparencia\/wp-json\/wp\/v2\/users\/1"}],"replies":[{"embeddable":true,"href":"https:\/\/creapb.org.br\/transparencia\/wp-json\/wp\/v2\/comments?post=14360"}],"version-history":[{"count":20,"href":"https:\/\/creapb.org.br\/transparencia\/wp-json\/wp\/v2\/pages\/14360\/revisions"}],"predecessor-version":[{"id":71102,"href":"https:\/\/creapb.org.br\/transparencia\/wp-json\/wp\/v2\/pages\/14360\/revisions\/71102"}],"up":[{"embeddable":true,"href":"https:\/\/creapb.org.br\/transparencia\/wp-json\/wp\/v2\/pages\/14356"}],"wp:attachment":[{"href":"https:\/\/creapb.org.br\/transparencia\/wp-json\/wp\/v2\/media?parent=14360"}],"curies":[{"name":"wp","href":"https:\/\/api.w.org\/{rel}","templated":true}]}}