{"id":14362,"date":"2017-07-06T14:45:00","date_gmt":"2017-07-06T17:45:00","guid":{"rendered":"http:\/\/creapb.org.br\/transparencia\/\/?page_id=14362"},"modified":"2021-04-26T15:58:56","modified_gmt":"2021-04-26T18:58:56","slug":"grupos-de-trabalho","status":"publish","type":"page","link":"https:\/\/creapb.org.br\/transparencia\/institucional-page\/comissoes\/grupos-de-trabalho\/","title":{"rendered":"Grupos de Trabalho"},"content":{"rendered":"<p>O grupo de trabalho \u00e9 \u00f3rg\u00e3o de car\u00e1ter tempor\u00e1rio que tem por finalidade subsidiar os \u00f3rg\u00e3os da estrutura b\u00e1sica e da estrutura de suporte por interm\u00e9dio do estudo de tema espec\u00edfico, objetivando fixar entendimentos e apresentar propostas. \u00c9 composto por conselheiros regionais ou por profissionais do Sistema Confea\/Crea em n\u00famero fixado pelo Plen\u00e1rio do Crea, tendo por base a complexidade do tema a ser estudado. O funcionamento do grupo de trabalho tem dura\u00e7\u00e3o m\u00e1xima de um ano.<\/p>\n<div class=\"bts-camaras\">\n<div class=\"col-sm-6\"><\/div>\n<\/div>\n","protected":false},"excerpt":{"rendered":"<p>O grupo de trabalho \u00e9 \u00f3rg\u00e3o de car\u00e1ter tempor\u00e1rio que tem por finalidade subsidiar os \u00f3rg\u00e3os da estrutura b\u00e1sica e da estrutura de suporte por interm\u00e9dio do estudo de tema espec\u00edfico, objetivando fixar entendimentos e apresentar propostas. \u00c9 composto por conselheiros regionais ou por profissionais do Sistema Confea\/Crea em n\u00famero fixado pelo Plen\u00e1rio do Crea, tendo por base a complexidade do tema a ser estudado. O funcionamento do grupo de trabalho tem dura\u00e7\u00e3o m\u00e1xima de um ano.<\/p>\n","protected":false},"author":1,"featured_media":0,"parent":14356,"menu_order":0,"comment_status":"closed","ping_status":"closed","template":"","meta":{"_acf_changed":false,"footnotes":""},"class_list":["post-14362","page","type-page","status-publish","hentry"],"acf":[],"_links":{"self":[{"href":"https:\/\/creapb.org.br\/transparencia\/wp-json\/wp\/v2\/pages\/14362","targetHints":{"allow":["GET"]}}],"collection":[{"href":"https:\/\/creapb.org.br\/transparencia\/wp-json\/wp\/v2\/pages"}],"about":[{"href":"https:\/\/creapb.org.br\/transparencia\/wp-json\/wp\/v2\/types\/page"}],"author":[{"embeddable":true,"href":"https:\/\/creapb.org.br\/transparencia\/wp-json\/wp\/v2\/users\/1"}],"replies":[{"embeddable":true,"href":"https:\/\/creapb.org.br\/transparencia\/wp-json\/wp\/v2\/comments?post=14362"}],"version-history":[{"count":7,"href":"https:\/\/creapb.org.br\/transparencia\/wp-json\/wp\/v2\/pages\/14362\/revisions"}],"predecessor-version":[{"id":45845,"href":"https:\/\/creapb.org.br\/transparencia\/wp-json\/wp\/v2\/pages\/14362\/revisions\/45845"}],"up":[{"embeddable":true,"href":"https:\/\/creapb.org.br\/transparencia\/wp-json\/wp\/v2\/pages\/14356"}],"wp:attachment":[{"href":"https:\/\/creapb.org.br\/transparencia\/wp-json\/wp\/v2\/media?parent=14362"}],"curies":[{"name":"wp","href":"https:\/\/api.w.org\/{rel}","templated":true}]}}