{"id":14364,"date":"2017-07-06T14:51:03","date_gmt":"2017-07-06T17:51:03","guid":{"rendered":"http:\/\/creapb.org.br\/transparencia\/\/?page_id=14364"},"modified":"2024-08-20T14:05:01","modified_gmt":"2024-08-20T17:05:01","slug":"estrutura-organizacional","status":"publish","type":"page","link":"https:\/\/creapb.org.br\/transparencia\/institucional-page\/estrutura-organizacional\/","title":{"rendered":"Estrutura Organizacional"},"content":{"rendered":"<p>A estrutura organizacional do Crea-PB \u00e9\u00a0respons\u00e1vel pelos servi\u00e7os administrativos, financeiros, jur\u00eddicos e t\u00e9cnicos e tem por finalidade prover apoio para o funcionamento da estrutura b\u00e1sica e da estrutura de suporte, para a fiscaliza\u00e7\u00e3o do exerc\u00edcio profissional e para a gest\u00e3o do Conselho Regional.<\/p>\n","protected":false},"excerpt":{"rendered":"<p>A estrutura organizacional do Crea-PB \u00e9\u00a0respons\u00e1vel pelos servi\u00e7os administrativos, financeiros, jur\u00eddicos e t\u00e9cnicos e tem por finalidade prover apoio para o funcionamento da estrutura b\u00e1sica e da estrutura de suporte, para a fiscaliza\u00e7\u00e3o do exerc\u00edcio profissional e para a gest\u00e3o do Conselho Regional.<\/p>\n","protected":false},"author":1,"featured_media":0,"parent":16,"menu_order":0,"comment_status":"closed","ping_status":"closed","template":"templates\/estrutura-organizacional.php","meta":{"_acf_changed":false,"footnotes":""},"class_list":["post-14364","page","type-page","status-publish","hentry"],"acf":[],"_links":{"self":[{"href":"https:\/\/creapb.org.br\/transparencia\/wp-json\/wp\/v2\/pages\/14364","targetHints":{"allow":["GET"]}}],"collection":[{"href":"https:\/\/creapb.org.br\/transparencia\/wp-json\/wp\/v2\/pages"}],"about":[{"href":"https:\/\/creapb.org.br\/transparencia\/wp-json\/wp\/v2\/types\/page"}],"author":[{"embeddable":true,"href":"https:\/\/creapb.org.br\/transparencia\/wp-json\/wp\/v2\/users\/1"}],"replies":[{"embeddable":true,"href":"https:\/\/creapb.org.br\/transparencia\/wp-json\/wp\/v2\/comments?post=14364"}],"version-history":[{"count":15,"href":"https:\/\/creapb.org.br\/transparencia\/wp-json\/wp\/v2\/pages\/14364\/revisions"}],"predecessor-version":[{"id":68153,"href":"https:\/\/creapb.org.br\/transparencia\/wp-json\/wp\/v2\/pages\/14364\/revisions\/68153"}],"up":[{"embeddable":true,"href":"https:\/\/creapb.org.br\/transparencia\/wp-json\/wp\/v2\/pages\/16"}],"wp:attachment":[{"href":"https:\/\/creapb.org.br\/transparencia\/wp-json\/wp\/v2\/media?parent=14364"}],"curies":[{"name":"wp","href":"https:\/\/api.w.org\/{rel}","templated":true}]}}