{"id":14746,"date":"2017-07-19T09:57:30","date_gmt":"2017-07-19T12:57:30","guid":{"rendered":"http:\/\/creapb.org.br\/transparencia\/?page_id=14746"},"modified":"2024-09-13T11:57:28","modified_gmt":"2024-09-13T14:57:28","slug":"planos-de-acao","status":"publish","type":"page","link":"https:\/\/creapb.org.br\/transparencia\/planejamento-page\/planejamento\/planos-de-acao\/","title":{"rendered":"Plano Anual de Trabalho"},"content":{"rendered":"<p><a href=\"https:\/\/creapb.org.br\/transparencia\/wp-content\/uploads\/2017\/07\/Plano-CREA-Volume-II-Planos-de-A\u00e7\u00e3o-capa-contracapaOK-ENVIADO-3.pdf\">Plano CREA Volume II Planos de A\u00e7\u00e3o capa contracapa<\/a><\/p>\n<p><a href=\"https:\/\/creapb.org.br\/transparencia\/wp-content\/uploads\/2021\/03\/20210324-pe-crea-pb-planilha-plano-de-ao-atualizada-out-2020.pdf\">CREA-PB Planilha Plano de A\u00e7\u00e3o 2019-2022\u00a0\u00a0<\/a><\/p>\n<p><a href=\"https:\/\/creapb.org.br\/transparencia\/planejamento\/planos-de-acao-2023-2024-crea-pb\/\">Planos de A\u00e7\u00e3o 2023-2024 Crea-PB<\/a><\/p>\n<p><a href=\"https:\/\/creapb.org.br\/transparencia\/planejamento\/planos-de-acao-2025-2027-crea-pb\/\">Planos de A\u00e7\u00e3o 2025-2027 Crea-PB<\/a><\/p>\n<p>&nbsp;<\/p>\n<p>&nbsp;<\/p>\n<p>&nbsp;<\/p>\n","protected":false},"excerpt":{"rendered":"<p>Plano CREA Volume II Planos de A\u00e7\u00e3o capa contracapa CREA-PB Planilha Plano de A\u00e7\u00e3o 2019-2022\u00a0\u00a0 Planos de A\u00e7\u00e3o 2023-2024 Crea-PB Planos de A\u00e7\u00e3o 2025-2027 Crea-PB &nbsp; &nbsp; &nbsp;<\/p>\n","protected":false},"author":1,"featured_media":0,"parent":14742,"menu_order":0,"comment_status":"closed","ping_status":"closed","template":"","meta":{"_acf_changed":false,"footnotes":""},"class_list":["post-14746","page","type-page","status-publish","hentry"],"acf":[],"_links":{"self":[{"href":"https:\/\/creapb.org.br\/transparencia\/wp-json\/wp\/v2\/pages\/14746","targetHints":{"allow":["GET"]}}],"collection":[{"href":"https:\/\/creapb.org.br\/transparencia\/wp-json\/wp\/v2\/pages"}],"about":[{"href":"https:\/\/creapb.org.br\/transparencia\/wp-json\/wp\/v2\/types\/page"}],"author":[{"embeddable":true,"href":"https:\/\/creapb.org.br\/transparencia\/wp-json\/wp\/v2\/users\/1"}],"replies":[{"embeddable":true,"href":"https:\/\/creapb.org.br\/transparencia\/wp-json\/wp\/v2\/comments?post=14746"}],"version-history":[{"count":11,"href":"https:\/\/creapb.org.br\/transparencia\/wp-json\/wp\/v2\/pages\/14746\/revisions"}],"predecessor-version":[{"id":68442,"href":"https:\/\/creapb.org.br\/transparencia\/wp-json\/wp\/v2\/pages\/14746\/revisions\/68442"}],"up":[{"embeddable":true,"href":"https:\/\/creapb.org.br\/transparencia\/wp-json\/wp\/v2\/pages\/14742"}],"wp:attachment":[{"href":"https:\/\/creapb.org.br\/transparencia\/wp-json\/wp\/v2\/media?parent=14746"}],"curies":[{"name":"wp","href":"https:\/\/api.w.org\/{rel}","templated":true}]}}