{"id":14761,"date":"2017-07-19T10:07:41","date_gmt":"2017-07-19T13:07:41","guid":{"rendered":"http:\/\/creapb.org.br\/transparencia\/?page_id=14761"},"modified":"2017-07-24T18:11:50","modified_gmt":"2017-07-24T21:11:50","slug":"consultas-publicas","status":"publish","type":"page","link":"https:\/\/creapb.org.br\/transparencia\/participacao-social\/consultas-publicas\/","title":{"rendered":"Consultas P\u00fablicas"},"content":{"rendered":"<p><img loading=\"lazy\" decoding=\"async\" class=\"size-medium wp-image-16314 alignleft\" src=\"https:\/\/creapb.org.br\/transparencia\/wp-content\/uploads\/2017\/07\/consulta_publicas-300x216.jpg\" alt=\"\" width=\"300\" height=\"216\" \/>O Sistema de Consultas P\u00fablicas do Confea tem o objetivo de coletar manifesta\u00e7\u00f5es de cidad\u00e3os em geral, e de profissionais ou estudantes das \u00e1reas tecnol\u00f3gicas em particular, sobre temas de interesse do Sistema Confea\/Crea.<\/p>\n<p>Neste sistema o cidad\u00e3o\u00a0encontrar\u00e1 tanto projetos de resolu\u00e7\u00f5es e\u00a0de decis\u00f5es normativas de compet\u00eancia do Confea, quanto projetos de leis e de decretos em tramita\u00e7\u00e3o no Congresso Nacional que afetam as profiss\u00f5es abrangidas pelo Sistema Confea\/Crea ou a seguran\u00e7a da sociedade.<\/p>\n<p>.<\/p>\n<p align=\"center\"><a class=\"btn btn-info\" href=\"http:\/\/consultapublica.confea.org.br\/\">ACESSE AQUI<\/a><\/p>\n","protected":false},"excerpt":{"rendered":"<p>O Sistema de Consultas P\u00fablicas do Confea tem o objetivo de coletar manifesta\u00e7\u00f5es de cidad\u00e3os em geral, e de profissionais ou estudantes das \u00e1reas tecnol\u00f3gicas em particular, sobre temas de interesse do Sistema Confea\/Crea. Neste sistema o cidad\u00e3o\u00a0encontrar\u00e1 tanto projetos de resolu\u00e7\u00f5es e\u00a0de decis\u00f5es normativas de compet\u00eancia do Confea, quanto projetos de leis e de decretos em tramita\u00e7\u00e3o no Congresso Nacional que afetam as profiss\u00f5es abrangidas pelo Sistema Confea\/Crea ou a seguran\u00e7a da sociedade. . ACESSE AQUI<\/p>\n","protected":false},"author":1,"featured_media":0,"parent":14754,"menu_order":0,"comment_status":"closed","ping_status":"closed","template":"","meta":{"_acf_changed":false,"footnotes":""},"class_list":["post-14761","page","type-page","status-publish","hentry"],"acf":[],"_links":{"self":[{"href":"https:\/\/creapb.org.br\/transparencia\/wp-json\/wp\/v2\/pages\/14761","targetHints":{"allow":["GET"]}}],"collection":[{"href":"https:\/\/creapb.org.br\/transparencia\/wp-json\/wp\/v2\/pages"}],"about":[{"href":"https:\/\/creapb.org.br\/transparencia\/wp-json\/wp\/v2\/types\/page"}],"author":[{"embeddable":true,"href":"https:\/\/creapb.org.br\/transparencia\/wp-json\/wp\/v2\/users\/1"}],"replies":[{"embeddable":true,"href":"https:\/\/creapb.org.br\/transparencia\/wp-json\/wp\/v2\/comments?post=14761"}],"version-history":[{"count":4,"href":"https:\/\/creapb.org.br\/transparencia\/wp-json\/wp\/v2\/pages\/14761\/revisions"}],"predecessor-version":[{"id":16316,"href":"https:\/\/creapb.org.br\/transparencia\/wp-json\/wp\/v2\/pages\/14761\/revisions\/16316"}],"up":[{"embeddable":true,"href":"https:\/\/creapb.org.br\/transparencia\/wp-json\/wp\/v2\/pages\/14754"}],"wp:attachment":[{"href":"https:\/\/creapb.org.br\/transparencia\/wp-json\/wp\/v2\/media?parent=14761"}],"curies":[{"name":"wp","href":"https:\/\/api.w.org\/{rel}","templated":true}]}}