{"id":14787,"date":"2017-07-19T10:57:38","date_gmt":"2017-07-19T13:57:38","guid":{"rendered":"http:\/\/creapb.org.br\/transparencia\/?page_id=14787"},"modified":"2020-02-28T13:12:57","modified_gmt":"2020-02-28T16:12:57","slug":"acordaos-do-tcu","status":"publish","type":"page","link":"https:\/\/creapb.org.br\/transparencia\/auditorias-page\/acordaos-do-tcu\/","title":{"rendered":"Ac\u00f3rd\u00e3os do TCU"},"content":{"rendered":"<p style=\"text-align: center;\"><a href=\"https:\/\/creapb.org.br\/transparencia\/wp-content\/uploads\/2017\/07\/Ac\u00f3rd\u00e3o-TCU-96-2016.pdf\">Ac\u00f3rd\u00e3o TCU 96-2016<\/a><\/p>\n<p style=\"text-align: center;\"><a href=\"https:\/\/creapb.org.br\/transparencia\/wp-content\/uploads\/2020\/02\/ACORDAO-TCU-1877-2018.pdf\">Ac\u00f3rd\u00e3o TCU 1877-2018<\/a><\/p>\n<p style=\"text-align: center;\"><a href=\"https:\/\/creapb.org.br\/transparencia\/wp-content\/uploads\/2017\/07\/ACORDAO-TCU-1925-2019.pdf\">Ac\u00f3rd\u00e3o TCU- 1925-2019<\/a><\/p>\n<p style=\"text-align: center;\"><a href=\"https:\/\/creapb.org.br\/transparencia\/wp-content\/uploads\/2017\/07\/ACORDAO-TCU-2653-2019.pdf\">Ac\u00f3rd\u00e3o TCU- 2653-2019<\/a><\/p>\n<p>&nbsp;<\/p>\n<p>&nbsp;<\/p>\n","protected":false},"excerpt":{"rendered":"<p>Ac\u00f3rd\u00e3o TCU 96-2016 Ac\u00f3rd\u00e3o TCU 1877-2018 Ac\u00f3rd\u00e3o TCU- 1925-2019 Ac\u00f3rd\u00e3o TCU- 2653-2019 &nbsp; &nbsp;<\/p>\n","protected":false},"author":1,"featured_media":0,"parent":14785,"menu_order":0,"comment_status":"closed","ping_status":"closed","template":"","meta":{"_acf_changed":false,"footnotes":""},"class_list":["post-14787","page","type-page","status-publish","hentry"],"acf":[],"_links":{"self":[{"href":"https:\/\/creapb.org.br\/transparencia\/wp-json\/wp\/v2\/pages\/14787","targetHints":{"allow":["GET"]}}],"collection":[{"href":"https:\/\/creapb.org.br\/transparencia\/wp-json\/wp\/v2\/pages"}],"about":[{"href":"https:\/\/creapb.org.br\/transparencia\/wp-json\/wp\/v2\/types\/page"}],"author":[{"embeddable":true,"href":"https:\/\/creapb.org.br\/transparencia\/wp-json\/wp\/v2\/users\/1"}],"replies":[{"embeddable":true,"href":"https:\/\/creapb.org.br\/transparencia\/wp-json\/wp\/v2\/comments?post=14787"}],"version-history":[{"count":6,"href":"https:\/\/creapb.org.br\/transparencia\/wp-json\/wp\/v2\/pages\/14787\/revisions"}],"predecessor-version":[{"id":40177,"href":"https:\/\/creapb.org.br\/transparencia\/wp-json\/wp\/v2\/pages\/14787\/revisions\/40177"}],"up":[{"embeddable":true,"href":"https:\/\/creapb.org.br\/transparencia\/wp-json\/wp\/v2\/pages\/14785"}],"wp:attachment":[{"href":"https:\/\/creapb.org.br\/transparencia\/wp-json\/wp\/v2\/media?parent=14787"}],"curies":[{"name":"wp","href":"https:\/\/api.w.org\/{rel}","templated":true}]}}