{"id":14795,"date":"2017-07-19T11:01:05","date_gmt":"2017-07-19T14:01:05","guid":{"rendered":"http:\/\/creapb.org.br\/transparencia\/?page_id=14795"},"modified":"2020-12-23T13:18:23","modified_gmt":"2020-12-23T16:18:23","slug":"controle-interno","status":"publish","type":"page","link":"https:\/\/creapb.org.br\/transparencia\/auditorias-page\/controle-interno\/","title":{"rendered":"Controle interno"},"content":{"rendered":"<p style=\"text-align: center;\">N\u00e3o h\u00e1 conte\u00fado a ser publicado, neste momento.<\/p>\n","protected":false},"excerpt":{"rendered":"<p>N\u00e3o h\u00e1 conte\u00fado a ser publicado, neste momento.<\/p>\n","protected":false},"author":1,"featured_media":0,"parent":14785,"menu_order":0,"comment_status":"closed","ping_status":"closed","template":"templates\/auditorias-controle-interno.php","meta":{"_acf_changed":false,"footnotes":""},"class_list":["post-14795","page","type-page","status-publish","hentry"],"acf":[],"_links":{"self":[{"href":"https:\/\/creapb.org.br\/transparencia\/wp-json\/wp\/v2\/pages\/14795","targetHints":{"allow":["GET"]}}],"collection":[{"href":"https:\/\/creapb.org.br\/transparencia\/wp-json\/wp\/v2\/pages"}],"about":[{"href":"https:\/\/creapb.org.br\/transparencia\/wp-json\/wp\/v2\/types\/page"}],"author":[{"embeddable":true,"href":"https:\/\/creapb.org.br\/transparencia\/wp-json\/wp\/v2\/users\/1"}],"replies":[{"embeddable":true,"href":"https:\/\/creapb.org.br\/transparencia\/wp-json\/wp\/v2\/comments?post=14795"}],"version-history":[{"count":2,"href":"https:\/\/creapb.org.br\/transparencia\/wp-json\/wp\/v2\/pages\/14795\/revisions"}],"predecessor-version":[{"id":17703,"href":"https:\/\/creapb.org.br\/transparencia\/wp-json\/wp\/v2\/pages\/14795\/revisions\/17703"}],"up":[{"embeddable":true,"href":"https:\/\/creapb.org.br\/transparencia\/wp-json\/wp\/v2\/pages\/14785"}],"wp:attachment":[{"href":"https:\/\/creapb.org.br\/transparencia\/wp-json\/wp\/v2\/media?parent=14795"}],"curies":[{"name":"wp","href":"https:\/\/api.w.org\/{rel}","templated":true}]}}