{"id":21651,"date":"2017-10-31T11:59:17","date_gmt":"2017-10-31T13:59:17","guid":{"rendered":"http:\/\/creapb.org.br\/transparencia\/?page_id=21651"},"modified":"2017-10-31T11:59:17","modified_gmt":"2017-10-31T13:59:17","slug":"formulario-para-pedido-de-acesso-a-informac%cc%a7a%cc%83oreclamac%cc%a7a%cc%83ointerposic%cc%a7a%cc%83o-de-recurso-pessoa-fisica","status":"publish","type":"page","link":"https:\/\/creapb.org.br\/transparencia\/formulario-para-pedido-de-acesso-a-informac%cc%a7a%cc%83oreclamac%cc%a7a%cc%83ointerposic%cc%a7a%cc%83o-de-recurso-pessoa-fisica\/","title":{"rendered":"Formula\u0301rio para Pedido de Acesso a\u0300 Informac\u0327a\u0303o\/Reclamac\u0327a\u0303o\/Interposic\u0327a\u0303o de Recurso Pessoa F\u00edsica"},"content":{"rendered":"<p>[gravityform id=&#8221;2&#8243; name=&#8221;Pedido &#8211; Acesso a Informa\u00e7\u00e3o &#8211; PF&#8221; title=&#8221;false&#8221; description=&#8221;false&#8221;]<\/p>\n","protected":false},"excerpt":{"rendered":"<p>[gravityform id=&#8221;2&#8243; name=&#8221;Pedido &#8211; Acesso a Informa\u00e7\u00e3o &#8211; PF&#8221; title=&#8221;false&#8221; description=&#8221;false&#8221;]<\/p>\n","protected":false},"author":1,"featured_media":0,"parent":0,"menu_order":0,"comment_status":"closed","ping_status":"closed","template":"","meta":{"_acf_changed":false,"footnotes":""},"class_list":["post-21651","page","type-page","status-publish","hentry"],"acf":[],"_links":{"self":[{"href":"https:\/\/creapb.org.br\/transparencia\/wp-json\/wp\/v2\/pages\/21651","targetHints":{"allow":["GET"]}}],"collection":[{"href":"https:\/\/creapb.org.br\/transparencia\/wp-json\/wp\/v2\/pages"}],"about":[{"href":"https:\/\/creapb.org.br\/transparencia\/wp-json\/wp\/v2\/types\/page"}],"author":[{"embeddable":true,"href":"https:\/\/creapb.org.br\/transparencia\/wp-json\/wp\/v2\/users\/1"}],"replies":[{"embeddable":true,"href":"https:\/\/creapb.org.br\/transparencia\/wp-json\/wp\/v2\/comments?post=21651"}],"version-history":[{"count":1,"href":"https:\/\/creapb.org.br\/transparencia\/wp-json\/wp\/v2\/pages\/21651\/revisions"}],"predecessor-version":[{"id":21652,"href":"https:\/\/creapb.org.br\/transparencia\/wp-json\/wp\/v2\/pages\/21651\/revisions\/21652"}],"wp:attachment":[{"href":"https:\/\/creapb.org.br\/transparencia\/wp-json\/wp\/v2\/media?parent=21651"}],"curies":[{"name":"wp","href":"https:\/\/api.w.org\/{rel}","templated":true}]}}