{"id":29745,"date":"2018-12-14T21:00:09","date_gmt":"2018-12-14T23:00:09","guid":{"rendered":"http:\/\/creapb.org.br\/transparencia\/?page_id=29745"},"modified":"2018-12-14T21:00:09","modified_gmt":"2018-12-14T23:00:09","slug":"cartas-de-servicos","status":"publish","type":"page","link":"https:\/\/creapb.org.br\/transparencia\/planejamento-page\/servicos-oferecidos\/cartas-de-servicos\/","title":{"rendered":"Cartas de Servi\u00e7os"},"content":{"rendered":"<h4>A Carta de Servi\u00e7os \u00e9 um documento elaborado para informar os cidad\u00e3os sobre os servi\u00e7os prestados pelo Conselho, como ter acesso a esses servi\u00e7os, os compromissos e padr\u00f5es de atendimento.<\/h4>\n<p><a href=\"https:\/\/creapb.org.br\/transparencia\/wp-content\/uploads\/2017\/07\/carta-de-servicos.compressed-1.pdf\">ACESSE AQUI A CARTA DE SERVI\u00c7OS DO CREA-PB<\/a><\/p>\n<p><a href=\"http:\/\/transparencia.confea.org.br\/servicos-oferecidos\/\">ACESSE AQUI A CARTA DE SERVI\u00c7OS DO CONFEA<\/a><\/p>\n<p><a href=\"http:\/\/acervoobrasintelectuais.confea.org.br\/\">ACESSE AQUI O ACERVO DE OBRAS INTELECTUAIS DO CONFEA<\/a><\/p>\n","protected":false},"excerpt":{"rendered":"<p>A Carta de Servi\u00e7os \u00e9 um documento elaborado para informar os cidad\u00e3os sobre os servi\u00e7os prestados pelo Conselho, como ter acesso a esses servi\u00e7os, os compromissos e padr\u00f5es de atendimento. ACESSE AQUI A CARTA DE SERVI\u00c7OS DO CREA-PB ACESSE AQUI A CARTA DE SERVI\u00c7OS DO CONFEA ACESSE AQUI O ACERVO DE OBRAS INTELECTUAIS DO CONFEA<\/p>\n","protected":false},"author":1,"featured_media":0,"parent":14752,"menu_order":0,"comment_status":"closed","ping_status":"closed","template":"","meta":{"_acf_changed":false,"footnotes":""},"class_list":["post-29745","page","type-page","status-publish","hentry"],"acf":[],"_links":{"self":[{"href":"https:\/\/creapb.org.br\/transparencia\/wp-json\/wp\/v2\/pages\/29745","targetHints":{"allow":["GET"]}}],"collection":[{"href":"https:\/\/creapb.org.br\/transparencia\/wp-json\/wp\/v2\/pages"}],"about":[{"href":"https:\/\/creapb.org.br\/transparencia\/wp-json\/wp\/v2\/types\/page"}],"author":[{"embeddable":true,"href":"https:\/\/creapb.org.br\/transparencia\/wp-json\/wp\/v2\/users\/1"}],"replies":[{"embeddable":true,"href":"https:\/\/creapb.org.br\/transparencia\/wp-json\/wp\/v2\/comments?post=29745"}],"version-history":[{"count":1,"href":"https:\/\/creapb.org.br\/transparencia\/wp-json\/wp\/v2\/pages\/29745\/revisions"}],"predecessor-version":[{"id":29746,"href":"https:\/\/creapb.org.br\/transparencia\/wp-json\/wp\/v2\/pages\/29745\/revisions\/29746"}],"up":[{"embeddable":true,"href":"https:\/\/creapb.org.br\/transparencia\/wp-json\/wp\/v2\/pages\/14752"}],"wp:attachment":[{"href":"https:\/\/creapb.org.br\/transparencia\/wp-json\/wp\/v2\/media?parent=29745"}],"curies":[{"name":"wp","href":"https:\/\/api.w.org\/{rel}","templated":true}]}}