{"id":29747,"date":"2018-12-14T21:01:08","date_gmt":"2018-12-14T23:01:08","guid":{"rendered":"http:\/\/creapb.org.br\/transparencia\/?page_id=29747"},"modified":"2025-10-21T15:29:25","modified_gmt":"2025-10-21T18:29:25","slug":"relatorio-estatistico-sobre-os-servicos-oferecidos","status":"publish","type":"page","link":"https:\/\/creapb.org.br\/transparencia\/planejamento-page\/servicos-oferecidos\/relatorio-estatistico-sobre-os-servicos-oferecidos\/","title":{"rendered":"Relat\u00f3rio Estat\u00edstico sobre os Servi\u00e7os Oferecidos"},"content":{"rendered":"<p><span style=\"color: #000080;\"><a style=\"color: #000080;\" href=\"https:\/\/creapb.org.br\/transparencia\/wp-content\/uploads\/2020\/06\/20200630-doc03799920191213164026.pdf\">RELAT\u00d3RIO DE SERVI\u00c7OS PRESTADOS AO P\u00daBLICO (NOV. E DEZ. 2018 &#8211; NOV. 2019)<\/a><\/span><\/p>\n<p><span style=\"color: #000080;\"><a style=\"color: #000080;\" href=\"https:\/\/creapb.org.br\/transparencia\/wp-content\/uploads\/2017\/07\/Report_039024.pdf\">RELAT\u00d3RIO DE SERVI\u00c7OS PRESTADOS AO P\u00daBLICO (PRIMEIRO TRIMESTRE 2018)<\/a><\/span><\/p>\n<p><span style=\"color: #000080;\"><a style=\"color: #000080;\" href=\"https:\/\/creapb.org.br\/transparencia\/wp-content\/uploads\/2017\/07\/BRN001BA9E2369F_046409.pdf\">RELAT\u00d3RIO DE SERVI\u00c7OS PRESTADOS AO P\u00daBLICO (SEGUNDO TRIMESTRE 2018)<\/a><\/span><\/p>\n<p><span style=\"color: #000080;\"><a style=\"color: #000080;\" href=\"https:\/\/creapb.org.br\/transparencia\/wp-content\/uploads\/2018\/12\/doc00588520181123091713.pdf\">RELAT\u00d3RIO DE SERVI\u00c7OS PRESTADOS AO P\u00daBLICO (TERCEIRO TRIMESTRE 2018)<\/a><\/span><\/p>\n<p><span style=\"color: #000080;\"><a style=\"color: #000080;\" href=\"https:\/\/creapb.org.br\/transparencia\/wp-content\/uploads\/2018\/12\/doc03799920191213164026-1.pdf\">RELAT\u00d3RIO DE SERVI\u00c7OS PRESTADOS AO P\u00daBLICO (NOV DE 2018 a NOV 2019)<\/a><\/span><\/p>\n<p><span style=\"color: #000080;\"><a style=\"color: #000080;\" href=\"https:\/\/creapb.org.br\/transparencia\/wp-content\/uploads\/2020\/09\/20200925-untitled_07232020_083521.pdf\">RELAT\u00d3RIO DE SERVI\u00c7OS PRESTADOS AO P\u00daBLICO (PRIMEIRO SEMESTRE DE 2020)<\/a><\/span><\/p>\n<p><span style=\"color: #000080;\"><a style=\"color: #000080;\" href=\"https:\/\/creapb.org.br\/transparencia\/wp-content\/uploads\/2020\/11\/20201112-untitled_11122020_113134-3.pdf\">RELAT\u00d3RIO DE SERVI\u00c7OS PRESTADOS AO P\u00daBLICO (TERCEIRO TRIMESTRE DE 2020)<\/a><\/span><\/p>\n<p><span style=\"color: #000080;\"><a style=\"color: #000080;\" href=\"https:\/\/creapb.org.br\/transparencia\/wp-content\/uploads\/2021\/02\/20210205-tabela-de-servios-prestados-nov-dez-2020-1.pdf\">RELAT\u00d3RIO DE SERVI\u00c7OS PRESTADOS AO P\u00daBLICO (NOV E DEZ DE 2020)<\/a><\/span><\/p>\n<p><span style=\"color: #000080;\"><a style=\"color: #000080;\" href=\"https:\/\/creapb.org.br\/transparencia\/wp-content\/uploads\/2021\/04\/20210430-untitled_04052021_110842.pdf\">RELAT\u00d3RIO DE SERVI\u00c7OS PRESTADOS AO P\u00daBLICO (PRIMEIRO TRIMESTRE DE 2021)<\/a><\/span><\/p>\n<p><span style=\"color: #000080;\"><a style=\"color: #000080;\" href=\"https:\/\/creapb.org.br\/transparencia\/wp-content\/uploads\/2021\/09\/20210922-untitled_08252021_113640.pdf\">RELAT\u00d3RIO DE SERVI\u00c7OS PRESTADOS AO P\u00daBLICO (SEGUNDO TRIMESTRE DE 2021)<\/a><\/span><\/p>\n<p><a href=\"https:\/\/creapb.org.br\/transparencia\/wp-content\/uploads\/2022\/06\/20220615-untitled_06152022_135512-2.pdf\">RELAT\u00d3RIO DE SERVI\u00c7OS PRESTADOS AO P\u00daBLICO (NOV E DEZEMBRO DE 2021)<\/a><\/p>\n<p><a href=\"https:\/\/creapb.org.br\/transparencia\/wp-content\/uploads\/2022\/06\/20220617-tabela-2022.pdf\">RELAT\u00d3RIO DE SERVI\u00c7OS PRESTADOS AO P\u00daBLICO\u00a0 \u00a0(JANEIRO A MAIO DE 2022)<\/a><\/p>\n<p><a href=\"https:\/\/creapb.org.br\/transparencia\/wp-content\/uploads\/2022\/09\/20220912-relatrio-de-servios-prestados-ao-pblico-junho-e-julho-de-2022.xlsx\">RELAT\u00d3RIO DE SERVI\u00c7OS PRESTADOS AO P\u00daBLICO\u00a0 \u00a0(JUNHO E JULHO DE 2022)<\/a><\/p>\n<p><a href=\"https:\/\/creapb.org.br\/transparencia\/wp-content\/uploads\/2022\/10\/20221017-relatrio-de-servios-prestados-ao-pblico-agosto-de-2022.pdf\">RELAT\u00d3RIO DE SERVI\u00c7OS PRESTADOS AO P\u00daBLICO\u00a0 \u00a0(AGOSTO DE 2022)<\/a><\/p>\n<p><a href=\"https:\/\/creapb.org.br\/transparencia\/wp-content\/uploads\/2022\/10\/20221017-relatrio-de-servios-prestados-ao-pblico-setembro-de-2022.pdf\">RELAT\u00d3RIO DE SERVI\u00c7OS PRESTADOS AO P\u00daBLICO\u00a0 \u00a0(SETEMBRO DE 2022)<\/a><\/p>\n<p><a href=\"https:\/\/creapb.org.br\/transparencia\/wp-content\/uploads\/2022\/11\/20221101-relatrio-de-servios-prestados-ao-pblico-outubro-de-2022.pdf\">RELAT\u00d3RIO DE SERVI\u00c7OS PRESTADOS AO P\u00daBLICO\u00a0 \u00a0(OUTUBRO DE 2022)<\/a><\/p>\n<p><a href=\"https:\/\/creapb.org.br\/transparencia\/wp-content\/uploads\/2022\/12\/20221207-relatrio-de-servios-prestados-ao-pblico-novembro-de-2022.pdf\">RELAT\u00d3RIO DE SERVI\u00c7OS PRESTADOS AO P\u00daBLICO\u00a0 \u00a0(NOVEMBRO DE 2022)<\/a><\/p>\n<p><a href=\"https:\/\/creapb.org.br\/transparencia\/wp-content\/uploads\/2023\/01\/20230103-relatrio-de-servios-prestados-ao-pblico-dezembro-de-2022.pdf\">RELAT\u00d3RIO DE SERVI\u00c7OS PRESTADOS AO P\u00daBLICO\u00a0 \u00a0(DEZEMBRO DE 2022)<\/a><\/p>\n<p><a href=\"https:\/\/creapb.org.br\/transparencia\/wp-content\/uploads\/2023\/02\/20230210-relatorio-de-servicos-prestados-ao-publico-janeiro-de-2023.pdf\">RELAT\u00d3RIO DE SERVI\u00c7OS PRESTADOS AO P\u00daBLICO\u00a0 \u00a0(JANEIRO DE 2023)<\/a><\/p>\n<p><a href=\"https:\/\/creapb.org.br\/transparencia\/wp-content\/uploads\/2023\/03\/20230316-relatorio-de-servicos-prestados-ao-publico-fevereiro-de-2023.pdf\">RELAT\u00d3RIO DE SERVI\u00c7OS PRESTADOS AO P\u00daBLICO\u00a0 \u00a0(FEVEREIRO DE 2023)<\/a><\/p>\n<p><a href=\"https:\/\/creapb.org.br\/transparencia\/wp-content\/uploads\/2023\/05\/20230517-relatorio-de-servicos-prestados-ao-publico-marco-de-2023.pdf\">RELAT\u00d3RIO DE SERVI\u00c7OS PRESTADOS AO P\u00daBLICO\u00a0 \u00a0(MAR\u00c7O DE 2023)<\/a><\/p>\n<p><a href=\"https:\/\/creapb.org.br\/transparencia\/wp-content\/uploads\/2023\/05\/20230517-relatorio-de-servicos-prestados-ao-publico-abril-de-2023.pdf\">RELAT\u00d3RIO DE SERVI\u00c7OS PRESTADOS AO P\u00daBLICO\u00a0 \u00a0(ABRIL DE 2023)<\/a><\/p>\n<p><a href=\"https:\/\/creapb.org.br\/transparencia\/wp-content\/uploads\/2023\/06\/20230602-relatorio-de-servicos-prestados-ao-publico-maio-de-2023.pdf\">RELAT\u00d3RIO DE SERVI\u00c7OS PRESTADOS AO P\u00daBLICO\u00a0 \u00a0(MAIO DE 2023)<\/a><\/p>\n<p><a href=\"https:\/\/creapb.org.br\/transparencia\/wp-content\/uploads\/2023\/08\/20230816-relatorio-de-servicos-prestados-ao-publico-junho-de-2023.pdf\">RELAT\u00d3RIO DE SERVI\u00c7OS PRESTADOS AO P\u00daBLICO\u00a0 \u00a0(JUNHO DE 2023)<\/a><\/p>\n<p><a href=\"https:\/\/creapb.org.br\/transparencia\/wp-content\/uploads\/2023\/08\/20230816-relatorio-de-servicos-prestados-ao-publico-julho-de-2023.pdf\">RELAT\u00d3RIO DE SERVI\u00c7OS PRESTADOS AO P\u00daBLICO\u00a0 \u00a0(JULHO DE 2023)<\/a><\/p>\n<p><a href=\"https:\/\/creapb.org.br\/transparencia\/wp-content\/uploads\/2023\/09\/20230915-relatorio-de-servicos-prestados-ao-publico-agosto-de-2023.pdf\">RELAT\u00d3RIO DE SERVI\u00c7OS PRESTADOS AO P\u00daBLICO\u00a0 \u00a0(AGOSTO DE 2023)<\/a><\/p>\n<p><a href=\"https:\/\/creapb.org.br\/transparencia\/wp-content\/uploads\/2023\/10\/20231024-relatorio-de-servicos-prestados-ao-publico-setembro-de-2023.pdf\">RELAT\u00d3RIO DE SERVI\u00c7OS PRESTADOS AO P\u00daBLICO\u00a0 \u00a0(SETEMBRO DE 2023)<\/a><\/p>\n<p><a href=\"https:\/\/creapb.org.br\/transparencia\/wp-content\/uploads\/2023\/11\/20231124-relatorio-de-servicos-prestados-ao-publico-outubro-de-2023.pdf\">RELAT\u00d3RIO DE SERVI\u00c7OS PRESTADOS AO P\u00daBLICO\u00a0 \u00a0(OUTUBRO DE 2023)<\/a><\/p>\n<p><a href=\"https:\/\/creapb.org.br\/transparencia\/wp-content\/uploads\/2024\/01\/20240115-relatorio-de-servicos-prestados-ao-publico-novembro-de-2023.pdf\">RELAT\u00d3RIO DE SERVI\u00c7OS PRESTADOS AO P\u00daBLICO\u00a0 \u00a0(NOVEMBRO DE 2023)<\/a><\/p>\n<p><a href=\"https:\/\/creapb.org.br\/transparencia\/wp-content\/uploads\/2024\/02\/20240222-relatorio-de-servicos-prestados-ao-publico-dezembro-de-2023.pdf\">RELAT\u00d3RIO DE SERVI\u00c7OS PRESTADOS AO P\u00daBLICO\u00a0 \u00a0(DEZEMBRO DE 2023)<\/a><\/p>\n<p><a href=\"https:\/\/creapb.org.br\/transparencia\/wp-content\/uploads\/2024\/03\/20240327-relatorio-de-servicos-prestados-ao-publico-janeiro-de-2024.pdf\">RELAT\u00d3RIO DE SERVI\u00c7OS PRESTADOS AO P\u00daBLICO\u00a0 \u00a0(JANEIRO DE 2024)<\/a><\/p>\n<p><a href=\"https:\/\/creapb.org.br\/transparencia\/wp-content\/uploads\/2024\/04\/20240403-relatorio-de-servicos-prestados-ao-publico-fevereiro-de-2024.pdf\">RELAT\u00d3RIO DE SERVI\u00c7OS PRESTADOS AO P\u00daBLICO (FEVEREIRO DE 2024)<\/a><\/p>\n<p><a href=\"https:\/\/creapb.org.br\/transparencia\/wp-content\/uploads\/2024\/04\/20240404-relatorio-de-servicos-prestados-ao-publico-marco-de-2024.pdf\">RELAT\u00d3RIO DE SERVI\u00c7OS PRESTADOS AO P\u00daBLICO (MAR\u00c7O DE 2024)<\/a><\/p>\n<p><a href=\"https:\/\/creapb.org.br\/transparencia\/wp-content\/uploads\/2024\/05\/20240509-relatorio-de-servicos-prestados-ao-publico-abril-de-2024.pdf\">RELAT\u00d3RIO DE SERVI\u00c7OS PRESTADOS AO P\u00daBLICO (ABRIL DE 2024)<\/a><\/p>\n<p><a href=\"https:\/\/creapb.org.br\/transparencia\/wp-content\/uploads\/2024\/06\/20240613-relatorio-de-servicos-prestados-ao-publico-maio-de-2024.pdf\">RELAT\u00d3RIO DE SERVI\u00c7OS PRESTADOS AO P\u00daBLICO (MAIO DE 2024)<\/a><\/p>\n<p><a href=\"https:\/\/creapb.org.br\/transparencia\/wp-content\/uploads\/2024\/07\/20240716-relatorio-de-servicos-prestados-ao-publico-junho-de-2024.pdf\">RELAT\u00d3RIO DE SERVI\u00c7OS PRESTADOS AO P\u00daBLICO (JUNHO DE 2024)<\/a><\/p>\n<p><a href=\"https:\/\/creapb.org.br\/transparencia\/wp-content\/uploads\/2024\/08\/20240828-relatorio-de-servicos-prestados-ao-publico-julho-de-2024.pdf\">RELAT\u00d3RIO DE SERVI\u00c7OS PRESTADOS AO P\u00daBLICO (JULHO DE 2024)<\/a><\/p>\n<p><a href=\"https:\/\/creapb.org.br\/transparencia\/wp-content\/uploads\/2024\/09\/20240924-relatorio-de-servicos-prestados-ao-publico-agosto-de-2024-1.pdf\">RELAT\u00d3RIO DE SERVI\u00c7OS PRESTADOS AO P\u00daBLICO (AGOSTO DE 2024)<\/a><\/p>\n<p><a href=\"https:\/\/creapb.org.br\/transparencia\/wp-content\/uploads\/2024\/11\/20241105-relatorio-de-servicos-prestados-ao-publico-setembro-de-2024.pdf\">RELAT\u00d3RIO DE SERVI\u00c7OS PRESTADOS AO P\u00daBLICO (SETEMBRO DE 2024)<\/a><\/p>\n<p><a href=\"https:\/\/creapb.org.br\/transparencia\/wp-content\/uploads\/2024\/11\/20241107-relatorio-de-servicos-prestados-ao-publico-outubro-de-2024.pdf\">RELAT\u00d3RIO DE SERVI\u00c7OS PRESTADOS AO P\u00daBLICO (OUTUBRO DE 2024)<\/a><\/p>\n<p><a href=\"https:\/\/creapb.org.br\/transparencia\/wp-content\/uploads\/2025\/02\/20250219-relatorio-de-servicos-prestados-ao-publico-novembro-de-2024.pdf\">RELAT\u00d3RIO DE SERVI\u00c7OS PRESTADOS AO P\u00daBLICO\u00a0 \u00a0(NOVEMBRO DE 2024)<\/a><\/p>\n<p><a href=\"https:\/\/creapb.org.br\/transparencia\/wp-content\/uploads\/2025\/02\/20250220-relatorio-de-servicos-prestados-ao-publico-dezembro-de-2024.pdf\">RELAT\u00d3RIO DE SERVI\u00c7OS PRESTADOS AO P\u00daBLICO\u00a0 \u00a0(DEZEMBRO DE 2024)<\/a><\/p>\n<p><a href=\"https:\/\/creapb.org.br\/transparencia\/wp-content\/uploads\/2025\/02\/20250226-relatorio-de-servicos-prestados-ao-publico-janeiro-de-2025.pdf\">RELAT\u00d3RIO DE SERVI\u00c7OS PRESTADOS AO P\u00daBLICO\u00a0 \u00a0(JANEIRO DE 2025)<\/a><\/p>\n<p><a href=\"https:\/\/creapb.org.br\/transparencia\/wp-content\/uploads\/2025\/04\/20250411-relatorio-de-servicos-prestados-ao-publico-fevereiro-de-2025.pdf\">RELAT\u00d3RIO DE SERVI\u00c7OS PRESTADOS AO P\u00daBLICO\u00a0 \u00a0(FEVEREIRO DE 2025)<\/a><\/p>\n<p><a href=\"https:\/\/creapb.org.br\/transparencia\/wp-content\/uploads\/2025\/04\/20250428-relatorio-de-servicos-prestados-ao-publico-marco-de-2025.pdf\">RELAT\u00d3RIO DE SERVI\u00c7OS PRESTADOS AO P\u00daBLICO (MAR\u00c7O DE 2025)<\/a><\/p>\n<p><a href=\"https:\/\/creapb.org.br\/transparencia\/wp-content\/uploads\/2025\/06\/20250603-relatorio-de-servicos-prestados-ao-publico-abril-de-2025.pdf\">RELAT\u00d3RIO DE SERVI\u00c7OS PRESTADOS AO P\u00daBLICO (ABRIL DE 2025)<\/a><\/p>\n<p><a href=\"https:\/\/creapb.org.br\/transparencia\/wp-content\/uploads\/2025\/06\/20250627-relatorio-de-servicos-prestados-ao-publico-maio-de-2025.pdf\">RELAT\u00d3RIO DE SERVI\u00c7OS PRESTADOS AO P\u00daBLICO (MAIO DE 2025)<\/a><\/p>\n<p><a href=\"https:\/\/creapb.org.br\/transparencia\/wp-content\/uploads\/2025\/07\/20250716-relatorio-de-servicos-prestados-ao-publico-junho-de-2025.pdf\">RELAT\u00d3RIO DE SERVI\u00c7OS PRESTADOS AO P\u00daBLICO (JUNHO DE 2025)<\/a><\/p>\n<p><a href=\"https:\/\/creapb.org.br\/transparencia\/wp-content\/uploads\/2025\/08\/20250811-relatorio-de-servicos-prestados-ao-publico-julho-de-2025.pdf\">RELAT\u00d3RIO DE SERVI\u00c7OS PRESTADOS AO P\u00daBLICO (JULHO DE 2025)<\/a><\/p>\n<p><a href=\"https:\/\/creapb.org.br\/transparencia\/wp-content\/uploads\/2025\/10\/20251021-relatorio-de-servicos-prestados-ao-publico-agosto-de-2025.pdf\">RELAT\u00d3RIO DE SERVI\u00c7OS PRESTADOS AO P\u00daBLICO (AGOSTO DE 2025)<\/a><\/p>\n<p><a href=\"https:\/\/creapb.org.br\/transparencia\/wp-content\/uploads\/2025\/10\/20251021-relatorio-de-servicos-prestados-ao-publico-setembro-de-2025.pdf\">RELAT\u00d3RIO DE SERVI\u00c7OS PRESTADOS AO P\u00daBLICO (SETEMBRO DE 2025)<\/a><\/p>\n","protected":false},"excerpt":{"rendered":"<p>RELAT\u00d3RIO DE SERVI\u00c7OS PRESTADOS AO P\u00daBLICO (NOV. E DEZ. 2018 &#8211; NOV. 2019) RELAT\u00d3RIO DE SERVI\u00c7OS PRESTADOS AO P\u00daBLICO (PRIMEIRO TRIMESTRE 2018) RELAT\u00d3RIO DE SERVI\u00c7OS PRESTADOS AO P\u00daBLICO (SEGUNDO TRIMESTRE 2018) RELAT\u00d3RIO DE SERVI\u00c7OS PRESTADOS AO P\u00daBLICO (TERCEIRO TRIMESTRE 2018) RELAT\u00d3RIO DE SERVI\u00c7OS PRESTADOS AO P\u00daBLICO (NOV DE 2018 a NOV 2019) RELAT\u00d3RIO DE SERVI\u00c7OS PRESTADOS AO P\u00daBLICO (PRIMEIRO SEMESTRE DE 2020) RELAT\u00d3RIO DE SERVI\u00c7OS PRESTADOS AO P\u00daBLICO (TERCEIRO TRIMESTRE DE 2020) RELAT\u00d3RIO DE SERVI\u00c7OS PRESTADOS AO P\u00daBLICO (NOV E DEZ DE 2020) RELAT\u00d3RIO DE SERVI\u00c7OS PRESTADOS AO P\u00daBLICO (PRIMEIRO TRIMESTRE DE 2021) RELAT\u00d3RIO DE SERVI\u00c7OS PRESTADOS AO P\u00daBLICO (SEGUNDO [&hellip;]<\/p>\n","protected":false},"author":1,"featured_media":0,"parent":14752,"menu_order":0,"comment_status":"closed","ping_status":"closed","template":"","meta":{"_acf_changed":false,"footnotes":""},"class_list":["post-29747","page","type-page","status-publish","hentry"],"acf":[],"_links":{"self":[{"href":"https:\/\/creapb.org.br\/transparencia\/wp-json\/wp\/v2\/pages\/29747","targetHints":{"allow":["GET"]}}],"collection":[{"href":"https:\/\/creapb.org.br\/transparencia\/wp-json\/wp\/v2\/pages"}],"about":[{"href":"https:\/\/creapb.org.br\/transparencia\/wp-json\/wp\/v2\/types\/page"}],"author":[{"embeddable":true,"href":"https:\/\/creapb.org.br\/transparencia\/wp-json\/wp\/v2\/users\/1"}],"replies":[{"embeddable":true,"href":"https:\/\/creapb.org.br\/transparencia\/wp-json\/wp\/v2\/comments?post=29747"}],"version-history":[{"count":97,"href":"https:\/\/creapb.org.br\/transparencia\/wp-json\/wp\/v2\/pages\/29747\/revisions"}],"predecessor-version":[{"id":72676,"href":"https:\/\/creapb.org.br\/transparencia\/wp-json\/wp\/v2\/pages\/29747\/revisions\/72676"}],"up":[{"embeddable":true,"href":"https:\/\/creapb.org.br\/transparencia\/wp-json\/wp\/v2\/pages\/14752"}],"wp:attachment":[{"href":"https:\/\/creapb.org.br\/transparencia\/wp-json\/wp\/v2\/media?parent=29747"}],"curies":[{"name":"wp","href":"https:\/\/api.w.org\/{rel}","templated":true}]}}