{"id":30528,"date":"2019-01-14T12:07:18","date_gmt":"2019-01-14T14:07:18","guid":{"rendered":"http:\/\/creapb.org.br\/transparencia\/?page_id=30528"},"modified":"2019-01-21T16:49:27","modified_gmt":"2019-01-21T18:49:27","slug":"quadro-demonstrativo-de-parcerias","status":"publish","type":"page","link":"https:\/\/creapb.org.br\/transparencia\/convenios-e-transferencias\/quadro-demonstrativo-de-parcerias\/","title":{"rendered":"Quadro Demonstrativo de Parcerias"},"content":{"rendered":"<p style=\"text-align: center;\">N\u00e3o h\u00e1 conte\u00fado para publica\u00e7\u00e3o.<\/p>\n","protected":false},"excerpt":{"rendered":"<p>N\u00e3o h\u00e1 conte\u00fado para publica\u00e7\u00e3o.<\/p>\n","protected":false},"author":1,"featured_media":0,"parent":14804,"menu_order":0,"comment_status":"closed","ping_status":"closed","template":"templates\/quadro-de-parcerias.php","meta":{"_acf_changed":false,"footnotes":""},"class_list":["post-30528","page","type-page","status-publish","hentry"],"acf":[],"_links":{"self":[{"href":"https:\/\/creapb.org.br\/transparencia\/wp-json\/wp\/v2\/pages\/30528","targetHints":{"allow":["GET"]}}],"collection":[{"href":"https:\/\/creapb.org.br\/transparencia\/wp-json\/wp\/v2\/pages"}],"about":[{"href":"https:\/\/creapb.org.br\/transparencia\/wp-json\/wp\/v2\/types\/page"}],"author":[{"embeddable":true,"href":"https:\/\/creapb.org.br\/transparencia\/wp-json\/wp\/v2\/users\/1"}],"replies":[{"embeddable":true,"href":"https:\/\/creapb.org.br\/transparencia\/wp-json\/wp\/v2\/comments?post=30528"}],"version-history":[{"count":3,"href":"https:\/\/creapb.org.br\/transparencia\/wp-json\/wp\/v2\/pages\/30528\/revisions"}],"predecessor-version":[{"id":30862,"href":"https:\/\/creapb.org.br\/transparencia\/wp-json\/wp\/v2\/pages\/30528\/revisions\/30862"}],"up":[{"embeddable":true,"href":"https:\/\/creapb.org.br\/transparencia\/wp-json\/wp\/v2\/pages\/14804"}],"wp:attachment":[{"href":"https:\/\/creapb.org.br\/transparencia\/wp-json\/wp\/v2\/media?parent=30528"}],"curies":[{"name":"wp","href":"https:\/\/api.w.org\/{rel}","templated":true}]}}