{"id":43,"date":"2016-09-21T13:37:05","date_gmt":"2016-09-21T16:37:05","guid":{"rendered":"http:\/\/creapb.org.br\/transparencia\/?page_id=43"},"modified":"2017-07-21T16:58:33","modified_gmt":"2017-07-21T19:58:33","slug":"confea","status":"publish","type":"page","link":"https:\/\/creapb.org.br\/transparencia\/legislacao-page\/confea\/","title":{"rendered":"Confea"},"content":{"rendered":"<p><img loading=\"lazy\" decoding=\"async\" class=\"size-medium wp-image-15719 alignleft\" src=\"https:\/\/creapb.org.br\/transparencia\/wp-content\/uploads\/2016\/09\/banner-lai-2017-768x768-300x300.jpg\" alt=\"\" width=\"300\" height=\"300\" \/><\/p>\n<p>&nbsp;<\/p>\n<p>&nbsp;<\/p>\n<p>Nesta se\u00e7\u00e3o \u00e9\u00a0divulgada a legisla\u00e7\u00e3o do Sistema Confea\/Crea, abarcando tanto leis e decretos, quanto resolu\u00e7\u00f5es, decis\u00f5es normativas e decis\u00f5es plen\u00e1rias baixadas pelo Confea e Crea e atos normativos baixados pelos Creas que regulamentam ou\u00a0regem o exerc\u00edcio das profiss\u00f5es da agronomia, engenharia, geologia, geografia e meteorologia.<\/p>\n<p>&nbsp;<\/p>\n<p align=\"center\"><a class=\"btn btn-info\" href=\"http:\/\/transparencia.confea.org.br\/\">ACESSE AQUI O SISTEMA DE CONSULTA \u00c0 LEGISLA\u00c7\u00c3O DO CONFEA<\/a><\/p>\n","protected":false},"excerpt":{"rendered":"<p>&nbsp; &nbsp; Nesta se\u00e7\u00e3o \u00e9\u00a0divulgada a legisla\u00e7\u00e3o do Sistema Confea\/Crea, abarcando tanto leis e decretos, quanto resolu\u00e7\u00f5es, decis\u00f5es normativas e decis\u00f5es plen\u00e1rias baixadas pelo Confea e Crea e atos normativos baixados pelos Creas que regulamentam ou\u00a0regem o exerc\u00edcio das profiss\u00f5es da agronomia, engenharia, geologia, geografia e meteorologia. &nbsp; ACESSE AQUI O SISTEMA DE CONSULTA \u00c0 LEGISLA\u00c7\u00c3O DO CONFEA<\/p>\n","protected":false},"author":1,"featured_media":0,"parent":14376,"menu_order":0,"comment_status":"closed","ping_status":"closed","template":"","meta":{"_acf_changed":false,"footnotes":""},"class_list":["post-43","page","type-page","status-publish","hentry"],"acf":[],"_links":{"self":[{"href":"https:\/\/creapb.org.br\/transparencia\/wp-json\/wp\/v2\/pages\/43","targetHints":{"allow":["GET"]}}],"collection":[{"href":"https:\/\/creapb.org.br\/transparencia\/wp-json\/wp\/v2\/pages"}],"about":[{"href":"https:\/\/creapb.org.br\/transparencia\/wp-json\/wp\/v2\/types\/page"}],"author":[{"embeddable":true,"href":"https:\/\/creapb.org.br\/transparencia\/wp-json\/wp\/v2\/users\/1"}],"replies":[{"embeddable":true,"href":"https:\/\/creapb.org.br\/transparencia\/wp-json\/wp\/v2\/comments?post=43"}],"version-history":[{"count":5,"href":"https:\/\/creapb.org.br\/transparencia\/wp-json\/wp\/v2\/pages\/43\/revisions"}],"predecessor-version":[{"id":15720,"href":"https:\/\/creapb.org.br\/transparencia\/wp-json\/wp\/v2\/pages\/43\/revisions\/15720"}],"up":[{"embeddable":true,"href":"https:\/\/creapb.org.br\/transparencia\/wp-json\/wp\/v2\/pages\/14376"}],"wp:attachment":[{"href":"https:\/\/creapb.org.br\/transparencia\/wp-json\/wp\/v2\/media?parent=43"}],"curies":[{"name":"wp","href":"https:\/\/api.w.org\/{rel}","templated":true}]}}