{"id":44753,"date":"2024-03-27T14:00:34","date_gmt":"2024-03-27T17:00:34","guid":{"rendered":"http:\/\/creapb.org.br\/transparencia\/?page_id=44753"},"modified":"2025-03-12T16:33:16","modified_gmt":"2025-03-12T19:33:16","slug":"modelo-de-negocio","status":"publish","type":"page","link":"https:\/\/creapb.org.br\/transparencia\/planejamento-page\/modelo-de-negocio\/","title":{"rendered":"Modelo de Neg\u00f3cio"},"content":{"rendered":"<p>Atualizado em 12\/03\/2025<\/p>\n<p>&nbsp;<\/p>\n<p><a href=\"https:\/\/creapb.org.br\/transparencia\/planejamento\/modelo-de-negocio-2024-crea-pb\/\" target=\"_blank\" rel=\"noopener\">Modelo de Neg\u00f3cio 2024 Crea-PB<\/a><\/p>\n<p><a href=\"https:\/\/creapb.org.br\/transparencia\/wp-content\/uploads\/2024\/03\/20240327-modelo-de-negocio-2023-crea-pb.pdf\">Modelo de Neg\u00f3cio 2023 Crea-PB<\/a><\/p>\n<p><a href=\"https:\/\/creapb.org.br\/transparencia\/planejamento\/modelo-de-negocio-2022-crea-pb\/\">Modelo de Neg\u00f3cio 2022 Crea-PB<\/a><\/p>\n<p><a href=\"https:\/\/creapb.org.br\/transparencia\/planejamento\/modelo-de-negocio-2021-crea-pb\/\">Modelo de Neg\u00f3cio 2021 Crea-PB<\/a><\/p>\n<p style=\"text-align: left;\"><a href=\"https:\/\/creapb.org.br\/transparencia\/planejamento\/modelo-de-negocio-2020-crea-pb\/\">Modelo de Neg\u00f3cio 2020 Crea-PB<\/a><\/p>\n<p>&nbsp;<\/p>\n<p>&nbsp;<\/p>\n<p>&nbsp;<\/p>\n","protected":false},"excerpt":{"rendered":"<p>Atualizado em 12\/03\/2025 &nbsp; Modelo de Neg\u00f3cio 2024 Crea-PB Modelo de Neg\u00f3cio 2023 Crea-PB Modelo de Neg\u00f3cio 2022 Crea-PB Modelo de Neg\u00f3cio 2021 Crea-PB Modelo de Neg\u00f3cio 2020 Crea-PB &nbsp; &nbsp; &nbsp;<\/p>\n","protected":false},"author":1,"featured_media":0,"parent":14740,"menu_order":0,"comment_status":"closed","ping_status":"closed","template":"templates\/planejamento-valor-publico.php","meta":{"_acf_changed":false,"footnotes":""},"class_list":["post-44753","page","type-page","status-publish","hentry"],"acf":[],"_links":{"self":[{"href":"https:\/\/creapb.org.br\/transparencia\/wp-json\/wp\/v2\/pages\/44753","targetHints":{"allow":["GET"]}}],"collection":[{"href":"https:\/\/creapb.org.br\/transparencia\/wp-json\/wp\/v2\/pages"}],"about":[{"href":"https:\/\/creapb.org.br\/transparencia\/wp-json\/wp\/v2\/types\/page"}],"author":[{"embeddable":true,"href":"https:\/\/creapb.org.br\/transparencia\/wp-json\/wp\/v2\/users\/1"}],"replies":[{"embeddable":true,"href":"https:\/\/creapb.org.br\/transparencia\/wp-json\/wp\/v2\/comments?post=44753"}],"version-history":[{"count":12,"href":"https:\/\/creapb.org.br\/transparencia\/wp-json\/wp\/v2\/pages\/44753\/revisions"}],"predecessor-version":[{"id":71060,"href":"https:\/\/creapb.org.br\/transparencia\/wp-json\/wp\/v2\/pages\/44753\/revisions\/71060"}],"up":[{"embeddable":true,"href":"https:\/\/creapb.org.br\/transparencia\/wp-json\/wp\/v2\/pages\/14740"}],"wp:attachment":[{"href":"https:\/\/creapb.org.br\/transparencia\/wp-json\/wp\/v2\/media?parent=44753"}],"curies":[{"name":"wp","href":"https:\/\/api.w.org\/{rel}","templated":true}]}}